{"id":658,"date":"2019-08-04T22:51:59","date_gmt":"2019-08-04T22:51:59","guid":{"rendered":"https:\/\/mgamp.com\/site\/?post_type=product&#038;p=658"},"modified":"2019-08-11T12:42:58","modified_gmt":"2019-08-11T12:42:58","slug":"firebird","status":"publish","type":"product","link":"https:\/\/mgamp.com\/site\/produkt\/firebird\/","title":{"rendered":"Firebird 20"},"content":{"rendered":"<h2>Firebird 20<\/h2>\n<p>Firebird to ca\u0142kowicie lampowy wzmacniacz o konstrukcji 2 kana\u0142owej z zastosowaniem osobnej korekcji dla ka\u017cdego z kana\u0142\u00f3w. Przedwzmacniacz zbudowany jest w oparciu o 2 lampy 12AX7(ECC83).\u00a0 Driver (inverter) ko\u0144c\u00f3wki mocy wykorzystuje 1 lamp\u0119 ECC83 . Ko\u0144c\u00f3wka mocy oparta jest na 2 lampach EL84 JJ( 20 wat\u00f3w)\u00a0 lub 4 lampach EL84 (40wat\u00f3w) .\u00a0 Firebird jest zbli\u017cony brzmieniowo do modelu\u00a0 Fendmess, a moc 20 watt (lub 40 watt)\u00a0 z mo\u017cliwo\u015bcia prze\u0142\u0105czenia na 5 watt ukierunkowuje ten wzmacniacz jako idealny do studia czy grania klubowego a tak\u017ce do \u0107wiczenia w domu. Dzi\u0119ki wyj\u015bciu line out mo\u017cemy pod\u0142\u0105czy\u0107 ten head do zewn\u0119trznej ko\u0144c\u00f3wki mocy i gra\u0107 nawet na du\u017cej scenie.<\/p>\n<p>Kana\u0142 CLEAN (czysty) jest zbudowany w typowym uk\u0142adzie fendera- to klasyka czystych brzmie\u0144 ,a kana\u0142 LEAD nie pozostawia nawet cienia w\u0105tpliwo\u015bci co do jego czysto metalowych preferencji. Zmienna charakterystyka pracy ko\u0144c\u00f3wki mocy (prze\u0142. MODERN\/VINTAGE) daje du\u017co wi\u0119ksze mo\u017cliwo\u015bci brzmieniowe zw\u0142aszcza w zakresie przesterowanych barw. Zalecamy ten wzmacniacz tak\u017ce do niskiego stroju gitar ze wzgl\u0119du na bardzo selektywne przenoszenie niskiego pasma, co zosta\u0142o uzyskane przez zastosowanie mi\u0119dzy innymi masywnych transformator\u00f3w zasilacza oraz g\u0142o\u015bnikowego.<br \/>\nDo budowy wzmacniacza zastosowano wysokiej jako\u015bci podzespo\u0142y, r\u0119cznie wykonane transformatory.\u00a0 R\u0119czny monta\u017c ca\u0142ej elektroniki (nie lutujemy na tzw fali!!!) powoduje \u017ce ten wzmacniacz doskonale znosi trudy transportu na pr\u00f3by czy koncerty. W ko\u0144cu sprz\u0119t na scen\u0119 to nie sprz\u0119t hifi postawiony w ciep\u0142ym pokoju i od czasu do czasu tylko w\u0142\u0105czany &#8230;.tutaj liczy sie niezawodno\u015b\u0107!!!<\/p>\n<h2><em>Specyfikacja:<\/em><\/h2>\n<ul>\n<li>Dost\u0119pne warianty: Head<\/li>\n<li>Lampy:3x ECC83 S-JJ &amp; 2xEL84JJ(20watt) \/4xEL84JJ(40watt)<\/li>\n<li>Ceramiczne podstawki lamp<\/li>\n<li>Moc: 20Watt lub 40 watt ko\u0144c\u00f3wka mocy:push-pull ,klasa AB<\/li>\n<li>potencjometr Output Power- redukcja mocy 1-20watt \/ 2-40watt<\/li>\n<li>prze\u0142\u0105cznik PENTODA\/TRIODA<\/li>\n<li>prze\u0142acznik MODERN\/VINTAGE<\/li>\n<li>Wej\u015bcie gitarowe JACK(6,3mm)<\/li>\n<li>P\u0119tla efekt\u00f3w:szeregowa<\/li>\n<li>Wyj\u015bcia g\u0142o\u015bnikowe:2xJack( 6,3mm); Prze\u0142acznik 4,8,16 OHM<\/li>\n<li>Wyj\u015bcie liniowe (0dB)<\/li>\n<li>Wyj\u015bcie FOOSWITCH<\/li>\n<li>Przedwzmacniacz: 2 kana\u0142y(LEAD,CLEAN)<\/li>\n<li>LEAD: 3 punktowe EQ,GAIN,VOLUME<\/li>\n<li>CLEAN: 3 punktowe EQ,GAIN,VOLUME<\/li>\n<li>Regulacja PRESENCE<\/li>\n<li>Opcje dodatkowe: REVERB:Accutronnics (8EB2C1B), FX bypas ,prostownik lampowy EZ81(20 watt) lub GZ34(40 watt)<\/li>\n<li>Prze\u0142\u0105cznik no\u017cny CHANNEL (opcjonalnie :Channel, FX bypas, Reverb)<\/li>\n<li>Wymiary: d\u0142ugo\u015b\u0107 -430mm, g\u0142\u0119boko\u015b\u0107 -232, wysoko\u015b\u0107 -225mm<\/li>\n<li>Waga: 13kg<\/li>\n<\/ul>\n<p>Firebird 40 Lead Channel \u00a0 \/MG \/ Celestion V- type<\/p>\n<!--[if lt IE 9]><script>document.createElement('audio');<\/script><![endif]-->\n<audio class=\"wp-audio-shortcode\" id=\"audio-658-1\" preload=\"none\" style=\"width: 100%;\" controls=\"controls\"><source type=\"audio\/mpeg\" src=\"https:\/\/mgamp.com\/site\/wp-content\/uploads\/2017\/06\/firebird-40_drive.mp3?_=1\" \/><a href=\"https:\/\/mgamp.com\/site\/wp-content\/uploads\/2017\/06\/firebird-40_drive.mp3\">https:\/\/mgamp.com\/site\/wp-content\/uploads\/2017\/06\/firebird-40_drive.mp3<\/a><\/audio>\n<p>&nbsp;<\/p>\n<p>Firebird Lead Channel 1\u00a0 \/MG<\/p>\n<audio class=\"wp-audio-shortcode\" id=\"audio-658-2\" preload=\"none\" style=\"width: 100%;\" controls=\"controls\"><source type=\"audio\/mpeg\" src=\"https:\/\/mgamp.com\/site\/wp-content\/uploads\/2015\/12\/firebird-ld.mp3?_=2\" \/><a href=\"https:\/\/mgamp.com\/site\/wp-content\/uploads\/2015\/12\/firebird-ld.mp3\">https:\/\/mgamp.com\/site\/wp-content\/uploads\/2015\/12\/firebird-ld.mp3<\/a><\/audio>\n<p>&nbsp;<\/p>\n<p>Firebird Lead Channel 2 \/\u00a0 gain 3, bass 4, mid 4, treble 5, volume 3 &#8211; modern , pentode\/ G12T75<\/p>\n<audio class=\"wp-audio-shortcode\" id=\"audio-658-3\" preload=\"none\" style=\"width: 100%;\" controls=\"controls\"><source type=\"audio\/mpeg\" src=\"https:\/\/mgamp.com\/site\/wp-content\/uploads\/2016\/01\/firebird20_1.mp3?_=3\" \/><a href=\"https:\/\/mgamp.com\/site\/wp-content\/uploads\/2016\/01\/firebird20_1.mp3\">https:\/\/mgamp.com\/site\/wp-content\/uploads\/2016\/01\/firebird20_1.mp3<\/a><\/audio>\n","protected":false},"excerpt":{"rendered":"<p><strong>Lampowy wzmacniacz gitarowy &#8211; FIREBIRD 20<br \/>\n<\/strong><\/p>\n<p>Konstrukcja: lampowa, moc 20 watt z p\u0142ynn\u0105 redukcj\u0105 redukcja do 1 wata , 2 kana\u0142y, p\u0119tla efekt\u00f3w.<\/p>\n<p>Typ brzmienia: high gain \/clean -metal, hard rock, rock ,blues<\/p>\n<p>Produkt wy\u0142\u0105cznie na zam\u00f3wienie! Termin realizacji od 4-8 tyg.<\/p>\n<p>Wymagana przedp\u0142ata cz\u0119\u015bci kwoty.<\/p>\n","protected":false},"featured_media":213,"comment_status":"closed","ping_status":"closed","template":"","meta":[],"product_brand":[],"product_cat":[30],"product_tag":[],"class_list":{"0":"post-658","1":"product","2":"type-product","3":"status-publish","4":"has-post-thumbnail","6":"product_cat-wzmacniacze","8":"first","9":"onbackorder","10":"taxable","11":"shipping-taxable","12":"purchasable","13":"product-type-variable","14":"has-default-attributes"},"yoast_head":"<!-- This site is optimized with the Yoast SEO plugin v27.5 - https:\/\/yoast.com\/product\/yoast-seo-wordpress\/ -->\n<title>Firebird 20 - MG AMPLIFICATION<\/title>\n<meta name=\"robots\" content=\"index, follow, max-snippet:-1, max-image-preview:large, max-video-preview:-1\" \/>\n<link rel=\"canonical\" href=\"https:\/\/mgamp.com\/site\/produkt\/firebird\/\" \/>\n<meta property=\"og:locale\" content=\"pl_PL\" \/>\n<meta property=\"og:type\" content=\"article\" \/>\n<meta property=\"og:title\" content=\"Firebird 20 - MG AMPLIFICATION\" \/>\n<meta property=\"og:description\" content=\"Lampowy wzmacniacz gitarowy - FIREBIRD 20   Konstrukcja: lampowa, moc 20 watt z p\u0142ynn\u0105 redukcj\u0105 redukcja do 1 wata , 2 kana\u0142y, p\u0119tla efekt\u00f3w.  Typ brzmienia: high gain \/clean -metal, hard rock, rock ,blues  Produkt wy\u0142\u0105cznie na zam\u00f3wienie! Termin realizacji od 4-8 tyg.  Wymagana przedp\u0142ata cz\u0119\u015bci kwoty.\" \/>\n<meta property=\"og:url\" content=\"https:\/\/mgamp.com\/site\/produkt\/firebird\/\" \/>\n<meta property=\"og:site_name\" content=\"MG AMPLIFICATION\" \/>\n<meta property=\"article:modified_time\" content=\"2019-08-11T12:42:58+00:00\" \/>\n<meta property=\"og:image\" content=\"https:\/\/mgamp.com\/site\/wp-content\/uploads\/2015\/05\/firebird_m-Small.jpg\" \/>\n\t<meta property=\"og:image:width\" content=\"640\" \/>\n\t<meta property=\"og:image:height\" content=\"475\" \/>\n\t<meta property=\"og:image:type\" content=\"image\/jpeg\" \/>\n<meta name=\"twitter:card\" content=\"summary_large_image\" \/>\n<meta name=\"twitter:label1\" content=\"Szacowany czas czytania\" \/>\n\t<meta name=\"twitter:data1\" content=\"2 minuty\" \/>\n<script type=\"application\/ld+json\" class=\"yoast-schema-graph\">{\"@context\":\"https:\\\/\\\/schema.org\",\"@graph\":[{\"@type\":\"WebPage\",\"@id\":\"https:\\\/\\\/mgamp.com\\\/site\\\/produkt\\\/firebird\\\/\",\"url\":\"https:\\\/\\\/mgamp.com\\\/site\\\/produkt\\\/firebird\\\/\",\"name\":\"Firebird 20 - MG AMPLIFICATION\",\"isPartOf\":{\"@id\":\"https:\\\/\\\/mgamp.com\\\/site\\\/#website\"},\"primaryImageOfPage\":{\"@id\":\"https:\\\/\\\/mgamp.com\\\/site\\\/produkt\\\/firebird\\\/#primaryimage\"},\"image\":{\"@id\":\"https:\\\/\\\/mgamp.com\\\/site\\\/produkt\\\/firebird\\\/#primaryimage\"},\"thumbnailUrl\":\"https:\\\/\\\/mgamp.com\\\/site\\\/wp-content\\\/uploads\\\/2015\\\/05\\\/firebird_m-Small.jpg\",\"datePublished\":\"2019-08-04T22:51:59+00:00\",\"dateModified\":\"2019-08-11T12:42:58+00:00\",\"breadcrumb\":{\"@id\":\"https:\\\/\\\/mgamp.com\\\/site\\\/produkt\\\/firebird\\\/#breadcrumb\"},\"inLanguage\":\"pl-PL\",\"potentialAction\":[{\"@type\":\"ReadAction\",\"target\":[\"https:\\\/\\\/mgamp.com\\\/site\\\/produkt\\\/firebird\\\/\"]}]},{\"@type\":\"ImageObject\",\"inLanguage\":\"pl-PL\",\"@id\":\"https:\\\/\\\/mgamp.com\\\/site\\\/produkt\\\/firebird\\\/#primaryimage\",\"url\":\"https:\\\/\\\/mgamp.com\\\/site\\\/wp-content\\\/uploads\\\/2015\\\/05\\\/firebird_m-Small.jpg\",\"contentUrl\":\"https:\\\/\\\/mgamp.com\\\/site\\\/wp-content\\\/uploads\\\/2015\\\/05\\\/firebird_m-Small.jpg\",\"width\":640,\"height\":475,\"caption\":\"Firebird head\"},{\"@type\":\"BreadcrumbList\",\"@id\":\"https:\\\/\\\/mgamp.com\\\/site\\\/produkt\\\/firebird\\\/#breadcrumb\",\"itemListElement\":[{\"@type\":\"ListItem\",\"position\":1,\"name\":\"Strona g\u0142\u00f3wna\",\"item\":\"https:\\\/\\\/mgamp.com\\\/site\\\/\"},{\"@type\":\"ListItem\",\"position\":2,\"name\":\"Sklep\",\"item\":\"https:\\\/\\\/mgamp.com\\\/site\\\/sklep\\\/\"},{\"@type\":\"ListItem\",\"position\":3,\"name\":\"Firebird 20\"}]},{\"@type\":\"WebSite\",\"@id\":\"https:\\\/\\\/mgamp.com\\\/site\\\/#website\",\"url\":\"https:\\\/\\\/mgamp.com\\\/site\\\/\",\"name\":\"MG AMPLIFICATION\",\"description\":\"Gitarowe wzmacniacze lampowe\",\"potentialAction\":[{\"@type\":\"SearchAction\",\"target\":{\"@type\":\"EntryPoint\",\"urlTemplate\":\"https:\\\/\\\/mgamp.com\\\/site\\\/?s={search_term_string}\"},\"query-input\":{\"@type\":\"PropertyValueSpecification\",\"valueRequired\":true,\"valueName\":\"search_term_string\"}}],\"inLanguage\":\"pl-PL\"}]}<\/script>\n<!-- \/ Yoast SEO plugin. -->","yoast_head_json":{"title":"Firebird 20 - MG AMPLIFICATION","robots":{"index":"index","follow":"follow","max-snippet":"max-snippet:-1","max-image-preview":"max-image-preview:large","max-video-preview":"max-video-preview:-1"},"canonical":"https:\/\/mgamp.com\/site\/produkt\/firebird\/","og_locale":"pl_PL","og_type":"article","og_title":"Firebird 20 - MG AMPLIFICATION","og_description":"Lampowy wzmacniacz gitarowy - FIREBIRD 20   Konstrukcja: lampowa, moc 20 watt z p\u0142ynn\u0105 redukcj\u0105 redukcja do 1 wata , 2 kana\u0142y, p\u0119tla efekt\u00f3w.  Typ brzmienia: high gain \/clean -metal, hard rock, rock ,blues  Produkt wy\u0142\u0105cznie na zam\u00f3wienie! Termin realizacji od 4-8 tyg.  Wymagana przedp\u0142ata cz\u0119\u015bci kwoty.","og_url":"https:\/\/mgamp.com\/site\/produkt\/firebird\/","og_site_name":"MG AMPLIFICATION","article_modified_time":"2019-08-11T12:42:58+00:00","og_image":[{"width":640,"height":475,"url":"https:\/\/mgamp.com\/site\/wp-content\/uploads\/2015\/05\/firebird_m-Small.jpg","type":"image\/jpeg"}],"twitter_card":"summary_large_image","twitter_misc":{"Szacowany czas czytania":"2 minuty"},"schema":{"@context":"https:\/\/schema.org","@graph":[{"@type":"WebPage","@id":"https:\/\/mgamp.com\/site\/produkt\/firebird\/","url":"https:\/\/mgamp.com\/site\/produkt\/firebird\/","name":"Firebird 20 - MG AMPLIFICATION","isPartOf":{"@id":"https:\/\/mgamp.com\/site\/#website"},"primaryImageOfPage":{"@id":"https:\/\/mgamp.com\/site\/produkt\/firebird\/#primaryimage"},"image":{"@id":"https:\/\/mgamp.com\/site\/produkt\/firebird\/#primaryimage"},"thumbnailUrl":"https:\/\/mgamp.com\/site\/wp-content\/uploads\/2015\/05\/firebird_m-Small.jpg","datePublished":"2019-08-04T22:51:59+00:00","dateModified":"2019-08-11T12:42:58+00:00","breadcrumb":{"@id":"https:\/\/mgamp.com\/site\/produkt\/firebird\/#breadcrumb"},"inLanguage":"pl-PL","potentialAction":[{"@type":"ReadAction","target":["https:\/\/mgamp.com\/site\/produkt\/firebird\/"]}]},{"@type":"ImageObject","inLanguage":"pl-PL","@id":"https:\/\/mgamp.com\/site\/produkt\/firebird\/#primaryimage","url":"https:\/\/mgamp.com\/site\/wp-content\/uploads\/2015\/05\/firebird_m-Small.jpg","contentUrl":"https:\/\/mgamp.com\/site\/wp-content\/uploads\/2015\/05\/firebird_m-Small.jpg","width":640,"height":475,"caption":"Firebird head"},{"@type":"BreadcrumbList","@id":"https:\/\/mgamp.com\/site\/produkt\/firebird\/#breadcrumb","itemListElement":[{"@type":"ListItem","position":1,"name":"Strona g\u0142\u00f3wna","item":"https:\/\/mgamp.com\/site\/"},{"@type":"ListItem","position":2,"name":"Sklep","item":"https:\/\/mgamp.com\/site\/sklep\/"},{"@type":"ListItem","position":3,"name":"Firebird 20"}]},{"@type":"WebSite","@id":"https:\/\/mgamp.com\/site\/#website","url":"https:\/\/mgamp.com\/site\/","name":"MG AMPLIFICATION","description":"Gitarowe wzmacniacze lampowe","potentialAction":[{"@type":"SearchAction","target":{"@type":"EntryPoint","urlTemplate":"https:\/\/mgamp.com\/site\/?s={search_term_string}"},"query-input":{"@type":"PropertyValueSpecification","valueRequired":true,"valueName":"search_term_string"}}],"inLanguage":"pl-PL"}]}},"_links":{"self":[{"href":"https:\/\/mgamp.com\/site\/wp-json\/wp\/v2\/product\/658","targetHints":{"allow":["GET"]}}],"collection":[{"href":"https:\/\/mgamp.com\/site\/wp-json\/wp\/v2\/product"}],"about":[{"href":"https:\/\/mgamp.com\/site\/wp-json\/wp\/v2\/types\/product"}],"replies":[{"embeddable":true,"href":"https:\/\/mgamp.com\/site\/wp-json\/wp\/v2\/comments?post=658"}],"wp:featuredmedia":[{"embeddable":true,"href":"https:\/\/mgamp.com\/site\/wp-json\/wp\/v2\/media\/213"}],"wp:attachment":[{"href":"https:\/\/mgamp.com\/site\/wp-json\/wp\/v2\/media?parent=658"}],"wp:term":[{"taxonomy":"product_brand","embeddable":true,"href":"https:\/\/mgamp.com\/site\/wp-json\/wp\/v2\/product_brand?post=658"},{"taxonomy":"product_cat","embeddable":true,"href":"https:\/\/mgamp.com\/site\/wp-json\/wp\/v2\/product_cat?post=658"},{"taxonomy":"product_tag","embeddable":true,"href":"https:\/\/mgamp.com\/site\/wp-json\/wp\/v2\/product_tag?post=658"}],"curies":[{"name":"wp","href":"https:\/\/api.w.org\/{rel}","templated":true}]}}