{"id":12858,"date":"2020-11-01T07:22:19","date_gmt":"2020-11-01T07:22:19","guid":{"rendered":"https:\/\/mgamp.com\/site\/?post_type=product&#038;p=12858"},"modified":"2020-11-01T07:28:43","modified_gmt":"2020-11-01T07:28:43","slug":"plexi-50","status":"publish","type":"product","link":"https:\/\/mgamp.com\/site\/produkt\/plexi-50\/","title":{"rendered":"Plexi 50"},"content":{"rendered":"<h2>Plexi 50 custom head<\/h2>\n<p>Plexi 50 to wzmacniacz zbudowany na bazie dawnych konstrukcji Marshalla. \u0141\u0105czy w sobie tradycyjny monta\u017c metod\u0105 point-to-point (zamiast PCB zastosowano turret board) tak jak wykonywano wzmacniacze wlatach 60-70tych, z zastosowaniem tradycyjnych komponent\u00f3w bardzo dobrej jako\u015bci, r\u0119cznie montowany, r\u0119cznie nawijane i sk\u0142adane transformatory.<br \/>\nWszystko po to aby odda\u0107 brzmienie wzmacniaczy z lat 70-tych mozliwie najwierniej i z dba\u0142o\u015bci\u0105 o detale. Tradycyjna konstrukcja posiadaj\u0105ca 4 wej\u015bcia po 2 dla kana\u0142u \u201etreble\u201d oraz 2 dla kana\u0142u \u201enormal\u201d. Taki uk\u0142ad wej\u015b\u0107 pozwala na \u0142aczenie wej\u015b\u0107 (przewodem) na kilka sposob\u00f3w co pozwala na uzyskiwanie za pomoc\u0105 ustawienia proporcji mi\u0119dzy g\u0142o\u015bno\u015bciami obu kana\u0142\u00f3w bardzo r\u00f3\u017cnorodnych brzmie\u0144, zar\u00f3wno nawi\u0105zuj\u0105cych do Led Zeppelin ,Jimmiego Hendrixa jak te\u017c innych typowo brytyjskich brzmie\u0144.<br \/>\nJednak\u017ce nie da sie w dzisiejszych czasach nie posiada\u0107 wzmacniacza bez p\u0119tli efekt\u00f3w. Z mysl\u0105 o gitarzystach posiadaj\u0105cych zestawy\u201dstomp box\u00f3w\u201d Plexi 50 wyposa\u017cony zosta\u0142 w automatycznie za\u0142\u0105czan\u0105 petl\u0119 efekt\u00f3w , kt\u00f3ra nie bierze udzia\u0142u w torze sygna\u0142owym w\u00f3wczas gdy niczego do niej nie pod\u0142aczymy (TRUE BYPAS). Dzi\u0119ki takiej konstrukcji zachowane zosta\u0142o idealne lampowe brzmienie czystego wzmacniacza.<br \/>\nDodatkowym atutem heada jest redukcja oddawanej mocy Master Power, umieszczona \u00a0na tylnym panelu.<\/p>\n<h1><em>Specyfikacja:<\/em><\/h1>\n<ul>\n<li>Dost\u0119pne warianty: Head 50 watt<\/li>\n<li>Lampy: 3xECC83 JJ\u00a0 &amp; 2xEL34 JJ<\/li>\n<li>Ceramiczne podstawki lamp<\/li>\n<li>Moc: 50Watt<\/li>\n<li>4 wej\u015bcia gitarowe JACK(6,3mm)<\/li>\n<li>Przedwzmacniacz: 2kana\u0142y (NORMAL,TREBLE)<\/li>\n<li>Wyj\u015bcia g\u0142o\u015bnikowe: 2xJack( 6,3mm); Prze\u0142acznik 4,8,16 OHM<\/li>\n<li>Regulacje:Volume treble,Volume normal, bass, middle,treble, presence<\/li>\n<li>P\u0119tla efekt\u00f3w: szeregowa z regulacj\u0105 send i return<\/li>\n<li>Regulacja: Master power<\/li>\n<li>Wymiary: d\u0142ugo\u015b\u0107- 666mm ,g\u0142\u0119boko\u015b\u0107-220mm,wysoko\u015b\u0107-245mm<\/li>\n<li>Waga: head- 17,5kg -50Watt<\/li>\n<li>dost\u0119pne kolory obicia: czarny (black bronco),kremowy (ivory) , czerwony (red bronco)<\/li>\n<\/ul>\n","protected":false},"excerpt":{"rendered":"<p><strong>Lampowy wzmacniacz gitarowy &#8211; Plexi 50<\/strong><\/p>\n<p>konstrukcja: lampowa, p\u0119tla efekt\u00f3w, redukcja mocy.<\/p>\n<p>Produkt wy\u0142\u0105cznie na zam\u00f3wienie. Termin od 4-8 tyg.<\/p>\n<p>Wymagana cz\u0119\u015bciowa przedp\u0142ata.<\/p>\n","protected":false},"featured_media":569,"comment_status":"closed","ping_status":"closed","template":"","meta":[],"product_brand":[],"product_cat":[30],"product_tag":[],"class_list":{"0":"post-12858","1":"product","2":"type-product","3":"status-publish","4":"has-post-thumbnail","6":"product_cat-wzmacniacze","8":"first","9":"instock","10":"taxable","11":"shipping-taxable","12":"purchasable","13":"product-type-simple"},"yoast_head":"<!-- This site is optimized with the Yoast SEO plugin v27.5 - https:\/\/yoast.com\/product\/yoast-seo-wordpress\/ -->\n<title>Plexi 50 - MG AMPLIFICATION<\/title>\n<meta name=\"robots\" content=\"index, follow, max-snippet:-1, max-image-preview:large, max-video-preview:-1\" \/>\n<link rel=\"canonical\" href=\"https:\/\/mgamp.com\/site\/produkt\/plexi-50\/\" \/>\n<meta property=\"og:locale\" content=\"pl_PL\" \/>\n<meta property=\"og:type\" content=\"article\" \/>\n<meta property=\"og:title\" content=\"Plexi 50 - MG AMPLIFICATION\" \/>\n<meta property=\"og:description\" content=\"Lampowy wzmacniacz gitarowy - Plexi 50  konstrukcja: lampowa, p\u0119tla efekt\u00f3w, redukcja mocy.  Produkt wy\u0142\u0105cznie na zam\u00f3wienie. Termin od 4-8 tyg.  Wymagana cz\u0119\u015bciowa przedp\u0142ata.\" \/>\n<meta property=\"og:url\" content=\"https:\/\/mgamp.com\/site\/produkt\/plexi-50\/\" \/>\n<meta property=\"og:site_name\" content=\"MG AMPLIFICATION\" \/>\n<meta property=\"article:modified_time\" content=\"2020-11-01T07:28:43+00:00\" \/>\n<meta property=\"og:image\" content=\"https:\/\/mgamp.com\/site\/wp-content\/uploads\/2018\/12\/Plexi-_gold-Small-1.jpg\" \/>\n\t<meta property=\"og:image:width\" content=\"854\" \/>\n\t<meta property=\"og:image:height\" content=\"420\" \/>\n\t<meta property=\"og:image:type\" content=\"image\/jpeg\" \/>\n<meta name=\"twitter:card\" content=\"summary_large_image\" \/>\n<meta name=\"twitter:label1\" content=\"Szacowany czas czytania\" \/>\n\t<meta name=\"twitter:data1\" content=\"2 minuty\" \/>\n<script type=\"application\/ld+json\" class=\"yoast-schema-graph\">{\"@context\":\"https:\\\/\\\/schema.org\",\"@graph\":[{\"@type\":\"WebPage\",\"@id\":\"https:\\\/\\\/mgamp.com\\\/site\\\/produkt\\\/plexi-50\\\/\",\"url\":\"https:\\\/\\\/mgamp.com\\\/site\\\/produkt\\\/plexi-50\\\/\",\"name\":\"Plexi 50 - MG AMPLIFICATION\",\"isPartOf\":{\"@id\":\"https:\\\/\\\/mgamp.com\\\/site\\\/#website\"},\"primaryImageOfPage\":{\"@id\":\"https:\\\/\\\/mgamp.com\\\/site\\\/produkt\\\/plexi-50\\\/#primaryimage\"},\"image\":{\"@id\":\"https:\\\/\\\/mgamp.com\\\/site\\\/produkt\\\/plexi-50\\\/#primaryimage\"},\"thumbnailUrl\":\"https:\\\/\\\/mgamp.com\\\/site\\\/wp-content\\\/uploads\\\/2018\\\/12\\\/Plexi-_gold-Small-1.jpg\",\"datePublished\":\"2020-11-01T07:22:19+00:00\",\"dateModified\":\"2020-11-01T07:28:43+00:00\",\"breadcrumb\":{\"@id\":\"https:\\\/\\\/mgamp.com\\\/site\\\/produkt\\\/plexi-50\\\/#breadcrumb\"},\"inLanguage\":\"pl-PL\",\"potentialAction\":[{\"@type\":\"ReadAction\",\"target\":[\"https:\\\/\\\/mgamp.com\\\/site\\\/produkt\\\/plexi-50\\\/\"]}]},{\"@type\":\"ImageObject\",\"inLanguage\":\"pl-PL\",\"@id\":\"https:\\\/\\\/mgamp.com\\\/site\\\/produkt\\\/plexi-50\\\/#primaryimage\",\"url\":\"https:\\\/\\\/mgamp.com\\\/site\\\/wp-content\\\/uploads\\\/2018\\\/12\\\/Plexi-_gold-Small-1.jpg\",\"contentUrl\":\"https:\\\/\\\/mgamp.com\\\/site\\\/wp-content\\\/uploads\\\/2018\\\/12\\\/Plexi-_gold-Small-1.jpg\",\"width\":854,\"height\":420,\"caption\":\"Plexi 50\"},{\"@type\":\"BreadcrumbList\",\"@id\":\"https:\\\/\\\/mgamp.com\\\/site\\\/produkt\\\/plexi-50\\\/#breadcrumb\",\"itemListElement\":[{\"@type\":\"ListItem\",\"position\":1,\"name\":\"Strona g\u0142\u00f3wna\",\"item\":\"https:\\\/\\\/mgamp.com\\\/site\\\/\"},{\"@type\":\"ListItem\",\"position\":2,\"name\":\"Sklep\",\"item\":\"https:\\\/\\\/mgamp.com\\\/site\\\/sklep\\\/\"},{\"@type\":\"ListItem\",\"position\":3,\"name\":\"Plexi 50\"}]},{\"@type\":\"WebSite\",\"@id\":\"https:\\\/\\\/mgamp.com\\\/site\\\/#website\",\"url\":\"https:\\\/\\\/mgamp.com\\\/site\\\/\",\"name\":\"MG AMPLIFICATION\",\"description\":\"Gitarowe wzmacniacze lampowe\",\"potentialAction\":[{\"@type\":\"SearchAction\",\"target\":{\"@type\":\"EntryPoint\",\"urlTemplate\":\"https:\\\/\\\/mgamp.com\\\/site\\\/?s={search_term_string}\"},\"query-input\":{\"@type\":\"PropertyValueSpecification\",\"valueRequired\":true,\"valueName\":\"search_term_string\"}}],\"inLanguage\":\"pl-PL\"}]}<\/script>\n<!-- \/ Yoast SEO plugin. -->","yoast_head_json":{"title":"Plexi 50 - MG AMPLIFICATION","robots":{"index":"index","follow":"follow","max-snippet":"max-snippet:-1","max-image-preview":"max-image-preview:large","max-video-preview":"max-video-preview:-1"},"canonical":"https:\/\/mgamp.com\/site\/produkt\/plexi-50\/","og_locale":"pl_PL","og_type":"article","og_title":"Plexi 50 - MG AMPLIFICATION","og_description":"Lampowy wzmacniacz gitarowy - Plexi 50  konstrukcja: lampowa, p\u0119tla efekt\u00f3w, redukcja mocy.  Produkt wy\u0142\u0105cznie na zam\u00f3wienie. Termin od 4-8 tyg.  Wymagana cz\u0119\u015bciowa przedp\u0142ata.","og_url":"https:\/\/mgamp.com\/site\/produkt\/plexi-50\/","og_site_name":"MG AMPLIFICATION","article_modified_time":"2020-11-01T07:28:43+00:00","og_image":[{"width":854,"height":420,"url":"https:\/\/mgamp.com\/site\/wp-content\/uploads\/2018\/12\/Plexi-_gold-Small-1.jpg","type":"image\/jpeg"}],"twitter_card":"summary_large_image","twitter_misc":{"Szacowany czas czytania":"2 minuty"},"schema":{"@context":"https:\/\/schema.org","@graph":[{"@type":"WebPage","@id":"https:\/\/mgamp.com\/site\/produkt\/plexi-50\/","url":"https:\/\/mgamp.com\/site\/produkt\/plexi-50\/","name":"Plexi 50 - MG AMPLIFICATION","isPartOf":{"@id":"https:\/\/mgamp.com\/site\/#website"},"primaryImageOfPage":{"@id":"https:\/\/mgamp.com\/site\/produkt\/plexi-50\/#primaryimage"},"image":{"@id":"https:\/\/mgamp.com\/site\/produkt\/plexi-50\/#primaryimage"},"thumbnailUrl":"https:\/\/mgamp.com\/site\/wp-content\/uploads\/2018\/12\/Plexi-_gold-Small-1.jpg","datePublished":"2020-11-01T07:22:19+00:00","dateModified":"2020-11-01T07:28:43+00:00","breadcrumb":{"@id":"https:\/\/mgamp.com\/site\/produkt\/plexi-50\/#breadcrumb"},"inLanguage":"pl-PL","potentialAction":[{"@type":"ReadAction","target":["https:\/\/mgamp.com\/site\/produkt\/plexi-50\/"]}]},{"@type":"ImageObject","inLanguage":"pl-PL","@id":"https:\/\/mgamp.com\/site\/produkt\/plexi-50\/#primaryimage","url":"https:\/\/mgamp.com\/site\/wp-content\/uploads\/2018\/12\/Plexi-_gold-Small-1.jpg","contentUrl":"https:\/\/mgamp.com\/site\/wp-content\/uploads\/2018\/12\/Plexi-_gold-Small-1.jpg","width":854,"height":420,"caption":"Plexi 50"},{"@type":"BreadcrumbList","@id":"https:\/\/mgamp.com\/site\/produkt\/plexi-50\/#breadcrumb","itemListElement":[{"@type":"ListItem","position":1,"name":"Strona g\u0142\u00f3wna","item":"https:\/\/mgamp.com\/site\/"},{"@type":"ListItem","position":2,"name":"Sklep","item":"https:\/\/mgamp.com\/site\/sklep\/"},{"@type":"ListItem","position":3,"name":"Plexi 50"}]},{"@type":"WebSite","@id":"https:\/\/mgamp.com\/site\/#website","url":"https:\/\/mgamp.com\/site\/","name":"MG AMPLIFICATION","description":"Gitarowe wzmacniacze lampowe","potentialAction":[{"@type":"SearchAction","target":{"@type":"EntryPoint","urlTemplate":"https:\/\/mgamp.com\/site\/?s={search_term_string}"},"query-input":{"@type":"PropertyValueSpecification","valueRequired":true,"valueName":"search_term_string"}}],"inLanguage":"pl-PL"}]}},"_links":{"self":[{"href":"https:\/\/mgamp.com\/site\/wp-json\/wp\/v2\/product\/12858","targetHints":{"allow":["GET"]}}],"collection":[{"href":"https:\/\/mgamp.com\/site\/wp-json\/wp\/v2\/product"}],"about":[{"href":"https:\/\/mgamp.com\/site\/wp-json\/wp\/v2\/types\/product"}],"replies":[{"embeddable":true,"href":"https:\/\/mgamp.com\/site\/wp-json\/wp\/v2\/comments?post=12858"}],"wp:featuredmedia":[{"embeddable":true,"href":"https:\/\/mgamp.com\/site\/wp-json\/wp\/v2\/media\/569"}],"wp:attachment":[{"href":"https:\/\/mgamp.com\/site\/wp-json\/wp\/v2\/media?parent=12858"}],"wp:term":[{"taxonomy":"product_brand","embeddable":true,"href":"https:\/\/mgamp.com\/site\/wp-json\/wp\/v2\/product_brand?post=12858"},{"taxonomy":"product_cat","embeddable":true,"href":"https:\/\/mgamp.com\/site\/wp-json\/wp\/v2\/product_cat?post=12858"},{"taxonomy":"product_tag","embeddable":true,"href":"https:\/\/mgamp.com\/site\/wp-json\/wp\/v2\/product_tag?post=12858"}],"curies":[{"name":"wp","href":"https:\/\/api.w.org\/{rel}","templated":true}]}}