{"id":97,"date":"2015-05-15T07:41:59","date_gmt":"2015-05-15T07:41:59","guid":{"rendered":"https:\/\/mgamp.com\/site\/?page_id=97"},"modified":"2019-05-29T23:00:44","modified_gmt":"2019-05-29T23:00:44","slug":"fendmess","status":"publish","type":"page","link":"https:\/\/mgamp.com\/site\/produkty\/fendmess\/","title":{"rendered":"Fendmess"},"content":{"rendered":"<h2>Fendmess amplifier<\/h2>\n<p><a href=\"https:\/\/mgamp.com\/site\/wp-content\/uploads\/2015\/05\/fendmess_head-Small.jpg\"><img loading=\"lazy\" decoding=\"async\" class=\"alignright wp-image-334 size-full\" src=\"https:\/\/mgamp.com\/site\/wp-content\/uploads\/2015\/05\/fendmess_head-Small.jpg\" alt=\"Fendmess\" width=\"640\" height=\"370\" srcset=\"https:\/\/mgamp.com\/site\/wp-content\/uploads\/2015\/05\/fendmess_head-Small.jpg 640w, https:\/\/mgamp.com\/site\/wp-content\/uploads\/2015\/05\/fendmess_head-Small-600x347.jpg 600w, https:\/\/mgamp.com\/site\/wp-content\/uploads\/2015\/05\/fendmess_head-Small-300x173.jpg 300w\" sizes=\"auto, (max-width: 640px) 100vw, 640px\" \/><\/a><\/p>\n<p>Fendmess to ca\u0142kowicie lampowy wzmacniacz o konstrukcji 2 kana\u0142owej z zastosowaniem osobnej korekcji dla ka\u017cdego z kana\u0142\u00f3w. Przedwzmacniacz zbudowany jest w oparciu o 4 lampy 12AX7(ECC83).\u00a0 Driver (inverter) ko\u0144c\u00f3wki mocy wykorzystuje 1 lamp\u0119 12AX7,a ko\u0144c\u00f3wka mo\u017ce pracowa\u0107 zar\u00f3wno na lampach 6L6(5881) jak r\u00f3wnie\u017c z powodzeniem mo\u017cna zastosowa\u0107 EL34. W zale\u017cno\u015bci od mocy wzmacniacza w ko\u0144c\u00f3wce pracuj\u0105 2 lampy mocy (50wat\u00f3w) lub 4 lampy(100wat\u00f3w). Zastosowane rozwi\u0105zania -osobne tory sygna\u0142owe ka\u017cdego kana\u0142u zapewniaj\u0105 doskona\u0142e brzmienie zar\u00f3wno czystego jak te\u017c przesterowanego kana\u0142u. \u017barzenie pr\u0105dem sta\u0142ym lamp przedwzmacniacza ca\u0142kowicie eliminuje brumy. Poczuj pot\u0119g\u0119 brzmienia tego heada na w\u0142asnej sk\u00f3rze!!! Zar\u00f3wno 100 watowa wersja jak te\u017c 50 watowa zapewnia najwy\u017cszej jako\u015bci nag\u0142o\u015bnienie dla Twojej gitary oraz zadziwiaj\u0105cy poziom dynamiki. Dodatkowo ca\u0142kowicie od\u0142\u0105czalna p\u0119tla efektowa (TRUE BYPAS) pozwala uzyska\u0107 czyste ca\u0142kowicie\u00a0 lampowe brzmienie idealne do nagra\u0144 studyjnych. Kana\u0142 CLEAN w typowym uk\u0142adzie fendera to klasyka czystych brzmie\u0144 , a kana\u0142 LEAD nie pozostawia nawet cienia w\u0105tpliwo\u015bci co do jego czysto metalowych preferencji. Zmienna charakterystyka pracy ko\u0144c\u00f3wki mocy (prze\u0142. MODERN\/VINTAGE) daje du\u017co wi\u0119ksze mo\u017cliwo\u015bci brzmieniowe zw\u0142aszcza w zakresie przesterowanych barw. Zalecamy ten wzmacniacz tak\u017ce do niskiego stroju gitar ze wzgl\u0119du na bardzo selektywne przenoszenie niskiego pasma. Zosta\u0142o to uzyskane przez zastosowanie mi\u0119dzy innymi masywnych transformator\u00f3w zasilacza oraz g\u0142o\u015bnikowego.<br \/>\nNiebagatelny wp\u0142yw maj\u0105 tak\u017ce zastosowane komponenty i r\u0119czny monta\u017c ca\u0142o\u015bci wzmacniacza. Przes\u0105dza to o zdecydowanie lepszej jako\u015bci wykonania od wzmacniaczy produkowanych\u00a0 seryjnie.<br \/>\nWzmacniacz mo\u017ce by\u0107 r\u00f3wnie\u017c wykonany w wersji stereo oznaczonej jako 2X50 co oznacza dwie osobne ko\u0144c\u00f3wki mocy po 50 wat\u00f3w ka\u017cda. Praca w trybie stereo pozwala na zastosowanie efekt\u00f3w przestrzennych w stereo co umo\u017cliwia p\u0119tla efekt\u00f3w posiadaj\u0105ca 2 wej\u015bcia return.<br \/>\nWzmacniacz mo\u017cna r\u00f3wnie\u017c wyposa\u017cy\u0107 w interface MIDI co pozwala na zmian\u0119 kana\u0142\u00f3w, wy\u0142\u0105czanie p\u0119tli efekt\u00f3w, podbicia SOLO, w\u0142\u0105czania pog\u0142osu za pomoc\u0105 dowolnego sterownika MIDI.<\/p>\n<h1><em>Specyfikacja:<\/em><\/h1>\n<ul>\n<li>Dost\u0119pne warianty: Head ,Combo 1&#215;12&#8243;,Combo 2&#215;12&#8243;<\/li>\n<li>Lampy:5x ECC83S JJ &amp; 2x6L6GC JJ-50W lub 4x6L6GC JJ-100W(w opcji EL34)<\/li>\n<li>Ceramiczne podstawki lamp<\/li>\n<li>Moc: 50Watt lub 100Watt R.M.S. .Moc w wersji STEREO 2&#215;50: 2x 50WATT R.M.S.<\/li>\n<li>Ko\u0144c\u00f3wka mocy:push-pull ,klasa AB,sta\u0142a polaryzacja siatek<\/li>\n<li>prze\u0142\u0105cznik PENTODA\/TRIODA<\/li>\n<li>prze\u0142acznik MODERN\/VINTAGE<\/li>\n<li>Wej\u015bcie gitarowe JACK(6,3mm)<\/li>\n<li>P\u0119tla efekt\u00f3w:szeregowa z regulacj\u0105 send i return<\/li>\n<li>Wyj\u015bcia g\u0142o\u015bnikowe:2xJack( 6,3mm); Prze\u0142acznik 4,8,16 OHM<\/li>\n<li>Wyj\u015bcie liniowe (0dB)<\/li>\n<li>Wyj\u015bcie FOOSWITCH<\/li>\n<li>Przedwzmacniacz: 2 kana\u0142y(LEAD,CLEAN)<\/li>\n<li>LEAD: 3 punktowe EQ,GAIN,VOLUME<\/li>\n<li>CLEAN: 3 punktowe EQ,GAIN,VOLUME ,prze\u0142acznik CRUNCH<\/li>\n<li>Regulacja MASTER (dla wszystkich kana\u0142\u00f3w)<\/li>\n<li>Regulacja PRESENCE<\/li>\n<li>Opcje dodatkowe:\u00a0regulacja SOLO (dla wszystkich kana\u0142\u00f3w) za\u0142\u0105czana footswitchem ,REVERB:Accutronnics (8EB2C1B),prostownik lampowy 5U4G lub GZ 34, bypas petli efekt\u00f3w -FX BYPAS za\u0142\u0105czany \u00a0footswitchem.<\/li>\n<li>Prze\u0142\u0105cznik no\u017cny CHANNEL , CRUNCH (opcjonalnie :FX bypas,Reverb,Solo)<\/li>\n<li>Terminale BIAS TEST do regulacji biasu lamp ko\u0144c\u00f3wki mocy<\/li>\n<li>Wymiary:d\u0142ugo\u015b\u0107-666mm ,g\u0142\u0119boko\u015b\u0107-232mm,wysoko\u015b\u0107-250mm<\/li>\n<li>Waga: 17,5kg -50Watt , 20kg -100Watt.<\/li>\n<\/ul>\n<p>Instrukcja obs\u0142ugi wzmacniacza Fendmess &#8211; <strong><a href=\"https:\/\/mgamp.com\/site\/wp-content\/uploads\/2015\/05\/Fendmess-online.pdf\">Fendmess instrukcja<\/a><\/strong><\/p>\n<!--[if lt IE 9]><script>document.createElement('audio');<\/script><![endif]-->\n\t<div class=\"wp-playlist wp-audio-playlist wp-playlist-light\">\n\t\t\t<div class=\"wp-playlist-current-item\"><\/div>\n\t\t<audio controls=\"controls\" preload=\"none\" width=\"1148\"\n\t\t\t><\/audio>\n\t<div class=\"wp-playlist-next\"><\/div>\n\t<div class=\"wp-playlist-prev\"><\/div>\n\t<noscript>\n\t<ol>\n\t\t<li><a href='https:\/\/mgamp.com\/site\/wp-content\/uploads\/2018\/08\/fm_sm57.mp3'>Fendmess Lead ch<\/a><\/li><li><a href='https:\/\/mgamp.com\/site\/wp-content\/uploads\/2019\/05\/fendmess-Marcin-Polczyk-1.mp3'>Fendmess  1<\/a><\/li><li><a href='https:\/\/mgamp.com\/site\/wp-content\/uploads\/2019\/05\/fendmess-Marcin-Polczyk-2.mp3'>Fendmess 2<\/a><\/li><li><a href='https:\/\/mgamp.com\/site\/wp-content\/uploads\/2019\/05\/fendmess-Marcin-Polczyk-3.mp3'>Fendmess 3<\/a><\/li>\t<\/ol>\n\t<\/noscript>\n\t<script type=\"application\/json\" class=\"wp-playlist-script\">{\"type\":\"audio\",\"tracklist\":true,\"tracknumbers\":true,\"images\":true,\"artists\":true,\"tracks\":[{\"src\":\"https:\\\/\\\/mgamp.com\\\/site\\\/wp-content\\\/uploads\\\/2018\\\/08\\\/fm_sm57.mp3\",\"type\":\"audio\\\/mpeg\",\"title\":\"Fendmess Lead ch\",\"caption\":\"\",\"description\":\"\\\"fm_sm57\\\".\",\"meta\":{\"artist\":\"Vicol\",\"length_formatted\":\"0:49\"},\"image\":{\"src\":\"https:\\\/\\\/mgamp.com\\\/site\\\/wp-includes\\\/images\\\/media\\\/audio.svg\",\"width\":48,\"height\":64},\"thumb\":{\"src\":\"https:\\\/\\\/mgamp.com\\\/site\\\/wp-includes\\\/images\\\/media\\\/audio.svg\",\"width\":48,\"height\":64}},{\"src\":\"https:\\\/\\\/mgamp.com\\\/site\\\/wp-content\\\/uploads\\\/2019\\\/05\\\/fendmess-Marcin-Polczyk-1.mp3\",\"type\":\"audio\\\/mpeg\",\"title\":\"Fendmess  1\",\"caption\":\"\",\"description\":\"\\\"Fendmess 1\\\" autor: Marcin Polczyk.\",\"meta\":{\"artist\":\"Marcin Polczyk\",\"length_formatted\":\"0:34\"},\"image\":{\"src\":\"https:\\\/\\\/mgamp.com\\\/site\\\/wp-includes\\\/images\\\/media\\\/audio.svg\",\"width\":48,\"height\":64},\"thumb\":{\"src\":\"https:\\\/\\\/mgamp.com\\\/site\\\/wp-includes\\\/images\\\/media\\\/audio.svg\",\"width\":48,\"height\":64}},{\"src\":\"https:\\\/\\\/mgamp.com\\\/site\\\/wp-content\\\/uploads\\\/2019\\\/05\\\/fendmess-Marcin-Polczyk-2.mp3\",\"type\":\"audio\\\/mpeg\",\"title\":\"Fendmess 2\",\"caption\":\"\",\"description\":\"\\\"Fendmess 2\\\" autor: Marcin Polczyk.\",\"meta\":{\"artist\":\"Marcin Polczyk\",\"length_formatted\":\"0:44\"},\"image\":{\"src\":\"https:\\\/\\\/mgamp.com\\\/site\\\/wp-includes\\\/images\\\/media\\\/audio.svg\",\"width\":48,\"height\":64},\"thumb\":{\"src\":\"https:\\\/\\\/mgamp.com\\\/site\\\/wp-includes\\\/images\\\/media\\\/audio.svg\",\"width\":48,\"height\":64}},{\"src\":\"https:\\\/\\\/mgamp.com\\\/site\\\/wp-content\\\/uploads\\\/2019\\\/05\\\/fendmess-Marcin-Polczyk-3.mp3\",\"type\":\"audio\\\/mpeg\",\"title\":\"Fendmess 3\",\"caption\":\"\",\"description\":\"\\\"Fendmess 3\\\" autor: Marcin Polczyk.\",\"meta\":{\"artist\":\"Marcin Polczyk\",\"length_formatted\":\"0:38\"},\"image\":{\"src\":\"https:\\\/\\\/mgamp.com\\\/site\\\/wp-includes\\\/images\\\/media\\\/audio.svg\",\"width\":48,\"height\":64},\"thumb\":{\"src\":\"https:\\\/\\\/mgamp.com\\\/site\\\/wp-includes\\\/images\\\/media\\\/audio.svg\",\"width\":48,\"height\":64}}]}<\/script>\n<\/div>\n\t\n","protected":false},"excerpt":{"rendered":"<p>Fendmess amplifier Fendmess to ca\u0142kowicie lampowy wzmacniacz o konstrukcji 2 kana\u0142owej z zastosowaniem osobnej korekcji dla ka\u017cdego z kana\u0142\u00f3w. Przedwzmacniacz zbudowany jest w oparciu o 4 lampy 12AX7(ECC83).\u00a0 Driver (inverter) ko\u0144c\u00f3wki mocy wykorzystuje 1 lamp\u0119 12AX7,a ko\u0144c\u00f3wka mo\u017ce pracowa\u0107 zar\u00f3wno na lampach 6L6(5881) jak r\u00f3wnie\u017c z powodzeniem mo\u017cna zastosowa\u0107 EL34. W zale\u017cno\u015bci od mocy wzmacniacza<\/p>\n<p><a href=\"https:\/\/mgamp.com\/site\/produkty\/fendmess\/\" class=\"more-link themebutton\">Read More<\/a><\/p>\n","protected":false},"author":1,"featured_media":0,"parent":17,"menu_order":0,"comment_status":"closed","ping_status":"open","template":"","meta":{"footnotes":""},"class_list":["post-97","page","type-page","status-publish","hentry"],"yoast_head":"<!-- This site is optimized with the Yoast SEO plugin v27.5 - https:\/\/yoast.com\/product\/yoast-seo-wordpress\/ -->\n<title>Fendmess - MG AMPLIFICATION<\/title>\n<meta name=\"robots\" content=\"index, follow, max-snippet:-1, max-image-preview:large, max-video-preview:-1\" \/>\n<link rel=\"canonical\" href=\"https:\/\/mgamp.com\/site\/produkty\/fendmess\/\" \/>\n<meta property=\"og:locale\" content=\"pl_PL\" \/>\n<meta property=\"og:type\" content=\"article\" \/>\n<meta property=\"og:title\" content=\"Fendmess - MG AMPLIFICATION\" \/>\n<meta property=\"og:description\" content=\"Fendmess amplifier Fendmess to ca\u0142kowicie lampowy wzmacniacz o konstrukcji 2 kana\u0142owej z zastosowaniem osobnej korekcji dla ka\u017cdego z kana\u0142\u00f3w. Przedwzmacniacz zbudowany jest w oparciu o 4 lampy 12AX7(ECC83).\u00a0 Driver (inverter) ko\u0144c\u00f3wki mocy wykorzystuje 1 lamp\u0119 12AX7,a ko\u0144c\u00f3wka mo\u017ce pracowa\u0107 zar\u00f3wno na lampach 6L6(5881) jak r\u00f3wnie\u017c z powodzeniem mo\u017cna zastosowa\u0107 EL34. W zale\u017cno\u015bci od mocy wzmacniaczaRead More\" \/>\n<meta property=\"og:url\" content=\"https:\/\/mgamp.com\/site\/produkty\/fendmess\/\" \/>\n<meta property=\"og:site_name\" content=\"MG AMPLIFICATION\" \/>\n<meta property=\"article:modified_time\" content=\"2019-05-29T23:00:44+00:00\" \/>\n<meta property=\"og:image\" content=\"https:\/\/mgamp.com\/site\/wp-content\/uploads\/2015\/05\/fendmess_head-Small.jpg\" \/>\n\t<meta property=\"og:image:width\" content=\"640\" \/>\n\t<meta property=\"og:image:height\" content=\"370\" \/>\n\t<meta property=\"og:image:type\" content=\"image\/jpeg\" \/>\n<meta name=\"twitter:card\" content=\"summary_large_image\" \/>\n<meta name=\"twitter:label1\" content=\"Szacowany czas czytania\" \/>\n\t<meta name=\"twitter:data1\" content=\"3 minuty\" \/>\n<script type=\"application\/ld+json\" class=\"yoast-schema-graph\">{\"@context\":\"https:\\\/\\\/schema.org\",\"@graph\":[{\"@type\":\"WebPage\",\"@id\":\"https:\\\/\\\/mgamp.com\\\/site\\\/produkty\\\/fendmess\\\/\",\"url\":\"https:\\\/\\\/mgamp.com\\\/site\\\/produkty\\\/fendmess\\\/\",\"name\":\"Fendmess - MG AMPLIFICATION\",\"isPartOf\":{\"@id\":\"https:\\\/\\\/mgamp.com\\\/site\\\/#website\"},\"primaryImageOfPage\":{\"@id\":\"https:\\\/\\\/mgamp.com\\\/site\\\/produkty\\\/fendmess\\\/#primaryimage\"},\"image\":{\"@id\":\"https:\\\/\\\/mgamp.com\\\/site\\\/produkty\\\/fendmess\\\/#primaryimage\"},\"thumbnailUrl\":\"https:\\\/\\\/mgamp.com\\\/site\\\/wp-content\\\/uploads\\\/2015\\\/05\\\/fendmess_head-Small.jpg\",\"datePublished\":\"2015-05-15T07:41:59+00:00\",\"dateModified\":\"2019-05-29T23:00:44+00:00\",\"breadcrumb\":{\"@id\":\"https:\\\/\\\/mgamp.com\\\/site\\\/produkty\\\/fendmess\\\/#breadcrumb\"},\"inLanguage\":\"pl-PL\",\"potentialAction\":[{\"@type\":\"ReadAction\",\"target\":[\"https:\\\/\\\/mgamp.com\\\/site\\\/produkty\\\/fendmess\\\/\"]}]},{\"@type\":\"ImageObject\",\"inLanguage\":\"pl-PL\",\"@id\":\"https:\\\/\\\/mgamp.com\\\/site\\\/produkty\\\/fendmess\\\/#primaryimage\",\"url\":\"https:\\\/\\\/mgamp.com\\\/site\\\/wp-content\\\/uploads\\\/2015\\\/05\\\/fendmess_head-Small.jpg\",\"contentUrl\":\"https:\\\/\\\/mgamp.com\\\/site\\\/wp-content\\\/uploads\\\/2015\\\/05\\\/fendmess_head-Small.jpg\",\"width\":640,\"height\":370},{\"@type\":\"BreadcrumbList\",\"@id\":\"https:\\\/\\\/mgamp.com\\\/site\\\/produkty\\\/fendmess\\\/#breadcrumb\",\"itemListElement\":[{\"@type\":\"ListItem\",\"position\":1,\"name\":\"Strona g\u0142\u00f3wna\",\"item\":\"https:\\\/\\\/mgamp.com\\\/site\\\/\"},{\"@type\":\"ListItem\",\"position\":2,\"name\":\"Wzmacniacze\",\"item\":\"https:\\\/\\\/mgamp.com\\\/site\\\/produkty\\\/\"},{\"@type\":\"ListItem\",\"position\":3,\"name\":\"Fendmess\"}]},{\"@type\":\"WebSite\",\"@id\":\"https:\\\/\\\/mgamp.com\\\/site\\\/#website\",\"url\":\"https:\\\/\\\/mgamp.com\\\/site\\\/\",\"name\":\"MG AMPLIFICATION\",\"description\":\"Gitarowe wzmacniacze lampowe\",\"potentialAction\":[{\"@type\":\"SearchAction\",\"target\":{\"@type\":\"EntryPoint\",\"urlTemplate\":\"https:\\\/\\\/mgamp.com\\\/site\\\/?s={search_term_string}\"},\"query-input\":{\"@type\":\"PropertyValueSpecification\",\"valueRequired\":true,\"valueName\":\"search_term_string\"}}],\"inLanguage\":\"pl-PL\"}]}<\/script>\n<!-- \/ Yoast SEO plugin. -->","yoast_head_json":{"title":"Fendmess - MG AMPLIFICATION","robots":{"index":"index","follow":"follow","max-snippet":"max-snippet:-1","max-image-preview":"max-image-preview:large","max-video-preview":"max-video-preview:-1"},"canonical":"https:\/\/mgamp.com\/site\/produkty\/fendmess\/","og_locale":"pl_PL","og_type":"article","og_title":"Fendmess - MG AMPLIFICATION","og_description":"Fendmess amplifier Fendmess to ca\u0142kowicie lampowy wzmacniacz o konstrukcji 2 kana\u0142owej z zastosowaniem osobnej korekcji dla ka\u017cdego z kana\u0142\u00f3w. Przedwzmacniacz zbudowany jest w oparciu o 4 lampy 12AX7(ECC83).\u00a0 Driver (inverter) ko\u0144c\u00f3wki mocy wykorzystuje 1 lamp\u0119 12AX7,a ko\u0144c\u00f3wka mo\u017ce pracowa\u0107 zar\u00f3wno na lampach 6L6(5881) jak r\u00f3wnie\u017c z powodzeniem mo\u017cna zastosowa\u0107 EL34. W zale\u017cno\u015bci od mocy wzmacniaczaRead More","og_url":"https:\/\/mgamp.com\/site\/produkty\/fendmess\/","og_site_name":"MG AMPLIFICATION","article_modified_time":"2019-05-29T23:00:44+00:00","og_image":[{"width":640,"height":370,"url":"https:\/\/mgamp.com\/site\/wp-content\/uploads\/2015\/05\/fendmess_head-Small.jpg","type":"image\/jpeg"}],"twitter_card":"summary_large_image","twitter_misc":{"Szacowany czas czytania":"3 minuty"},"schema":{"@context":"https:\/\/schema.org","@graph":[{"@type":"WebPage","@id":"https:\/\/mgamp.com\/site\/produkty\/fendmess\/","url":"https:\/\/mgamp.com\/site\/produkty\/fendmess\/","name":"Fendmess - MG AMPLIFICATION","isPartOf":{"@id":"https:\/\/mgamp.com\/site\/#website"},"primaryImageOfPage":{"@id":"https:\/\/mgamp.com\/site\/produkty\/fendmess\/#primaryimage"},"image":{"@id":"https:\/\/mgamp.com\/site\/produkty\/fendmess\/#primaryimage"},"thumbnailUrl":"https:\/\/mgamp.com\/site\/wp-content\/uploads\/2015\/05\/fendmess_head-Small.jpg","datePublished":"2015-05-15T07:41:59+00:00","dateModified":"2019-05-29T23:00:44+00:00","breadcrumb":{"@id":"https:\/\/mgamp.com\/site\/produkty\/fendmess\/#breadcrumb"},"inLanguage":"pl-PL","potentialAction":[{"@type":"ReadAction","target":["https:\/\/mgamp.com\/site\/produkty\/fendmess\/"]}]},{"@type":"ImageObject","inLanguage":"pl-PL","@id":"https:\/\/mgamp.com\/site\/produkty\/fendmess\/#primaryimage","url":"https:\/\/mgamp.com\/site\/wp-content\/uploads\/2015\/05\/fendmess_head-Small.jpg","contentUrl":"https:\/\/mgamp.com\/site\/wp-content\/uploads\/2015\/05\/fendmess_head-Small.jpg","width":640,"height":370},{"@type":"BreadcrumbList","@id":"https:\/\/mgamp.com\/site\/produkty\/fendmess\/#breadcrumb","itemListElement":[{"@type":"ListItem","position":1,"name":"Strona g\u0142\u00f3wna","item":"https:\/\/mgamp.com\/site\/"},{"@type":"ListItem","position":2,"name":"Wzmacniacze","item":"https:\/\/mgamp.com\/site\/produkty\/"},{"@type":"ListItem","position":3,"name":"Fendmess"}]},{"@type":"WebSite","@id":"https:\/\/mgamp.com\/site\/#website","url":"https:\/\/mgamp.com\/site\/","name":"MG AMPLIFICATION","description":"Gitarowe wzmacniacze lampowe","potentialAction":[{"@type":"SearchAction","target":{"@type":"EntryPoint","urlTemplate":"https:\/\/mgamp.com\/site\/?s={search_term_string}"},"query-input":{"@type":"PropertyValueSpecification","valueRequired":true,"valueName":"search_term_string"}}],"inLanguage":"pl-PL"}]}},"_links":{"self":[{"href":"https:\/\/mgamp.com\/site\/wp-json\/wp\/v2\/pages\/97","targetHints":{"allow":["GET"]}}],"collection":[{"href":"https:\/\/mgamp.com\/site\/wp-json\/wp\/v2\/pages"}],"about":[{"href":"https:\/\/mgamp.com\/site\/wp-json\/wp\/v2\/types\/page"}],"author":[{"embeddable":true,"href":"https:\/\/mgamp.com\/site\/wp-json\/wp\/v2\/users\/1"}],"replies":[{"embeddable":true,"href":"https:\/\/mgamp.com\/site\/wp-json\/wp\/v2\/comments?post=97"}],"version-history":[{"count":14,"href":"https:\/\/mgamp.com\/site\/wp-json\/wp\/v2\/pages\/97\/revisions"}],"predecessor-version":[{"id":627,"href":"https:\/\/mgamp.com\/site\/wp-json\/wp\/v2\/pages\/97\/revisions\/627"}],"up":[{"embeddable":true,"href":"https:\/\/mgamp.com\/site\/wp-json\/wp\/v2\/pages\/17"}],"wp:attachment":[{"href":"https:\/\/mgamp.com\/site\/wp-json\/wp\/v2\/media?parent=97"}],"curies":[{"name":"wp","href":"https:\/\/api.w.org\/{rel}","templated":true}]}}