{"id":8,"date":"2015-05-14T13:06:23","date_gmt":"2015-05-14T13:06:23","guid":{"rendered":"https:\/\/mgamp.com\/site\/?page_id=8"},"modified":"2019-05-29T23:04:28","modified_gmt":"2019-05-29T23:04:28","slug":"vulture","status":"publish","type":"page","link":"https:\/\/mgamp.com\/site\/produkty\/vulture\/","title":{"rendered":"Vulture"},"content":{"rendered":"<h2>Vulture Amplifier<\/h2>\n<h1><\/h1>\n<p><a href=\"https:\/\/mgamp.com\/site\/wp-content\/uploads\/2015\/05\/vulture_head-Small.jpg\"><img loading=\"lazy\" decoding=\"async\" class=\"wp-image-349 size-full alignright\" title=\"Vulture head\" src=\"https:\/\/mgamp.com\/site\/wp-content\/uploads\/2015\/05\/vulture_head-Small.jpg\" alt=\"Vulture\" width=\"640\" height=\"353\" srcset=\"https:\/\/mgamp.com\/site\/wp-content\/uploads\/2015\/05\/vulture_head-Small.jpg 640w, https:\/\/mgamp.com\/site\/wp-content\/uploads\/2015\/05\/vulture_head-Small-600x331.jpg 600w, https:\/\/mgamp.com\/site\/wp-content\/uploads\/2015\/05\/vulture_head-Small-300x165.jpg 300w\" sizes=\"auto, (max-width: 640px) 100vw, 640px\" \/><\/a><\/p>\n<p>Vulture to w pe\u0142ni lampowy HEAD o konstrukcji przedwzmacniacza 4-ro kana\u0142owej, z pe\u0142na regulacja oraz\u00a0 korekcj\u0105 dla ka\u017cdego kana\u0142u.Wzmacniacz w wersji 2&#215;50 posiada 2-wie ko\u0144c\u00f3wki mocy, ka\u017cda o mocy 50 watt z mo\u017cliwosci\u0105 prze\u0142\u0105czenia do 25watt ( PENTODE\/TRIODE) ka\u017cdego stopnia osobno. Ka\u017cda ko\u0144c\u00f3wka mocy posiada tak\u017ce niezale\u017cny wyb\u00f3r impedancji g\u0142o\u015bnik\u00f3w (4,8,16 ohm) oraz po 2 gniazda g\u0142o\u015bnikowe.<br \/>\nPosiada szeregow\u0105 p\u0119tle efekt\u00f3w stereo -2 wej\u015bcia return z mo\u017cliwo\u015bci\u0105 u\u017cywania efekt\u00f3w tylko na jednej ko\u0144c\u00f3wce ,podczas gdy druga mo\u017ce pracowa\u0107 w trybie true bypas. Oczywi\u015bcie mo\u017cna stosowa\u0107 efekty te\u017c w trybie stereo, w\u00f3wczas istnieje mo\u017cliwo\u015b\u0107 pe\u0142nego wykorzystania nowoczesnych procesor\u00f3w sygna\u0142owych, kt\u00f3re przecie\u017c s\u0105 stereofoniczne ,a pod\u0142\u0105czanie ich w trybie mono powoduje utrat\u0119 jako\u015bci efekt\u00f3w.Teraz w ko\u0144cu us\u0142yszysz jak brzmi\u0105 efekty\u00a0typu ping-pong delay b\u0105d\u017a stereo\u00a0 reverb, stereo chorus i wiele innych!!! Twoja gitara wejdzie w nowy wymiar brzmienia .<br \/>\nDodatkowo wzmacniacz wyposa\u017cony jest w specjalna p\u0119tl\u0119 do pod\u0142\u0105czania bramki szum\u00f3w ,kt\u00f3ra w torze sygna\u0142owym znajduje si\u0119 od razu za przedwzmacniaczem .Takie umiejscowienie bramki szum\u00f3w pozwala po pierwsze na korzystanie z FX BYPAS co powoduje omini\u0119cie p\u0119tli stereofonicznej ,ale nie wy\u0142\u0105cza bramki szum\u00f3w. Po drugie zapobiega obcinaniu np. reverbu lub echa pod\u0142\u0105czonego do p\u0119tli efekt\u00f3w.<br \/>\nWzmacniacz posiada wej\u015bcie MIDI &#8211; MIDI IN oraz wyj\u015bcie MIDI THRU. Poprzez midi mo\u017cemy sterowa\u0107 zmiana kana\u0142\u00f3w , p\u0119tla efekt\u00f3w oraz podbiciem SOLO z dowolnego sterownika MIDI.<br \/>\nOm\u00f3wienia wymaga tez sam przedwzmacniacz , posiadaj\u0105cy a\u017c 4 niezale\u017cne kana\u0142y pozwalaj\u0105ce na uzyskanie pot\u0119\u017cnej ilo\u015bci najwy\u017cszej jako\u015bci barw. Ka\u017cdy kana\u0142 zbudowany jest bez kompromis\u00f3w na osobnych torach sygna\u0142owych. Teraz nie b\u0119dzie potrzeby posilania si\u0119 modelowanym cyfrowo brzmieniem z pewnego znanego urz\u0105dzenia \ud83d\ude42 dla uzyskania wi\u0119cej ni\u017c 2 brzmie\u0144 jak w tradycyjnym 2 kana\u0142owym wzmacniaczu.<br \/>\nPierwszy kana\u0142 CH1 to typowy CLEAN znany z modelu \u00a0RAVEN II bazuj\u0105cy na uk\u0142adach typu fenderowskiego, z mo\u017cliwo\u015bci\u0105 prze\u0142\u0105czenia go do trybu CRUNCH .<br \/>\nCH2 posiada charakterystyczne brytyjskie przesterowanie i pozwala uzyskiwa\u0107 zar\u00f3wno barwy typu crunch jak r\u00f3wnie\u017c mocniej przesterowane nasycone harmonicznymi brzmienie.<br \/>\nCH3 i 4 s\u0105 kana\u0142ami typowo high gainowymi . CH3 jest przeznaczony do gry rytmicznej zw\u0142aszcza w niskim stroju, jak r\u00f3wnie\u017c mo\u017ce by\u0107 kana\u0142em solowym.<br \/>\nKana\u0142 CH4 posiada szersze pasmo od CH3 doskonale sprawdzi si\u0119 w brzmieniach rockowych ,w grze solowej , jak r\u00f3wnie\u017c poprzez bardzo du\u017cy zakres GAIN mo\u017ce pracowa\u0107 od crunchu do high gainowych przesterowa\u0144.<\/p>\n<h1><strong><em>Specyfikacja:<\/em><\/strong><\/h1>\n<ul>\n<li>Dost\u0119pne warianty: Head 2X50, 50 watt mono , 100watt mono<\/li>\n<li>Lampy: 7x ECC83S JJ (wersja mono 6x ECC83) &amp; 4x\u00a06L6GC JJ -100watt lub 2x50watt (w opcji EL34)<\/li>\n<li>Ceramiczne podstawki lamp<\/li>\n<li>Moc: 2x50Watt stereo<\/li>\n<li>Ko\u0144c\u00f3wki mocy:push-pull ,klasa AB,sta\u0142a polaryzacja siatek<\/li>\n<li>2x prze\u0142\u0105cznik PENTODA\/TRIODA<\/li>\n<li>Wej\u015bcie gitarowe JACK(6,3mm)<\/li>\n<li>P\u0119tla efekt\u00f3w:szeregowa z regulacj\u0105 send i return A ,return B , wy\u0142aczana footswitchem<\/li>\n<li>P\u0119tla efekt\u00f3w N.G. LOOP przeznaczona do bramki szum\u00f3w<\/li>\n<li>2x Wyj\u015bcia g\u0142o\u015bnikowe:2xJack( 6,3mm); Prze\u0142acznik 4,8,16 OHM<\/li>\n<li>2x Wyj\u015bcie liniowe (0dB)<\/li>\n<li>Wyj\u015bcie FOOSWITCH DB-9<\/li>\n<li>Przedwzmacniacz: 4 kana\u0142y<\/li>\n<li>CH1: 3 punktowe EQ,GAIN,VOLUME,prze\u0142\u0105cznik CRUNCH<\/li>\n<li>CH2: 3 punktowe EQ,GAIN,VOLUME,prze\u0142\u0105cznik VINT\/MOD<\/li>\n<li>CH3: 3 punktowe EQ,GAIN,VOLUME,prze\u0142\u0105cznik\u00a0VINT\/MOD<\/li>\n<li>CH4: 3 punktowe EQ,GAIN,VOLUME,prze\u0142\u0105cznik\u00a0VINT\/MOD<\/li>\n<li>2x Regulacja MASTER (dla wszystkich kana\u0142\u00f3w)<\/li>\n<li>2x regulacja SOLO (dla wszystkich kana\u0142\u00f3w) za\u0142\u0105czana footswitchem<\/li>\n<li>2x Regulacja PRESENCE<\/li>\n<li>Prze\u0142\u0105cznik no\u017cny 6 przycisk\u00f3w\u00a0 CHANNEL 1,2,3,4 ; SOLO; FX BYPAS<\/li>\n<li>Terminale BIAS TEST do regulacji biasu lamp ko\u0144c\u00f3wki mocy<\/li>\n<li>INTERFACE MIDI (MIDI IN , MIDI THRU) sterowanie zmiana kana\u0142\u00f3w, solo,fx loop<\/li>\n<li>Wymiary:d\u0142ugo\u015b\u0107-666mm ,g\u0142\u0119boko\u015b\u0107-232mm,wysoko\u015b\u0107-250mm<\/li>\n<li>Waga:26kg-2&#215;50<\/li>\n<\/ul>\n<p>Instrukcja obs\u0142ugi wzmacniacza Vulture &#8211;\u00a0<span style=\"color: #ff0000;\"><a style=\"color: #ff0000;\" href=\"https:\/\/mgamp.com\/site\/wp-content\/uploads\/2015\/05\/Vulture_online.pdf\" rel=\"\">Vulture instrukcja.pdf<\/a><\/span><\/p>\n<h2>Sample MP3<\/h2>\n<!--[if lt IE 9]><script>document.createElement('audio');<\/script><![endif]-->\n\t<div class=\"wp-playlist wp-audio-playlist wp-playlist-light\">\n\t\t\t<div class=\"wp-playlist-current-item\"><\/div>\n\t\t<audio controls=\"controls\" preload=\"none\" width=\"1148\"\n\t\t\t><\/audio>\n\t<div class=\"wp-playlist-next\"><\/div>\n\t<div class=\"wp-playlist-prev\"><\/div>\n\t<noscript>\n\t<ol>\n\t\t<li><a href='https:\/\/mgamp.com\/site\/wp-content\/uploads\/2018\/08\/vult_ch3_ch4_sm57.mp3'>vult_ch3_ch4- Vicol<\/a><\/li><li><a href='https:\/\/mgamp.com\/site\/wp-content\/uploads\/2018\/06\/VUL_ch1_strat_2.mp3'>Vulture  ch1 Strat<\/a><\/li><li><a href='https:\/\/mgamp.com\/site\/wp-content\/uploads\/2018\/06\/VUL_ch2_gib_p90_2.mp3'>VULTURE ch2  Gibson_P90<\/a><\/li><li><a href='https:\/\/mgamp.com\/site\/wp-content\/uploads\/2018\/06\/VUL_ch2_gib_V_neck_2.mp3'>VULTURE ch2 Gibson Flying V_neck<\/a><\/li><li><a href='https:\/\/mgamp.com\/site\/wp-content\/uploads\/2019\/05\/Vulture-Marcin-Polczyk-1.mp3'>Vulture 1- Marcin Polczyk<\/a><\/li><li><a href='https:\/\/mgamp.com\/site\/wp-content\/uploads\/2019\/05\/Vulture-Marcin-Polczyk-2.mp3'>Vulture 2 - Marcin Polczyk<\/a><\/li><li><a href='https:\/\/mgamp.com\/site\/wp-content\/uploads\/2019\/05\/Vulture-Marcin-Polczyk-3.mp3'>Vulture 3 - Marcin Polczyk<\/a><\/li>\t<\/ol>\n\t<\/noscript>\n\t<script type=\"application\/json\" class=\"wp-playlist-script\">{\"type\":\"audio\",\"tracklist\":true,\"tracknumbers\":true,\"images\":true,\"artists\":false,\"tracks\":[{\"src\":\"https:\\\/\\\/mgamp.com\\\/site\\\/wp-content\\\/uploads\\\/2018\\\/08\\\/vult_ch3_ch4_sm57.mp3\",\"type\":\"audio\\\/mpeg\",\"title\":\"vult_ch3_ch4- Vicol\",\"caption\":\"\",\"description\":\"\\\"vult_ch3_ch4_sm57\\\".\",\"meta\":{\"artist\":\"Vicol\",\"length_formatted\":\"0:49\"},\"image\":{\"src\":\"https:\\\/\\\/mgamp.com\\\/site\\\/wp-includes\\\/images\\\/media\\\/audio.svg\",\"width\":48,\"height\":64},\"thumb\":{\"src\":\"https:\\\/\\\/mgamp.com\\\/site\\\/wp-includes\\\/images\\\/media\\\/audio.svg\",\"width\":48,\"height\":64}},{\"src\":\"https:\\\/\\\/mgamp.com\\\/site\\\/wp-content\\\/uploads\\\/2018\\\/06\\\/VUL_ch1_strat_2.mp3\",\"type\":\"audio\\\/mpeg\",\"title\":\"Vulture  ch1 Strat\",\"caption\":\"\",\"description\":\"\\\"VUL_ch1_strat_2\\\" autor: Krzysztof Paul.\",\"meta\":{\"artist\":\"Krzysztof Paul\",\"length_formatted\":\"0:18\"},\"image\":{\"src\":\"https:\\\/\\\/mgamp.com\\\/site\\\/wp-includes\\\/images\\\/media\\\/audio.svg\",\"width\":48,\"height\":64},\"thumb\":{\"src\":\"https:\\\/\\\/mgamp.com\\\/site\\\/wp-includes\\\/images\\\/media\\\/audio.svg\",\"width\":48,\"height\":64}},{\"src\":\"https:\\\/\\\/mgamp.com\\\/site\\\/wp-content\\\/uploads\\\/2018\\\/06\\\/VUL_ch2_gib_p90_2.mp3\",\"type\":\"audio\\\/mpeg\",\"title\":\"VULTURE ch2  Gibson_P90\",\"caption\":\"\",\"description\":\"\\\"VUL_ch2_gib_p90_2\\\" autor: Krzysztof Paul\",\"meta\":{\"artist\":\"Krzysztof Paul\",\"length_formatted\":\"0:30\"},\"image\":{\"src\":\"https:\\\/\\\/mgamp.com\\\/site\\\/wp-includes\\\/images\\\/media\\\/audio.svg\",\"width\":48,\"height\":64},\"thumb\":{\"src\":\"https:\\\/\\\/mgamp.com\\\/site\\\/wp-includes\\\/images\\\/media\\\/audio.svg\",\"width\":48,\"height\":64}},{\"src\":\"https:\\\/\\\/mgamp.com\\\/site\\\/wp-content\\\/uploads\\\/2018\\\/06\\\/VUL_ch2_gib_V_neck_2.mp3\",\"type\":\"audio\\\/mpeg\",\"title\":\"VULTURE ch2 Gibson Flying V_neck\",\"caption\":\"\",\"description\":\"\\\"VUL_ch2_gib_V_neck_2\\\" autor: Krzysztof Paul\",\"meta\":{\"artist\":\"Krzysztof Paul\",\"length_formatted\":\"0:24\"},\"image\":{\"src\":\"https:\\\/\\\/mgamp.com\\\/site\\\/wp-includes\\\/images\\\/media\\\/audio.svg\",\"width\":48,\"height\":64},\"thumb\":{\"src\":\"https:\\\/\\\/mgamp.com\\\/site\\\/wp-includes\\\/images\\\/media\\\/audio.svg\",\"width\":48,\"height\":64}},{\"src\":\"https:\\\/\\\/mgamp.com\\\/site\\\/wp-content\\\/uploads\\\/2019\\\/05\\\/Vulture-Marcin-Polczyk-1.mp3\",\"type\":\"audio\\\/mpeg\",\"title\":\"Vulture 1- Marcin Polczyk\",\"caption\":\"\",\"description\":\"\\\"Vulture 1\\\" autor: Marcin Polczyk.\",\"meta\":{\"artist\":\"Marcin Polczyk\",\"length_formatted\":\"0:34\"},\"image\":{\"src\":\"https:\\\/\\\/mgamp.com\\\/site\\\/wp-includes\\\/images\\\/media\\\/audio.svg\",\"width\":48,\"height\":64},\"thumb\":{\"src\":\"https:\\\/\\\/mgamp.com\\\/site\\\/wp-includes\\\/images\\\/media\\\/audio.svg\",\"width\":48,\"height\":64}},{\"src\":\"https:\\\/\\\/mgamp.com\\\/site\\\/wp-content\\\/uploads\\\/2019\\\/05\\\/Vulture-Marcin-Polczyk-2.mp3\",\"type\":\"audio\\\/mpeg\",\"title\":\"Vulture 2 - Marcin Polczyk\",\"caption\":\"\",\"description\":\"\\\"Vulture 2\\\" autor: Marcin Polczyk.\",\"meta\":{\"artist\":\"Marcin Polczyk\",\"length_formatted\":\"0:44\"},\"image\":{\"src\":\"https:\\\/\\\/mgamp.com\\\/site\\\/wp-includes\\\/images\\\/media\\\/audio.svg\",\"width\":48,\"height\":64},\"thumb\":{\"src\":\"https:\\\/\\\/mgamp.com\\\/site\\\/wp-includes\\\/images\\\/media\\\/audio.svg\",\"width\":48,\"height\":64}},{\"src\":\"https:\\\/\\\/mgamp.com\\\/site\\\/wp-content\\\/uploads\\\/2019\\\/05\\\/Vulture-Marcin-Polczyk-3.mp3\",\"type\":\"audio\\\/mpeg\",\"title\":\"Vulture 3 - Marcin Polczyk\",\"caption\":\"\",\"description\":\"\\\"Vulture 3\\\" autor: Marcin Polczyk.\",\"meta\":{\"artist\":\"Marcin Polczyk\",\"length_formatted\":\"0:38\"},\"image\":{\"src\":\"https:\\\/\\\/mgamp.com\\\/site\\\/wp-includes\\\/images\\\/media\\\/audio.svg\",\"width\":48,\"height\":64},\"thumb\":{\"src\":\"https:\\\/\\\/mgamp.com\\\/site\\\/wp-includes\\\/images\\\/media\\\/audio.svg\",\"width\":48,\"height\":64}}]}<\/script>\n<\/div>\n\t\n<p>&nbsp;<\/p>\n","protected":false},"excerpt":{"rendered":"<p>Vulture Amplifier Vulture to w pe\u0142ni lampowy HEAD o konstrukcji przedwzmacniacza 4-ro kana\u0142owej, z pe\u0142na regulacja oraz\u00a0 korekcj\u0105 dla ka\u017cdego kana\u0142u.Wzmacniacz w wersji 2&#215;50 posiada 2-wie ko\u0144c\u00f3wki mocy, ka\u017cda o mocy 50 watt z mo\u017cliwosci\u0105 prze\u0142\u0105czenia do 25watt ( PENTODE\/TRIODE) ka\u017cdego stopnia osobno. Ka\u017cda ko\u0144c\u00f3wka mocy posiada tak\u017ce niezale\u017cny wyb\u00f3r impedancji g\u0142o\u015bnik\u00f3w (4,8,16 ohm) oraz<\/p>\n<p><a href=\"https:\/\/mgamp.com\/site\/produkty\/vulture\/\" class=\"more-link themebutton\">Read More<\/a><\/p>\n","protected":false},"author":1,"featured_media":0,"parent":17,"menu_order":0,"comment_status":"closed","ping_status":"closed","template":"","meta":{"footnotes":""},"class_list":["post-8","page","type-page","status-publish","hentry"],"yoast_head":"<!-- This site is optimized with the Yoast SEO plugin v27.5 - https:\/\/yoast.com\/product\/yoast-seo-wordpress\/ -->\n<title>Vulture - MG AMPLIFICATION<\/title>\n<meta name=\"robots\" content=\"index, follow, max-snippet:-1, max-image-preview:large, max-video-preview:-1\" \/>\n<link rel=\"canonical\" href=\"https:\/\/mgamp.com\/site\/produkty\/vulture\/\" \/>\n<meta property=\"og:locale\" content=\"pl_PL\" \/>\n<meta property=\"og:type\" content=\"article\" \/>\n<meta property=\"og:title\" content=\"Vulture - MG AMPLIFICATION\" \/>\n<meta property=\"og:description\" content=\"Vulture Amplifier Vulture to w pe\u0142ni lampowy HEAD o konstrukcji przedwzmacniacza 4-ro kana\u0142owej, z pe\u0142na regulacja oraz\u00a0 korekcj\u0105 dla ka\u017cdego kana\u0142u.Wzmacniacz w wersji 2&#215;50 posiada 2-wie ko\u0144c\u00f3wki mocy, ka\u017cda o mocy 50 watt z mo\u017cliwosci\u0105 prze\u0142\u0105czenia do 25watt ( PENTODE\/TRIODE) ka\u017cdego stopnia osobno. Ka\u017cda ko\u0144c\u00f3wka mocy posiada tak\u017ce niezale\u017cny wyb\u00f3r impedancji g\u0142o\u015bnik\u00f3w (4,8,16 ohm) orazRead More\" \/>\n<meta property=\"og:url\" content=\"https:\/\/mgamp.com\/site\/produkty\/vulture\/\" \/>\n<meta property=\"og:site_name\" content=\"MG AMPLIFICATION\" \/>\n<meta property=\"article:modified_time\" content=\"2019-05-29T23:04:28+00:00\" \/>\n<meta property=\"og:image\" content=\"https:\/\/mgamp.com\/site\/wp-content\/uploads\/2015\/05\/vulture_head-Small.jpg\" \/>\n\t<meta property=\"og:image:width\" content=\"640\" \/>\n\t<meta property=\"og:image:height\" content=\"353\" \/>\n\t<meta property=\"og:image:type\" content=\"image\/jpeg\" \/>\n<meta name=\"twitter:card\" content=\"summary_large_image\" \/>\n<meta name=\"twitter:label1\" content=\"Szacowany czas czytania\" \/>\n\t<meta name=\"twitter:data1\" content=\"3 minuty\" \/>\n<script type=\"application\/ld+json\" class=\"yoast-schema-graph\">{\"@context\":\"https:\\\/\\\/schema.org\",\"@graph\":[{\"@type\":\"WebPage\",\"@id\":\"https:\\\/\\\/mgamp.com\\\/site\\\/produkty\\\/vulture\\\/\",\"url\":\"https:\\\/\\\/mgamp.com\\\/site\\\/produkty\\\/vulture\\\/\",\"name\":\"Vulture - MG AMPLIFICATION\",\"isPartOf\":{\"@id\":\"https:\\\/\\\/mgamp.com\\\/site\\\/#website\"},\"primaryImageOfPage\":{\"@id\":\"https:\\\/\\\/mgamp.com\\\/site\\\/produkty\\\/vulture\\\/#primaryimage\"},\"image\":{\"@id\":\"https:\\\/\\\/mgamp.com\\\/site\\\/produkty\\\/vulture\\\/#primaryimage\"},\"thumbnailUrl\":\"https:\\\/\\\/mgamp.com\\\/site\\\/wp-content\\\/uploads\\\/2015\\\/05\\\/vulture_head-Small.jpg\",\"datePublished\":\"2015-05-14T13:06:23+00:00\",\"dateModified\":\"2019-05-29T23:04:28+00:00\",\"breadcrumb\":{\"@id\":\"https:\\\/\\\/mgamp.com\\\/site\\\/produkty\\\/vulture\\\/#breadcrumb\"},\"inLanguage\":\"pl-PL\",\"potentialAction\":[{\"@type\":\"ReadAction\",\"target\":[\"https:\\\/\\\/mgamp.com\\\/site\\\/produkty\\\/vulture\\\/\"]}]},{\"@type\":\"ImageObject\",\"inLanguage\":\"pl-PL\",\"@id\":\"https:\\\/\\\/mgamp.com\\\/site\\\/produkty\\\/vulture\\\/#primaryimage\",\"url\":\"https:\\\/\\\/mgamp.com\\\/site\\\/wp-content\\\/uploads\\\/2015\\\/05\\\/vulture_head-Small.jpg\",\"contentUrl\":\"https:\\\/\\\/mgamp.com\\\/site\\\/wp-content\\\/uploads\\\/2015\\\/05\\\/vulture_head-Small.jpg\",\"width\":640,\"height\":353,\"caption\":\"SONY DSC\"},{\"@type\":\"BreadcrumbList\",\"@id\":\"https:\\\/\\\/mgamp.com\\\/site\\\/produkty\\\/vulture\\\/#breadcrumb\",\"itemListElement\":[{\"@type\":\"ListItem\",\"position\":1,\"name\":\"Strona g\u0142\u00f3wna\",\"item\":\"https:\\\/\\\/mgamp.com\\\/site\\\/\"},{\"@type\":\"ListItem\",\"position\":2,\"name\":\"Wzmacniacze\",\"item\":\"https:\\\/\\\/mgamp.com\\\/site\\\/produkty\\\/\"},{\"@type\":\"ListItem\",\"position\":3,\"name\":\"Vulture\"}]},{\"@type\":\"WebSite\",\"@id\":\"https:\\\/\\\/mgamp.com\\\/site\\\/#website\",\"url\":\"https:\\\/\\\/mgamp.com\\\/site\\\/\",\"name\":\"MG AMPLIFICATION\",\"description\":\"Gitarowe wzmacniacze lampowe\",\"potentialAction\":[{\"@type\":\"SearchAction\",\"target\":{\"@type\":\"EntryPoint\",\"urlTemplate\":\"https:\\\/\\\/mgamp.com\\\/site\\\/?s={search_term_string}\"},\"query-input\":{\"@type\":\"PropertyValueSpecification\",\"valueRequired\":true,\"valueName\":\"search_term_string\"}}],\"inLanguage\":\"pl-PL\"}]}<\/script>\n<!-- \/ Yoast SEO plugin. -->","yoast_head_json":{"title":"Vulture - MG AMPLIFICATION","robots":{"index":"index","follow":"follow","max-snippet":"max-snippet:-1","max-image-preview":"max-image-preview:large","max-video-preview":"max-video-preview:-1"},"canonical":"https:\/\/mgamp.com\/site\/produkty\/vulture\/","og_locale":"pl_PL","og_type":"article","og_title":"Vulture - MG AMPLIFICATION","og_description":"Vulture Amplifier Vulture to w pe\u0142ni lampowy HEAD o konstrukcji przedwzmacniacza 4-ro kana\u0142owej, z pe\u0142na regulacja oraz\u00a0 korekcj\u0105 dla ka\u017cdego kana\u0142u.Wzmacniacz w wersji 2&#215;50 posiada 2-wie ko\u0144c\u00f3wki mocy, ka\u017cda o mocy 50 watt z mo\u017cliwosci\u0105 prze\u0142\u0105czenia do 25watt ( PENTODE\/TRIODE) ka\u017cdego stopnia osobno. Ka\u017cda ko\u0144c\u00f3wka mocy posiada tak\u017ce niezale\u017cny wyb\u00f3r impedancji g\u0142o\u015bnik\u00f3w (4,8,16 ohm) orazRead More","og_url":"https:\/\/mgamp.com\/site\/produkty\/vulture\/","og_site_name":"MG AMPLIFICATION","article_modified_time":"2019-05-29T23:04:28+00:00","og_image":[{"width":640,"height":353,"url":"https:\/\/mgamp.com\/site\/wp-content\/uploads\/2015\/05\/vulture_head-Small.jpg","type":"image\/jpeg"}],"twitter_card":"summary_large_image","twitter_misc":{"Szacowany czas czytania":"3 minuty"},"schema":{"@context":"https:\/\/schema.org","@graph":[{"@type":"WebPage","@id":"https:\/\/mgamp.com\/site\/produkty\/vulture\/","url":"https:\/\/mgamp.com\/site\/produkty\/vulture\/","name":"Vulture - MG AMPLIFICATION","isPartOf":{"@id":"https:\/\/mgamp.com\/site\/#website"},"primaryImageOfPage":{"@id":"https:\/\/mgamp.com\/site\/produkty\/vulture\/#primaryimage"},"image":{"@id":"https:\/\/mgamp.com\/site\/produkty\/vulture\/#primaryimage"},"thumbnailUrl":"https:\/\/mgamp.com\/site\/wp-content\/uploads\/2015\/05\/vulture_head-Small.jpg","datePublished":"2015-05-14T13:06:23+00:00","dateModified":"2019-05-29T23:04:28+00:00","breadcrumb":{"@id":"https:\/\/mgamp.com\/site\/produkty\/vulture\/#breadcrumb"},"inLanguage":"pl-PL","potentialAction":[{"@type":"ReadAction","target":["https:\/\/mgamp.com\/site\/produkty\/vulture\/"]}]},{"@type":"ImageObject","inLanguage":"pl-PL","@id":"https:\/\/mgamp.com\/site\/produkty\/vulture\/#primaryimage","url":"https:\/\/mgamp.com\/site\/wp-content\/uploads\/2015\/05\/vulture_head-Small.jpg","contentUrl":"https:\/\/mgamp.com\/site\/wp-content\/uploads\/2015\/05\/vulture_head-Small.jpg","width":640,"height":353,"caption":"SONY DSC"},{"@type":"BreadcrumbList","@id":"https:\/\/mgamp.com\/site\/produkty\/vulture\/#breadcrumb","itemListElement":[{"@type":"ListItem","position":1,"name":"Strona g\u0142\u00f3wna","item":"https:\/\/mgamp.com\/site\/"},{"@type":"ListItem","position":2,"name":"Wzmacniacze","item":"https:\/\/mgamp.com\/site\/produkty\/"},{"@type":"ListItem","position":3,"name":"Vulture"}]},{"@type":"WebSite","@id":"https:\/\/mgamp.com\/site\/#website","url":"https:\/\/mgamp.com\/site\/","name":"MG AMPLIFICATION","description":"Gitarowe wzmacniacze lampowe","potentialAction":[{"@type":"SearchAction","target":{"@type":"EntryPoint","urlTemplate":"https:\/\/mgamp.com\/site\/?s={search_term_string}"},"query-input":{"@type":"PropertyValueSpecification","valueRequired":true,"valueName":"search_term_string"}}],"inLanguage":"pl-PL"}]}},"_links":{"self":[{"href":"https:\/\/mgamp.com\/site\/wp-json\/wp\/v2\/pages\/8","targetHints":{"allow":["GET"]}}],"collection":[{"href":"https:\/\/mgamp.com\/site\/wp-json\/wp\/v2\/pages"}],"about":[{"href":"https:\/\/mgamp.com\/site\/wp-json\/wp\/v2\/types\/page"}],"author":[{"embeddable":true,"href":"https:\/\/mgamp.com\/site\/wp-json\/wp\/v2\/users\/1"}],"replies":[{"embeddable":true,"href":"https:\/\/mgamp.com\/site\/wp-json\/wp\/v2\/comments?post=8"}],"version-history":[{"count":27,"href":"https:\/\/mgamp.com\/site\/wp-json\/wp\/v2\/pages\/8\/revisions"}],"predecessor-version":[{"id":629,"href":"https:\/\/mgamp.com\/site\/wp-json\/wp\/v2\/pages\/8\/revisions\/629"}],"up":[{"embeddable":true,"href":"https:\/\/mgamp.com\/site\/wp-json\/wp\/v2\/pages\/17"}],"wp:attachment":[{"href":"https:\/\/mgamp.com\/site\/wp-json\/wp\/v2\/media?parent=8"}],"curies":[{"name":"wp","href":"https:\/\/api.w.org\/{rel}","templated":true}]}}