{"id":494,"date":"2017-05-12T07:51:13","date_gmt":"2017-05-12T07:51:13","guid":{"rendered":"https:\/\/mgamp.com\/site\/?page_id=494"},"modified":"2017-06-01T22:25:11","modified_gmt":"2017-06-01T22:25:11","slug":"firebird-rack-preamp","status":"publish","type":"page","link":"https:\/\/mgamp.com\/site\/wzmacniacze-rack\/firebird-rack-preamp\/","title":{"rendered":"Firebird Rack Preamp"},"content":{"rendered":"<h2>Firebird\u00a0rack preamp<\/h2>\n<p><a href=\"https:\/\/mgamp.com\/site\/wp-content\/uploads\/2017\/05\/firebird_rack_pre_bk-Small.jpg\"><img loading=\"lazy\" decoding=\"async\" class=\"size-full wp-image-495 alignright\" src=\"https:\/\/mgamp.com\/site\/wp-content\/uploads\/2017\/05\/firebird_rack_pre_bk-Small.jpg\" alt=\"\" width=\"640\" height=\"149\" srcset=\"https:\/\/mgamp.com\/site\/wp-content\/uploads\/2017\/05\/firebird_rack_pre_bk-Small.jpg 640w, https:\/\/mgamp.com\/site\/wp-content\/uploads\/2017\/05\/firebird_rack_pre_bk-Small-600x140.jpg 600w, https:\/\/mgamp.com\/site\/wp-content\/uploads\/2017\/05\/firebird_rack_pre_bk-Small-300x70.jpg 300w\" sizes=\"auto, (max-width: 640px) 100vw, 640px\" \/><\/a><\/p>\n<p>Firebird rack preamp to przedwzmacniacz , kt\u00f3ry jest rackow\u0105 wersj\u0105 przedwzmacniacza zastosowanego we wzmacniaczu\u00a0Firebird , oparty na 2 lampach ECC83\/12AX7.<\/p>\n<p>Konstrukcja 2 kana\u0142owa z pe\u0142na korekcja barwy ka\u017cdego kana\u0142u.<\/p>\n<p>Przedwzmacniacz zosta\u0142 wyposa\u017cony w stereofoniczna regulowan\u0105 p\u0119tl\u0119 efekt\u00f3w, fx bypas, oraz footswitch.<\/p>\n<h1><em>Specyfikacja:<\/em><\/h1>\n<ul>\n<li>Dost\u0119pne warianty: Rack 1U<\/li>\n<li>Lamp2x ECC83 S-JJ<\/li>\n<li>Ceramiczne podstawki lamp<\/li>\n<li>Wej\u015bcie gitarowe JACK(6,3mm)<\/li>\n<li>P\u0119tla efekt\u00f3w:szeregowa z regulacj\u0105 send i return A ,return B , wy\u0142aczana footswitchem<\/li>\n<li>2x Wyj\u015bcia liniowe:2xJack( 6,3mm)A+B (odB)<\/li>\n<li>Wyj\u015bcie FOOSWITCH DB-9<\/li>\n<li>Przedwzmacniacz: 2\u00a0kana\u0142y<\/li>\n<li>clean: 3 punktowe EQVOLUME<\/li>\n<li>lead: 3 punktowe EQ,GAIN,VOLUME<\/li>\n<li>Wymiary:d\u0142ugo\u015b\u0107-483mm ,g\u0142\u0119boko\u015b\u0107-230mm,wysoko\u015b\u0107-45mm<\/li>\n<li>Waga3,5kg<\/li>\n<\/ul>\n<p><a href=\"http:\/\/www.mgamp.com\/sklep\/index.php?id_product=68&amp;controller=product&amp;id_lang=3\" target=\"_blank\" rel=\"noopener noreferrer\">zam\u00f3w w sklepie<\/a><\/p>\n","protected":false},"excerpt":{"rendered":"<p>Firebird\u00a0rack preamp Firebird rack preamp to przedwzmacniacz , kt\u00f3ry jest rackow\u0105 wersj\u0105 przedwzmacniacza zastosowanego we wzmacniaczu\u00a0Firebird , oparty na 2 lampach ECC83\/12AX7. Konstrukcja 2 kana\u0142owa z pe\u0142na korekcja barwy ka\u017cdego kana\u0142u. Przedwzmacniacz zosta\u0142 wyposa\u017cony w stereofoniczna regulowan\u0105 p\u0119tl\u0119 efekt\u00f3w, fx bypas, oraz footswitch. Specyfikacja: Dost\u0119pne warianty: Rack 1U Lamp2x ECC83 S-JJ Ceramiczne podstawki lamp Wej\u015bcie<\/p>\n<p><a href=\"https:\/\/mgamp.com\/site\/wzmacniacze-rack\/firebird-rack-preamp\/\" class=\"more-link themebutton\">Read More<\/a><\/p>\n","protected":false},"author":1,"featured_media":0,"parent":303,"menu_order":0,"comment_status":"closed","ping_status":"closed","template":"","meta":{"footnotes":""},"class_list":["post-494","page","type-page","status-publish","hentry"],"yoast_head":"<!-- This site is optimized with the Yoast SEO plugin v27.5 - https:\/\/yoast.com\/product\/yoast-seo-wordpress\/ -->\n<title>Firebird Rack Preamp - MG AMPLIFICATION<\/title>\n<meta name=\"robots\" content=\"index, follow, max-snippet:-1, max-image-preview:large, max-video-preview:-1\" \/>\n<link rel=\"canonical\" href=\"https:\/\/mgamp.com\/site\/wzmacniacze-rack\/firebird-rack-preamp\/\" \/>\n<meta property=\"og:locale\" content=\"pl_PL\" \/>\n<meta property=\"og:type\" content=\"article\" \/>\n<meta property=\"og:title\" content=\"Firebird Rack Preamp - MG AMPLIFICATION\" \/>\n<meta property=\"og:description\" content=\"Firebird\u00a0rack preamp Firebird rack preamp to przedwzmacniacz , kt\u00f3ry jest rackow\u0105 wersj\u0105 przedwzmacniacza zastosowanego we wzmacniaczu\u00a0Firebird , oparty na 2 lampach ECC83\/12AX7. Konstrukcja 2 kana\u0142owa z pe\u0142na korekcja barwy ka\u017cdego kana\u0142u. Przedwzmacniacz zosta\u0142 wyposa\u017cony w stereofoniczna regulowan\u0105 p\u0119tl\u0119 efekt\u00f3w, fx bypas, oraz footswitch. Specyfikacja: Dost\u0119pne warianty: Rack 1U Lamp2x ECC83 S-JJ Ceramiczne podstawki lamp Wej\u015bcieRead More\" \/>\n<meta property=\"og:url\" content=\"https:\/\/mgamp.com\/site\/wzmacniacze-rack\/firebird-rack-preamp\/\" \/>\n<meta property=\"og:site_name\" content=\"MG AMPLIFICATION\" \/>\n<meta property=\"article:modified_time\" content=\"2017-06-01T22:25:11+00:00\" \/>\n<meta property=\"og:image\" content=\"https:\/\/mgamp.com\/site\/wp-content\/uploads\/2017\/05\/firebird_rack_pre_bk-Small.jpg\" \/>\n\t<meta property=\"og:image:width\" content=\"640\" \/>\n\t<meta property=\"og:image:height\" content=\"149\" \/>\n\t<meta property=\"og:image:type\" content=\"image\/jpeg\" \/>\n<meta name=\"twitter:card\" content=\"summary_large_image\" \/>\n<meta name=\"twitter:label1\" content=\"Szacowany czas czytania\" \/>\n\t<meta name=\"twitter:data1\" content=\"1 minuta\" \/>\n<script type=\"application\/ld+json\" class=\"yoast-schema-graph\">{\"@context\":\"https:\\\/\\\/schema.org\",\"@graph\":[{\"@type\":\"WebPage\",\"@id\":\"https:\\\/\\\/mgamp.com\\\/site\\\/wzmacniacze-rack\\\/firebird-rack-preamp\\\/\",\"url\":\"https:\\\/\\\/mgamp.com\\\/site\\\/wzmacniacze-rack\\\/firebird-rack-preamp\\\/\",\"name\":\"Firebird Rack Preamp - MG AMPLIFICATION\",\"isPartOf\":{\"@id\":\"https:\\\/\\\/mgamp.com\\\/site\\\/#website\"},\"primaryImageOfPage\":{\"@id\":\"https:\\\/\\\/mgamp.com\\\/site\\\/wzmacniacze-rack\\\/firebird-rack-preamp\\\/#primaryimage\"},\"image\":{\"@id\":\"https:\\\/\\\/mgamp.com\\\/site\\\/wzmacniacze-rack\\\/firebird-rack-preamp\\\/#primaryimage\"},\"thumbnailUrl\":\"https:\\\/\\\/mgamp.com\\\/site\\\/wp-content\\\/uploads\\\/2017\\\/05\\\/firebird_rack_pre_bk-Small.jpg\",\"datePublished\":\"2017-05-12T07:51:13+00:00\",\"dateModified\":\"2017-06-01T22:25:11+00:00\",\"breadcrumb\":{\"@id\":\"https:\\\/\\\/mgamp.com\\\/site\\\/wzmacniacze-rack\\\/firebird-rack-preamp\\\/#breadcrumb\"},\"inLanguage\":\"pl-PL\",\"potentialAction\":[{\"@type\":\"ReadAction\",\"target\":[\"https:\\\/\\\/mgamp.com\\\/site\\\/wzmacniacze-rack\\\/firebird-rack-preamp\\\/\"]}]},{\"@type\":\"ImageObject\",\"inLanguage\":\"pl-PL\",\"@id\":\"https:\\\/\\\/mgamp.com\\\/site\\\/wzmacniacze-rack\\\/firebird-rack-preamp\\\/#primaryimage\",\"url\":\"https:\\\/\\\/mgamp.com\\\/site\\\/wp-content\\\/uploads\\\/2017\\\/05\\\/firebird_rack_pre_bk-Small.jpg\",\"contentUrl\":\"https:\\\/\\\/mgamp.com\\\/site\\\/wp-content\\\/uploads\\\/2017\\\/05\\\/firebird_rack_pre_bk-Small.jpg\",\"width\":640,\"height\":149},{\"@type\":\"BreadcrumbList\",\"@id\":\"https:\\\/\\\/mgamp.com\\\/site\\\/wzmacniacze-rack\\\/firebird-rack-preamp\\\/#breadcrumb\",\"itemListElement\":[{\"@type\":\"ListItem\",\"position\":1,\"name\":\"Strona g\u0142\u00f3wna\",\"item\":\"https:\\\/\\\/mgamp.com\\\/site\\\/\"},{\"@type\":\"ListItem\",\"position\":2,\"name\":\"Rack\",\"item\":\"https:\\\/\\\/mgamp.com\\\/site\\\/wzmacniacze-rack\\\/\"},{\"@type\":\"ListItem\",\"position\":3,\"name\":\"Firebird Rack Preamp\"}]},{\"@type\":\"WebSite\",\"@id\":\"https:\\\/\\\/mgamp.com\\\/site\\\/#website\",\"url\":\"https:\\\/\\\/mgamp.com\\\/site\\\/\",\"name\":\"MG AMPLIFICATION\",\"description\":\"Gitarowe wzmacniacze lampowe\",\"potentialAction\":[{\"@type\":\"SearchAction\",\"target\":{\"@type\":\"EntryPoint\",\"urlTemplate\":\"https:\\\/\\\/mgamp.com\\\/site\\\/?s={search_term_string}\"},\"query-input\":{\"@type\":\"PropertyValueSpecification\",\"valueRequired\":true,\"valueName\":\"search_term_string\"}}],\"inLanguage\":\"pl-PL\"}]}<\/script>\n<!-- \/ Yoast SEO plugin. -->","yoast_head_json":{"title":"Firebird Rack Preamp - MG AMPLIFICATION","robots":{"index":"index","follow":"follow","max-snippet":"max-snippet:-1","max-image-preview":"max-image-preview:large","max-video-preview":"max-video-preview:-1"},"canonical":"https:\/\/mgamp.com\/site\/wzmacniacze-rack\/firebird-rack-preamp\/","og_locale":"pl_PL","og_type":"article","og_title":"Firebird Rack Preamp - MG AMPLIFICATION","og_description":"Firebird\u00a0rack preamp Firebird rack preamp to przedwzmacniacz , kt\u00f3ry jest rackow\u0105 wersj\u0105 przedwzmacniacza zastosowanego we wzmacniaczu\u00a0Firebird , oparty na 2 lampach ECC83\/12AX7. Konstrukcja 2 kana\u0142owa z pe\u0142na korekcja barwy ka\u017cdego kana\u0142u. Przedwzmacniacz zosta\u0142 wyposa\u017cony w stereofoniczna regulowan\u0105 p\u0119tl\u0119 efekt\u00f3w, fx bypas, oraz footswitch. Specyfikacja: Dost\u0119pne warianty: Rack 1U Lamp2x ECC83 S-JJ Ceramiczne podstawki lamp Wej\u015bcieRead More","og_url":"https:\/\/mgamp.com\/site\/wzmacniacze-rack\/firebird-rack-preamp\/","og_site_name":"MG AMPLIFICATION","article_modified_time":"2017-06-01T22:25:11+00:00","og_image":[{"width":640,"height":149,"url":"https:\/\/mgamp.com\/site\/wp-content\/uploads\/2017\/05\/firebird_rack_pre_bk-Small.jpg","type":"image\/jpeg"}],"twitter_card":"summary_large_image","twitter_misc":{"Szacowany czas czytania":"1 minuta"},"schema":{"@context":"https:\/\/schema.org","@graph":[{"@type":"WebPage","@id":"https:\/\/mgamp.com\/site\/wzmacniacze-rack\/firebird-rack-preamp\/","url":"https:\/\/mgamp.com\/site\/wzmacniacze-rack\/firebird-rack-preamp\/","name":"Firebird Rack Preamp - MG AMPLIFICATION","isPartOf":{"@id":"https:\/\/mgamp.com\/site\/#website"},"primaryImageOfPage":{"@id":"https:\/\/mgamp.com\/site\/wzmacniacze-rack\/firebird-rack-preamp\/#primaryimage"},"image":{"@id":"https:\/\/mgamp.com\/site\/wzmacniacze-rack\/firebird-rack-preamp\/#primaryimage"},"thumbnailUrl":"https:\/\/mgamp.com\/site\/wp-content\/uploads\/2017\/05\/firebird_rack_pre_bk-Small.jpg","datePublished":"2017-05-12T07:51:13+00:00","dateModified":"2017-06-01T22:25:11+00:00","breadcrumb":{"@id":"https:\/\/mgamp.com\/site\/wzmacniacze-rack\/firebird-rack-preamp\/#breadcrumb"},"inLanguage":"pl-PL","potentialAction":[{"@type":"ReadAction","target":["https:\/\/mgamp.com\/site\/wzmacniacze-rack\/firebird-rack-preamp\/"]}]},{"@type":"ImageObject","inLanguage":"pl-PL","@id":"https:\/\/mgamp.com\/site\/wzmacniacze-rack\/firebird-rack-preamp\/#primaryimage","url":"https:\/\/mgamp.com\/site\/wp-content\/uploads\/2017\/05\/firebird_rack_pre_bk-Small.jpg","contentUrl":"https:\/\/mgamp.com\/site\/wp-content\/uploads\/2017\/05\/firebird_rack_pre_bk-Small.jpg","width":640,"height":149},{"@type":"BreadcrumbList","@id":"https:\/\/mgamp.com\/site\/wzmacniacze-rack\/firebird-rack-preamp\/#breadcrumb","itemListElement":[{"@type":"ListItem","position":1,"name":"Strona g\u0142\u00f3wna","item":"https:\/\/mgamp.com\/site\/"},{"@type":"ListItem","position":2,"name":"Rack","item":"https:\/\/mgamp.com\/site\/wzmacniacze-rack\/"},{"@type":"ListItem","position":3,"name":"Firebird Rack Preamp"}]},{"@type":"WebSite","@id":"https:\/\/mgamp.com\/site\/#website","url":"https:\/\/mgamp.com\/site\/","name":"MG AMPLIFICATION","description":"Gitarowe wzmacniacze lampowe","potentialAction":[{"@type":"SearchAction","target":{"@type":"EntryPoint","urlTemplate":"https:\/\/mgamp.com\/site\/?s={search_term_string}"},"query-input":{"@type":"PropertyValueSpecification","valueRequired":true,"valueName":"search_term_string"}}],"inLanguage":"pl-PL"}]}},"_links":{"self":[{"href":"https:\/\/mgamp.com\/site\/wp-json\/wp\/v2\/pages\/494","targetHints":{"allow":["GET"]}}],"collection":[{"href":"https:\/\/mgamp.com\/site\/wp-json\/wp\/v2\/pages"}],"about":[{"href":"https:\/\/mgamp.com\/site\/wp-json\/wp\/v2\/types\/page"}],"author":[{"embeddable":true,"href":"https:\/\/mgamp.com\/site\/wp-json\/wp\/v2\/users\/1"}],"replies":[{"embeddable":true,"href":"https:\/\/mgamp.com\/site\/wp-json\/wp\/v2\/comments?post=494"}],"version-history":[{"count":1,"href":"https:\/\/mgamp.com\/site\/wp-json\/wp\/v2\/pages\/494\/revisions"}],"predecessor-version":[{"id":496,"href":"https:\/\/mgamp.com\/site\/wp-json\/wp\/v2\/pages\/494\/revisions\/496"}],"up":[{"embeddable":true,"href":"https:\/\/mgamp.com\/site\/wp-json\/wp\/v2\/pages\/303"}],"wp:attachment":[{"href":"https:\/\/mgamp.com\/site\/wp-json\/wp\/v2\/media?parent=494"}],"curies":[{"name":"wp","href":"https:\/\/api.w.org\/{rel}","templated":true}]}}