{"id":366,"date":"2016-01-21T13:05:49","date_gmt":"2016-01-21T13:05:49","guid":{"rendered":"https:\/\/mgamp.com\/site\/?page_id=366"},"modified":"2016-02-12T09:32:47","modified_gmt":"2016-02-12T09:32:47","slug":"v1-head","status":"publish","type":"page","link":"https:\/\/mgamp.com\/site\/produkty\/v1-head\/","title":{"rendered":"V1-head"},"content":{"rendered":"<h2>\u00a0V1 -head amplifier<a href=\"https:\/\/mgamp.com\/site\/wp-content\/uploads\/2016\/01\/V1.jpg\" rel=\"attachment wp-att-369\"><img loading=\"lazy\" decoding=\"async\" class=\"alignright wp-image-369 size-full\" src=\"https:\/\/mgamp.com\/site\/wp-content\/uploads\/2016\/01\/V1.jpg\" alt=\"V1\" width=\"640\" height=\"477\" srcset=\"https:\/\/mgamp.com\/site\/wp-content\/uploads\/2016\/01\/V1.jpg 640w, https:\/\/mgamp.com\/site\/wp-content\/uploads\/2016\/01\/V1-600x447.jpg 600w, https:\/\/mgamp.com\/site\/wp-content\/uploads\/2016\/01\/V1-300x224.jpg 300w, https:\/\/mgamp.com\/site\/wp-content\/uploads\/2016\/01\/V1-320x240.jpg 320w, https:\/\/mgamp.com\/site\/wp-content\/uploads\/2016\/01\/V1-240x180.jpg 240w\" sizes=\"auto, (max-width: 640px) 100vw, 640px\" \/><\/a><\/h2>\n<p>Wzmacniacz V1 zaprojektowany zosta\u0142 dla zaspokojenia potrzeb ma\u0142ego studia jak r\u00f3wnie\u017c\u00a0 home recordingu. Wzmacniacz ten daje pe\u0142ni\u0119 lampowego nasyconego d\u017awi\u0119ku przy stosunkowo niskim poziomie g\u0142o\u015bno\u015bci.<\/p>\n<p>Wzmacniacz generuje 1 watt mocy, posiada 2 kana\u0142y:<\/p>\n<p>-Clean w topologii fendera ( volume, tone) nie master volume.<\/p>\n<p>-Lead jest identyczny jak w konstrukcjach Vintage 20\/40 i jest to typowy brytyjski overdrive z GAIN, MASTER oraz 3 punktowym EQ.<\/p>\n<p>V1 wyposa\u017cony zosta\u0142 r\u00f3wnie\u017c w szeregow\u0105 p\u0119tle efekt\u00f3w. Wzmacniacz mo\u017ce by\u0107 pod\u0142\u0105czony do kolumny o impedancji 8 ohm lub mo\u017ce pracowa\u0107 bez g\u0142o\u015bnika. Posiada wyj\u015bcie liniowe z emulacj\u0105 kolumny oraz wyj\u015bcie s\u0142uchawkowe r\u00f3wnie\u017c z symulacja kolumny g\u0142o\u015bnikowej. Dzi\u0119ki takiemu rozwi\u0105zaniu wzmacniacza mo\u017cna u\u017cywa\u0107 r\u00f3wnie\u017c do \u0107wicze\u0144.<\/p>\n<p>MP3 &#8211; kana\u0142 drive<\/p>\n<!--[if lt IE 9]><script>document.createElement('audio');<\/script><![endif]-->\n<audio class=\"wp-audio-shortcode\" id=\"audio-366-1\" preload=\"none\" style=\"width: 100%;\" controls=\"controls\"><source type=\"audio\/mpeg\" src=\"https:\/\/mgamp.com\/site\/wp-content\/uploads\/2016\/01\/v1-drive.mp3?_=1\" \/><a href=\"https:\/\/mgamp.com\/site\/wp-content\/uploads\/2016\/01\/v1-drive.mp3\">https:\/\/mgamp.com\/site\/wp-content\/uploads\/2016\/01\/v1-drive.mp3<\/a><\/audio>\n<h1><\/h1>\n<h1><em>Specyfikacja:<\/em><\/h1>\n<ul>\n<li>Dost\u0119pne warianty: Head<\/li>\n<li>Lampy:2x ECC83S, 1x ECC82<\/li>\n<li>Ceramiczne podstawki lamp<\/li>\n<li>Moc: 1Watt klasa A<\/li>\n<li>Ko\u0144c\u00f3wka mocy: push-pull ,klasa A ,sta\u0142a polaryzacja siatek<\/li>\n<li>Wej\u015bcie gitarowe JACK(6,3mm)<\/li>\n<li>P\u0119tla efekt\u00f3w: szeregowa<\/li>\n<li>Wyj\u015bcie g\u0142o\u015bnikowe:8 ohm<\/li>\n<li>Wyj\u015bcie FOOTSWITCH<\/li>\n<li>Przedwzmacniacz: 2 kana\u0142y(LEAD, CLEAN)<\/li>\n<li>LEAD: 3 punktowe EQ, GAIN, VOLUME<\/li>\n<li>CLEAN: TONE, VOLUME<\/li>\n<li>Wyj\u015bcie line z symulacja g\u0142o\u015bnika<\/li>\n<li>Wyj\u015bcie s\u0142uchawkowe z symulacj\u0105 g\u0142osnika<\/li>\n<li>Prze\u0142\u0105cznik no\u017cny CHANNEL<\/li>\n<li>Wymiary:d\u0142ugo\u015b\u0107-360mm ,g\u0142\u0119boko\u015b\u0107-200mm,wysoko\u015b\u0107-160mm<\/li>\n<li>Waga: head 7kg<\/li>\n<li>Okleina -tolex &#8222;black levant&#8221; w opcji inne typy tolexu.<\/li>\n<li>Standardowo w wersji head<\/li>\n<\/ul>\n","protected":false},"excerpt":{"rendered":"<p>\u00a0V1 -head amplifier Wzmacniacz V1 zaprojektowany zosta\u0142 dla zaspokojenia potrzeb ma\u0142ego studia jak r\u00f3wnie\u017c\u00a0 home recordingu. Wzmacniacz ten daje pe\u0142ni\u0119 lampowego nasyconego d\u017awi\u0119ku przy stosunkowo niskim poziomie g\u0142o\u015bno\u015bci. Wzmacniacz generuje 1 watt mocy, posiada 2 kana\u0142y: -Clean w topologii fendera ( volume, tone) nie master volume. -Lead jest identyczny jak w konstrukcjach Vintage 20\/40 i<\/p>\n<p><a href=\"https:\/\/mgamp.com\/site\/produkty\/v1-head\/\" class=\"more-link themebutton\">Read More<\/a><\/p>\n","protected":false},"author":1,"featured_media":0,"parent":17,"menu_order":11,"comment_status":"closed","ping_status":"closed","template":"","meta":{"footnotes":""},"class_list":["post-366","page","type-page","status-publish","hentry"],"yoast_head":"<!-- This site is optimized with the Yoast SEO plugin v27.5 - https:\/\/yoast.com\/product\/yoast-seo-wordpress\/ -->\n<title>V1-head - MG AMPLIFICATION<\/title>\n<meta name=\"robots\" content=\"index, follow, max-snippet:-1, max-image-preview:large, max-video-preview:-1\" \/>\n<link rel=\"canonical\" href=\"https:\/\/mgamp.com\/site\/produkty\/v1-head\/\" \/>\n<meta property=\"og:locale\" content=\"pl_PL\" \/>\n<meta property=\"og:type\" content=\"article\" \/>\n<meta property=\"og:title\" content=\"V1-head - MG AMPLIFICATION\" \/>\n<meta property=\"og:description\" content=\"\u00a0V1 -head amplifier Wzmacniacz V1 zaprojektowany zosta\u0142 dla zaspokojenia potrzeb ma\u0142ego studia jak r\u00f3wnie\u017c\u00a0 home recordingu. Wzmacniacz ten daje pe\u0142ni\u0119 lampowego nasyconego d\u017awi\u0119ku przy stosunkowo niskim poziomie g\u0142o\u015bno\u015bci. Wzmacniacz generuje 1 watt mocy, posiada 2 kana\u0142y: -Clean w topologii fendera ( volume, tone) nie master volume. -Lead jest identyczny jak w konstrukcjach Vintage 20\/40 iRead More\" \/>\n<meta property=\"og:url\" content=\"https:\/\/mgamp.com\/site\/produkty\/v1-head\/\" \/>\n<meta property=\"og:site_name\" content=\"MG AMPLIFICATION\" \/>\n<meta property=\"article:modified_time\" content=\"2016-02-12T09:32:47+00:00\" \/>\n<meta property=\"og:image\" content=\"https:\/\/mgamp.com\/site\/wp-content\/uploads\/2016\/01\/V1.jpg\" \/>\n\t<meta property=\"og:image:width\" content=\"640\" \/>\n\t<meta property=\"og:image:height\" content=\"477\" \/>\n\t<meta property=\"og:image:type\" content=\"image\/jpeg\" \/>\n<meta name=\"twitter:card\" content=\"summary_large_image\" \/>\n<meta name=\"twitter:label1\" content=\"Szacowany czas czytania\" \/>\n\t<meta name=\"twitter:data1\" content=\"1 minuta\" \/>\n<script type=\"application\/ld+json\" class=\"yoast-schema-graph\">{\"@context\":\"https:\\\/\\\/schema.org\",\"@graph\":[{\"@type\":\"WebPage\",\"@id\":\"https:\\\/\\\/mgamp.com\\\/site\\\/produkty\\\/v1-head\\\/\",\"url\":\"https:\\\/\\\/mgamp.com\\\/site\\\/produkty\\\/v1-head\\\/\",\"name\":\"V1-head - MG AMPLIFICATION\",\"isPartOf\":{\"@id\":\"https:\\\/\\\/mgamp.com\\\/site\\\/#website\"},\"primaryImageOfPage\":{\"@id\":\"https:\\\/\\\/mgamp.com\\\/site\\\/produkty\\\/v1-head\\\/#primaryimage\"},\"image\":{\"@id\":\"https:\\\/\\\/mgamp.com\\\/site\\\/produkty\\\/v1-head\\\/#primaryimage\"},\"thumbnailUrl\":\"https:\\\/\\\/mgamp.com\\\/site\\\/wp-content\\\/uploads\\\/2016\\\/01\\\/V1.jpg\",\"datePublished\":\"2016-01-21T13:05:49+00:00\",\"dateModified\":\"2016-02-12T09:32:47+00:00\",\"breadcrumb\":{\"@id\":\"https:\\\/\\\/mgamp.com\\\/site\\\/produkty\\\/v1-head\\\/#breadcrumb\"},\"inLanguage\":\"pl-PL\",\"potentialAction\":[{\"@type\":\"ReadAction\",\"target\":[\"https:\\\/\\\/mgamp.com\\\/site\\\/produkty\\\/v1-head\\\/\"]}]},{\"@type\":\"ImageObject\",\"inLanguage\":\"pl-PL\",\"@id\":\"https:\\\/\\\/mgamp.com\\\/site\\\/produkty\\\/v1-head\\\/#primaryimage\",\"url\":\"https:\\\/\\\/mgamp.com\\\/site\\\/wp-content\\\/uploads\\\/2016\\\/01\\\/V1.jpg\",\"contentUrl\":\"https:\\\/\\\/mgamp.com\\\/site\\\/wp-content\\\/uploads\\\/2016\\\/01\\\/V1.jpg\",\"width\":640,\"height\":477},{\"@type\":\"BreadcrumbList\",\"@id\":\"https:\\\/\\\/mgamp.com\\\/site\\\/produkty\\\/v1-head\\\/#breadcrumb\",\"itemListElement\":[{\"@type\":\"ListItem\",\"position\":1,\"name\":\"Strona g\u0142\u00f3wna\",\"item\":\"https:\\\/\\\/mgamp.com\\\/site\\\/\"},{\"@type\":\"ListItem\",\"position\":2,\"name\":\"Wzmacniacze\",\"item\":\"https:\\\/\\\/mgamp.com\\\/site\\\/produkty\\\/\"},{\"@type\":\"ListItem\",\"position\":3,\"name\":\"V1-head\"}]},{\"@type\":\"WebSite\",\"@id\":\"https:\\\/\\\/mgamp.com\\\/site\\\/#website\",\"url\":\"https:\\\/\\\/mgamp.com\\\/site\\\/\",\"name\":\"MG AMPLIFICATION\",\"description\":\"Gitarowe wzmacniacze lampowe\",\"potentialAction\":[{\"@type\":\"SearchAction\",\"target\":{\"@type\":\"EntryPoint\",\"urlTemplate\":\"https:\\\/\\\/mgamp.com\\\/site\\\/?s={search_term_string}\"},\"query-input\":{\"@type\":\"PropertyValueSpecification\",\"valueRequired\":true,\"valueName\":\"search_term_string\"}}],\"inLanguage\":\"pl-PL\"}]}<\/script>\n<!-- \/ Yoast SEO plugin. -->","yoast_head_json":{"title":"V1-head - MG AMPLIFICATION","robots":{"index":"index","follow":"follow","max-snippet":"max-snippet:-1","max-image-preview":"max-image-preview:large","max-video-preview":"max-video-preview:-1"},"canonical":"https:\/\/mgamp.com\/site\/produkty\/v1-head\/","og_locale":"pl_PL","og_type":"article","og_title":"V1-head - MG AMPLIFICATION","og_description":"\u00a0V1 -head amplifier Wzmacniacz V1 zaprojektowany zosta\u0142 dla zaspokojenia potrzeb ma\u0142ego studia jak r\u00f3wnie\u017c\u00a0 home recordingu. Wzmacniacz ten daje pe\u0142ni\u0119 lampowego nasyconego d\u017awi\u0119ku przy stosunkowo niskim poziomie g\u0142o\u015bno\u015bci. Wzmacniacz generuje 1 watt mocy, posiada 2 kana\u0142y: -Clean w topologii fendera ( volume, tone) nie master volume. -Lead jest identyczny jak w konstrukcjach Vintage 20\/40 iRead More","og_url":"https:\/\/mgamp.com\/site\/produkty\/v1-head\/","og_site_name":"MG AMPLIFICATION","article_modified_time":"2016-02-12T09:32:47+00:00","og_image":[{"width":640,"height":477,"url":"https:\/\/mgamp.com\/site\/wp-content\/uploads\/2016\/01\/V1.jpg","type":"image\/jpeg"}],"twitter_card":"summary_large_image","twitter_misc":{"Szacowany czas czytania":"1 minuta"},"schema":{"@context":"https:\/\/schema.org","@graph":[{"@type":"WebPage","@id":"https:\/\/mgamp.com\/site\/produkty\/v1-head\/","url":"https:\/\/mgamp.com\/site\/produkty\/v1-head\/","name":"V1-head - MG AMPLIFICATION","isPartOf":{"@id":"https:\/\/mgamp.com\/site\/#website"},"primaryImageOfPage":{"@id":"https:\/\/mgamp.com\/site\/produkty\/v1-head\/#primaryimage"},"image":{"@id":"https:\/\/mgamp.com\/site\/produkty\/v1-head\/#primaryimage"},"thumbnailUrl":"https:\/\/mgamp.com\/site\/wp-content\/uploads\/2016\/01\/V1.jpg","datePublished":"2016-01-21T13:05:49+00:00","dateModified":"2016-02-12T09:32:47+00:00","breadcrumb":{"@id":"https:\/\/mgamp.com\/site\/produkty\/v1-head\/#breadcrumb"},"inLanguage":"pl-PL","potentialAction":[{"@type":"ReadAction","target":["https:\/\/mgamp.com\/site\/produkty\/v1-head\/"]}]},{"@type":"ImageObject","inLanguage":"pl-PL","@id":"https:\/\/mgamp.com\/site\/produkty\/v1-head\/#primaryimage","url":"https:\/\/mgamp.com\/site\/wp-content\/uploads\/2016\/01\/V1.jpg","contentUrl":"https:\/\/mgamp.com\/site\/wp-content\/uploads\/2016\/01\/V1.jpg","width":640,"height":477},{"@type":"BreadcrumbList","@id":"https:\/\/mgamp.com\/site\/produkty\/v1-head\/#breadcrumb","itemListElement":[{"@type":"ListItem","position":1,"name":"Strona g\u0142\u00f3wna","item":"https:\/\/mgamp.com\/site\/"},{"@type":"ListItem","position":2,"name":"Wzmacniacze","item":"https:\/\/mgamp.com\/site\/produkty\/"},{"@type":"ListItem","position":3,"name":"V1-head"}]},{"@type":"WebSite","@id":"https:\/\/mgamp.com\/site\/#website","url":"https:\/\/mgamp.com\/site\/","name":"MG AMPLIFICATION","description":"Gitarowe wzmacniacze lampowe","potentialAction":[{"@type":"SearchAction","target":{"@type":"EntryPoint","urlTemplate":"https:\/\/mgamp.com\/site\/?s={search_term_string}"},"query-input":{"@type":"PropertyValueSpecification","valueRequired":true,"valueName":"search_term_string"}}],"inLanguage":"pl-PL"}]}},"_links":{"self":[{"href":"https:\/\/mgamp.com\/site\/wp-json\/wp\/v2\/pages\/366","targetHints":{"allow":["GET"]}}],"collection":[{"href":"https:\/\/mgamp.com\/site\/wp-json\/wp\/v2\/pages"}],"about":[{"href":"https:\/\/mgamp.com\/site\/wp-json\/wp\/v2\/types\/page"}],"author":[{"embeddable":true,"href":"https:\/\/mgamp.com\/site\/wp-json\/wp\/v2\/users\/1"}],"replies":[{"embeddable":true,"href":"https:\/\/mgamp.com\/site\/wp-json\/wp\/v2\/comments?post=366"}],"version-history":[{"count":7,"href":"https:\/\/mgamp.com\/site\/wp-json\/wp\/v2\/pages\/366\/revisions"}],"predecessor-version":[{"id":388,"href":"https:\/\/mgamp.com\/site\/wp-json\/wp\/v2\/pages\/366\/revisions\/388"}],"up":[{"embeddable":true,"href":"https:\/\/mgamp.com\/site\/wp-json\/wp\/v2\/pages\/17"}],"wp:attachment":[{"href":"https:\/\/mgamp.com\/site\/wp-json\/wp\/v2\/media?parent=366"}],"curies":[{"name":"wp","href":"https:\/\/api.w.org\/{rel}","templated":true}]}}