{"id":294,"date":"2015-08-31T22:37:39","date_gmt":"2015-08-31T22:37:39","guid":{"rendered":"https:\/\/mgamp.com\/site\/?page_id=294"},"modified":"2015-09-14T21:21:34","modified_gmt":"2015-09-14T21:21:34","slug":"vulture-rack-preamp","status":"publish","type":"page","link":"https:\/\/mgamp.com\/site\/wzmacniacze-rack\/vulture-rack-preamp\/","title":{"rendered":"Vulture Rack preamp"},"content":{"rendered":"<div class=\"post\">\n<h2>Vulture rack preamp<\/h2>\n<p><img loading=\"lazy\" decoding=\"async\" class=\"alignright\" src=\"http:\/\/www.mgamp.com\/strona\/assets\/images\/wzmacniacze\/rackpre%20%28Small%29.jpg\" alt=\"\" width=\"640\" height=\"224\" \/><\/p>\n<p>Przedwzmacniacz\u00a0 Vulture Preamp jest rackowa wersj\u0105 przedwzmacniacza zastosowanego we wzmacniaczu Vulture i jest oparty na 5ciu lampach ECC83\/12AX7.<\/p>\n<p>Preamp jest dedykowany do wsp\u00f3\u0142pracy z ko\u0144c\u00f3wk\u0105 SPA2x50, jednak\u017ce mo\u017ce te\u017c wsp\u00f3\u0142pracowa\u0107 z inn\u0105 dowoln\u0105 koc\u00f3wk\u0105 mocy.<\/p>\n<p>Przedwzmacniacz zosta\u0142 wyposa\u017cony w interface midi, stereofoniczna regulowan\u0105 p\u0119tl\u0119 efekt\u00f3w, drug\u0105 p\u0119tle dedykowana do bramki szum\u00f3w ,oraz footswitch.<\/p>\n<h1><em>Specyfikacja:<\/em><\/h1>\n<ul>\n<li>Dost\u0119pne warianty: Rack 2U<\/li>\n<li>Lampy:5x ECC83 S-JJ<\/li>\n<li>Ceramiczne podstawki lamp<\/li>\n<li>Wej\u015bcie gitarowe JACK(6,3mm)<\/li>\n<li>P\u0119tla efekt\u00f3w:szeregowa z regulacj\u0105 send i return A ,return B , wy\u0142aczana footswitchem<\/li>\n<li>P\u0119tla efekt\u00f3w N.G. LOOP przeznaczona do bramki szum\u00f3w<\/li>\n<li>2x Wyj\u015bcia liniowe:2xJack( 6,3mm)A+B (odB)<\/li>\n<li>Wyj\u015bcie FOOSWITCH DB-9<\/li>\n<li>Przedwzmacniacz: 4 kana\u0142y<\/li>\n<li>CH1: 3 punktowe EQ,GAIN,VOLUME,prze\u0142\u0105cznik CRUNCH<\/li>\n<li>CH2: 3 punktowe EQ,GAIN,VOLUME,prze\u0142\u0105cznik VINT\/MOD<\/li>\n<li>CH3: 3 punktowe EQ,GAIN,VOLUME,prze\u0142\u0105cznik VINT\/MOD<\/li>\n<li>CH4: 3 punktowe EQ,GAIN,VOLUME,prze\u0142\u0105cznik VINT\/MOD<\/li>\n<li>Regulacja MASTER (dla wszystkich kana\u0142\u00f3w)<\/li>\n<li>regulacja SOLO (dla wszystkich kana\u0142\u00f3w) za\u0142\u0105czana footswitchem<\/li>\n<li>Prze\u0142\u0105cznik no\u017cny 6 przycisk\u00f3w CHANNEL 1,2,3,4 ; SOLO; FX BYPAS<\/li>\n<li>INTERFACE MIDI (MIDI IN , MIDI THRU) sterowanie zmiana kana\u0142\u00f3w, solo,fx loop<\/li>\n<li>wyj\u015bcie control do sterowania modern\/ vintage ko\u0144c\u00f3wki mocy -SPA2x50<\/li>\n<li>Wymiary:d\u0142ugo\u015b\u0107-483mm ,g\u0142\u0119boko\u015b\u0107-230mm,wysoko\u015b\u0107-90mm<\/li>\n<li>Waga:6,5kg<\/li>\n<\/ul>\n<p><a href=\"http:\/\/mgamp.com\/sklep\/category.php?id_category=24\" target=\"_blank\">zam\u00f3w w sklepie<\/a><\/p>\n<\/div>\n","protected":false},"excerpt":{"rendered":"<p>Vulture rack preamp Przedwzmacniacz\u00a0 Vulture Preamp jest rackowa wersj\u0105 przedwzmacniacza zastosowanego we wzmacniaczu Vulture i jest oparty na 5ciu lampach ECC83\/12AX7. Preamp jest dedykowany do wsp\u00f3\u0142pracy z ko\u0144c\u00f3wk\u0105 SPA2x50, jednak\u017ce mo\u017ce te\u017c wsp\u00f3\u0142pracowa\u0107 z inn\u0105 dowoln\u0105 koc\u00f3wk\u0105 mocy. Przedwzmacniacz zosta\u0142 wyposa\u017cony w interface midi, stereofoniczna regulowan\u0105 p\u0119tl\u0119 efekt\u00f3w, drug\u0105 p\u0119tle dedykowana do bramki szum\u00f3w ,oraz<\/p>\n<p><a href=\"https:\/\/mgamp.com\/site\/wzmacniacze-rack\/vulture-rack-preamp\/\" class=\"more-link themebutton\">Read More<\/a><\/p>\n","protected":false},"author":1,"featured_media":0,"parent":303,"menu_order":0,"comment_status":"closed","ping_status":"closed","template":"","meta":{"footnotes":""},"class_list":["post-294","page","type-page","status-publish","hentry"],"yoast_head":"<!-- This site is optimized with the Yoast SEO plugin v27.5 - https:\/\/yoast.com\/product\/yoast-seo-wordpress\/ -->\n<title>Vulture Rack preamp - MG AMPLIFICATION<\/title>\n<meta name=\"robots\" content=\"index, follow, max-snippet:-1, max-image-preview:large, max-video-preview:-1\" \/>\n<link rel=\"canonical\" href=\"https:\/\/mgamp.com\/site\/wzmacniacze-rack\/vulture-rack-preamp\/\" \/>\n<meta property=\"og:locale\" content=\"pl_PL\" \/>\n<meta property=\"og:type\" content=\"article\" \/>\n<meta property=\"og:title\" content=\"Vulture Rack preamp - MG AMPLIFICATION\" \/>\n<meta property=\"og:description\" content=\"Vulture rack preamp Przedwzmacniacz\u00a0 Vulture Preamp jest rackowa wersj\u0105 przedwzmacniacza zastosowanego we wzmacniaczu Vulture i jest oparty na 5ciu lampach ECC83\/12AX7. Preamp jest dedykowany do wsp\u00f3\u0142pracy z ko\u0144c\u00f3wk\u0105 SPA2x50, jednak\u017ce mo\u017ce te\u017c wsp\u00f3\u0142pracowa\u0107 z inn\u0105 dowoln\u0105 koc\u00f3wk\u0105 mocy. Przedwzmacniacz zosta\u0142 wyposa\u017cony w interface midi, stereofoniczna regulowan\u0105 p\u0119tl\u0119 efekt\u00f3w, drug\u0105 p\u0119tle dedykowana do bramki szum\u00f3w ,orazRead More\" \/>\n<meta property=\"og:url\" content=\"https:\/\/mgamp.com\/site\/wzmacniacze-rack\/vulture-rack-preamp\/\" \/>\n<meta property=\"og:site_name\" content=\"MG AMPLIFICATION\" \/>\n<meta property=\"article:modified_time\" content=\"2015-09-14T21:21:34+00:00\" \/>\n<meta property=\"og:image\" content=\"http:\/\/www.mgamp.com\/strona\/assets\/images\/wzmacniacze\/rackpre%20%28Small%29.jpg\" \/>\n<meta name=\"twitter:card\" content=\"summary_large_image\" \/>\n<meta name=\"twitter:label1\" content=\"Szacowany czas czytania\" \/>\n\t<meta name=\"twitter:data1\" content=\"1 minuta\" \/>\n<script type=\"application\/ld+json\" class=\"yoast-schema-graph\">{\"@context\":\"https:\\\/\\\/schema.org\",\"@graph\":[{\"@type\":\"WebPage\",\"@id\":\"https:\\\/\\\/mgamp.com\\\/site\\\/wzmacniacze-rack\\\/vulture-rack-preamp\\\/\",\"url\":\"https:\\\/\\\/mgamp.com\\\/site\\\/wzmacniacze-rack\\\/vulture-rack-preamp\\\/\",\"name\":\"Vulture Rack preamp - MG AMPLIFICATION\",\"isPartOf\":{\"@id\":\"https:\\\/\\\/mgamp.com\\\/site\\\/#website\"},\"primaryImageOfPage\":{\"@id\":\"https:\\\/\\\/mgamp.com\\\/site\\\/wzmacniacze-rack\\\/vulture-rack-preamp\\\/#primaryimage\"},\"image\":{\"@id\":\"https:\\\/\\\/mgamp.com\\\/site\\\/wzmacniacze-rack\\\/vulture-rack-preamp\\\/#primaryimage\"},\"thumbnailUrl\":\"http:\\\/\\\/www.mgamp.com\\\/strona\\\/assets\\\/images\\\/wzmacniacze\\\/rackpre%20%28Small%29.jpg\",\"datePublished\":\"2015-08-31T22:37:39+00:00\",\"dateModified\":\"2015-09-14T21:21:34+00:00\",\"breadcrumb\":{\"@id\":\"https:\\\/\\\/mgamp.com\\\/site\\\/wzmacniacze-rack\\\/vulture-rack-preamp\\\/#breadcrumb\"},\"inLanguage\":\"pl-PL\",\"potentialAction\":[{\"@type\":\"ReadAction\",\"target\":[\"https:\\\/\\\/mgamp.com\\\/site\\\/wzmacniacze-rack\\\/vulture-rack-preamp\\\/\"]}]},{\"@type\":\"ImageObject\",\"inLanguage\":\"pl-PL\",\"@id\":\"https:\\\/\\\/mgamp.com\\\/site\\\/wzmacniacze-rack\\\/vulture-rack-preamp\\\/#primaryimage\",\"url\":\"http:\\\/\\\/www.mgamp.com\\\/strona\\\/assets\\\/images\\\/wzmacniacze\\\/rackpre%20%28Small%29.jpg\",\"contentUrl\":\"http:\\\/\\\/www.mgamp.com\\\/strona\\\/assets\\\/images\\\/wzmacniacze\\\/rackpre%20%28Small%29.jpg\"},{\"@type\":\"BreadcrumbList\",\"@id\":\"https:\\\/\\\/mgamp.com\\\/site\\\/wzmacniacze-rack\\\/vulture-rack-preamp\\\/#breadcrumb\",\"itemListElement\":[{\"@type\":\"ListItem\",\"position\":1,\"name\":\"Strona g\u0142\u00f3wna\",\"item\":\"https:\\\/\\\/mgamp.com\\\/site\\\/\"},{\"@type\":\"ListItem\",\"position\":2,\"name\":\"Rack\",\"item\":\"https:\\\/\\\/mgamp.com\\\/site\\\/wzmacniacze-rack\\\/\"},{\"@type\":\"ListItem\",\"position\":3,\"name\":\"Vulture Rack preamp\"}]},{\"@type\":\"WebSite\",\"@id\":\"https:\\\/\\\/mgamp.com\\\/site\\\/#website\",\"url\":\"https:\\\/\\\/mgamp.com\\\/site\\\/\",\"name\":\"MG AMPLIFICATION\",\"description\":\"Gitarowe wzmacniacze lampowe\",\"potentialAction\":[{\"@type\":\"SearchAction\",\"target\":{\"@type\":\"EntryPoint\",\"urlTemplate\":\"https:\\\/\\\/mgamp.com\\\/site\\\/?s={search_term_string}\"},\"query-input\":{\"@type\":\"PropertyValueSpecification\",\"valueRequired\":true,\"valueName\":\"search_term_string\"}}],\"inLanguage\":\"pl-PL\"}]}<\/script>\n<!-- \/ Yoast SEO plugin. -->","yoast_head_json":{"title":"Vulture Rack preamp - MG AMPLIFICATION","robots":{"index":"index","follow":"follow","max-snippet":"max-snippet:-1","max-image-preview":"max-image-preview:large","max-video-preview":"max-video-preview:-1"},"canonical":"https:\/\/mgamp.com\/site\/wzmacniacze-rack\/vulture-rack-preamp\/","og_locale":"pl_PL","og_type":"article","og_title":"Vulture Rack preamp - MG AMPLIFICATION","og_description":"Vulture rack preamp Przedwzmacniacz\u00a0 Vulture Preamp jest rackowa wersj\u0105 przedwzmacniacza zastosowanego we wzmacniaczu Vulture i jest oparty na 5ciu lampach ECC83\/12AX7. Preamp jest dedykowany do wsp\u00f3\u0142pracy z ko\u0144c\u00f3wk\u0105 SPA2x50, jednak\u017ce mo\u017ce te\u017c wsp\u00f3\u0142pracowa\u0107 z inn\u0105 dowoln\u0105 koc\u00f3wk\u0105 mocy. Przedwzmacniacz zosta\u0142 wyposa\u017cony w interface midi, stereofoniczna regulowan\u0105 p\u0119tl\u0119 efekt\u00f3w, drug\u0105 p\u0119tle dedykowana do bramki szum\u00f3w ,orazRead More","og_url":"https:\/\/mgamp.com\/site\/wzmacniacze-rack\/vulture-rack-preamp\/","og_site_name":"MG AMPLIFICATION","article_modified_time":"2015-09-14T21:21:34+00:00","og_image":[{"url":"http:\/\/www.mgamp.com\/strona\/assets\/images\/wzmacniacze\/rackpre%20%28Small%29.jpg","type":"","width":"","height":""}],"twitter_card":"summary_large_image","twitter_misc":{"Szacowany czas czytania":"1 minuta"},"schema":{"@context":"https:\/\/schema.org","@graph":[{"@type":"WebPage","@id":"https:\/\/mgamp.com\/site\/wzmacniacze-rack\/vulture-rack-preamp\/","url":"https:\/\/mgamp.com\/site\/wzmacniacze-rack\/vulture-rack-preamp\/","name":"Vulture Rack preamp - MG AMPLIFICATION","isPartOf":{"@id":"https:\/\/mgamp.com\/site\/#website"},"primaryImageOfPage":{"@id":"https:\/\/mgamp.com\/site\/wzmacniacze-rack\/vulture-rack-preamp\/#primaryimage"},"image":{"@id":"https:\/\/mgamp.com\/site\/wzmacniacze-rack\/vulture-rack-preamp\/#primaryimage"},"thumbnailUrl":"http:\/\/www.mgamp.com\/strona\/assets\/images\/wzmacniacze\/rackpre%20%28Small%29.jpg","datePublished":"2015-08-31T22:37:39+00:00","dateModified":"2015-09-14T21:21:34+00:00","breadcrumb":{"@id":"https:\/\/mgamp.com\/site\/wzmacniacze-rack\/vulture-rack-preamp\/#breadcrumb"},"inLanguage":"pl-PL","potentialAction":[{"@type":"ReadAction","target":["https:\/\/mgamp.com\/site\/wzmacniacze-rack\/vulture-rack-preamp\/"]}]},{"@type":"ImageObject","inLanguage":"pl-PL","@id":"https:\/\/mgamp.com\/site\/wzmacniacze-rack\/vulture-rack-preamp\/#primaryimage","url":"http:\/\/www.mgamp.com\/strona\/assets\/images\/wzmacniacze\/rackpre%20%28Small%29.jpg","contentUrl":"http:\/\/www.mgamp.com\/strona\/assets\/images\/wzmacniacze\/rackpre%20%28Small%29.jpg"},{"@type":"BreadcrumbList","@id":"https:\/\/mgamp.com\/site\/wzmacniacze-rack\/vulture-rack-preamp\/#breadcrumb","itemListElement":[{"@type":"ListItem","position":1,"name":"Strona g\u0142\u00f3wna","item":"https:\/\/mgamp.com\/site\/"},{"@type":"ListItem","position":2,"name":"Rack","item":"https:\/\/mgamp.com\/site\/wzmacniacze-rack\/"},{"@type":"ListItem","position":3,"name":"Vulture Rack preamp"}]},{"@type":"WebSite","@id":"https:\/\/mgamp.com\/site\/#website","url":"https:\/\/mgamp.com\/site\/","name":"MG AMPLIFICATION","description":"Gitarowe wzmacniacze lampowe","potentialAction":[{"@type":"SearchAction","target":{"@type":"EntryPoint","urlTemplate":"https:\/\/mgamp.com\/site\/?s={search_term_string}"},"query-input":{"@type":"PropertyValueSpecification","valueRequired":true,"valueName":"search_term_string"}}],"inLanguage":"pl-PL"}]}},"_links":{"self":[{"href":"https:\/\/mgamp.com\/site\/wp-json\/wp\/v2\/pages\/294","targetHints":{"allow":["GET"]}}],"collection":[{"href":"https:\/\/mgamp.com\/site\/wp-json\/wp\/v2\/pages"}],"about":[{"href":"https:\/\/mgamp.com\/site\/wp-json\/wp\/v2\/types\/page"}],"author":[{"embeddable":true,"href":"https:\/\/mgamp.com\/site\/wp-json\/wp\/v2\/users\/1"}],"replies":[{"embeddable":true,"href":"https:\/\/mgamp.com\/site\/wp-json\/wp\/v2\/comments?post=294"}],"version-history":[{"count":1,"href":"https:\/\/mgamp.com\/site\/wp-json\/wp\/v2\/pages\/294\/revisions"}],"predecessor-version":[{"id":295,"href":"https:\/\/mgamp.com\/site\/wp-json\/wp\/v2\/pages\/294\/revisions\/295"}],"up":[{"embeddable":true,"href":"https:\/\/mgamp.com\/site\/wp-json\/wp\/v2\/pages\/303"}],"wp:attachment":[{"href":"https:\/\/mgamp.com\/site\/wp-json\/wp\/v2\/media?parent=294"}],"curies":[{"name":"wp","href":"https:\/\/api.w.org\/{rel}","templated":true}]}}