{"id":289,"date":"2015-08-28T11:33:56","date_gmt":"2015-08-28T11:33:56","guid":{"rendered":"https:\/\/mgamp.com\/site\/?page_id=289"},"modified":"2016-02-28T21:51:40","modified_gmt":"2016-02-28T21:51:40","slug":"hardware-knobs","status":"publish","type":"page","link":"https:\/\/mgamp.com\/site\/custom\/hardware-knobs\/","title":{"rendered":"Hardware, knobs"},"content":{"rendered":"<h2>Okucia, r\u0105czki, ga\u0142ki&#8230;<\/h2>\n<p>&nbsp;<\/p>\n<h2>R\u0105czki<\/h2>\n\n\t\t<style type=\"text\/css\">\n\t\t\t#gallery-1 {\n\t\t\t\tmargin: auto;\n\t\t\t}\n\t\t\t#gallery-1 .gallery-item {\n\t\t\t\tfloat: left;\n\t\t\t\tmargin-top: 10px;\n\t\t\t\ttext-align: center;\n\t\t\t\twidth: 33%;\n\t\t\t}\n\t\t\t#gallery-1 img {\n\t\t\t\tborder: 2px solid #cfcfcf;\n\t\t\t}\n\t\t\t#gallery-1 .gallery-caption {\n\t\t\t\tmargin-left: 0;\n\t\t\t}\n\t\t\t\/* see gallery_shortcode() in wp-includes\/media.php *\/\n\t\t<\/style>\n\t\t<div id='gallery-1' class='gallery galleryid-289 gallery-columns-3 gallery-size-full'><dl class='gallery-item'>\n\t\t\t<dt class='gallery-icon landscape'>\n\t\t\t\t<a href='https:\/\/mgamp.com\/site\/custom\/hardware-knobs\/attachment\/strap_nickel-wince\/#main'><img loading=\"lazy\" decoding=\"async\" width=\"240\" height=\"67\" src=\"https:\/\/mgamp.com\/site\/wp-content\/uploads\/2015\/08\/strap_nickel-WinCE.jpg\" class=\"attachment-full size-full\" alt=\"\" aria-describedby=\"gallery-1-391\" \/><\/a>\n\t\t\t<\/dt>\n\t\t\t\t<dd class='wp-caption-text gallery-caption' id='gallery-1-391'>\n\t\t\t\tr\u0105czka standard niklowane okucia\n\t\t\t\t<\/dd><\/dl><dl class='gallery-item'>\n\t\t\t<dt class='gallery-icon landscape'>\n\t\t\t\t<a href='https:\/\/mgamp.com\/site\/custom\/hardware-knobs\/attachment\/strap_black-wince\/#main'><img loading=\"lazy\" decoding=\"async\" width=\"240\" height=\"67\" src=\"https:\/\/mgamp.com\/site\/wp-content\/uploads\/2015\/08\/strap_black-WinCE.jpg\" class=\"attachment-full size-full\" alt=\"\" aria-describedby=\"gallery-1-393\" \/><\/a>\n\t\t\t<\/dt>\n\t\t\t\t<dd class='wp-caption-text gallery-caption' id='gallery-1-393'>\n\t\t\t\tR\u0105czka standard okucia czarne\n\t\t\t\t<\/dd><\/dl><dl class='gallery-item'>\n\t\t\t<dt class='gallery-icon landscape'>\n\t\t\t\t<a href='https:\/\/mgamp.com\/site\/custom\/hardware-knobs\/attachment\/skora_czarny-wince\/#main'><img loading=\"lazy\" decoding=\"async\" width=\"240\" height=\"67\" src=\"https:\/\/mgamp.com\/site\/wp-content\/uploads\/2015\/08\/skora_czarny-WinCE.jpg\" class=\"attachment-full size-full\" alt=\"\" aria-describedby=\"gallery-1-395\" \/><\/a>\n\t\t\t<\/dt>\n\t\t\t\t<dd class='wp-caption-text gallery-caption' id='gallery-1-395'>\n\t\t\t\tR\u0105czka sk\u00f3ra czarna\n\t\t\t\t<\/dd><\/dl><br style=\"clear: both\" \/><dl class='gallery-item'>\n\t\t\t<dt class='gallery-icon landscape'>\n\t\t\t\t<a href='https:\/\/mgamp.com\/site\/custom\/hardware-knobs\/attachment\/skora_kremowa-wince\/#main'><img loading=\"lazy\" decoding=\"async\" width=\"240\" height=\"67\" src=\"https:\/\/mgamp.com\/site\/wp-content\/uploads\/2015\/08\/skora_kremowa-WinCE.jpg\" class=\"attachment-full size-full\" alt=\"\" aria-describedby=\"gallery-1-396\" \/><\/a>\n\t\t\t<\/dt>\n\t\t\t\t<dd class='wp-caption-text gallery-caption' id='gallery-1-396'>\n\t\t\t\tR\u0105czka sk\u00f3ra kremowa\n\t\t\t\t<\/dd><\/dl><dl class='gallery-item'>\n\t\t\t<dt class='gallery-icon landscape'>\n\t\t\t\t<a href='https:\/\/mgamp.com\/site\/custom\/hardware-knobs\/attachment\/skora_braz-wince\/#main'><img loading=\"lazy\" decoding=\"async\" width=\"240\" height=\"67\" src=\"https:\/\/mgamp.com\/site\/wp-content\/uploads\/2015\/08\/skora_braz-WinCE.jpg\" class=\"attachment-full size-full\" alt=\"\" aria-describedby=\"gallery-1-394\" \/><\/a>\n\t\t\t<\/dt>\n\t\t\t\t<dd class='wp-caption-text gallery-caption' id='gallery-1-394'>\n\t\t\t\tR\u0105czka sk\u00f3ra br\u0105zowa\n\t\t\t\t<\/dd><\/dl>\n\t\t\t<br style='clear: both' \/>\n\t\t<\/div>\n\n<hr \/>\n<h2>Ga\u0142ki<\/h2>\n\n\t\t<style type=\"text\/css\">\n\t\t\t#gallery-2 {\n\t\t\t\tmargin: auto;\n\t\t\t}\n\t\t\t#gallery-2 .gallery-item {\n\t\t\t\tfloat: left;\n\t\t\t\tmargin-top: 10px;\n\t\t\t\ttext-align: center;\n\t\t\t\twidth: 20%;\n\t\t\t}\n\t\t\t#gallery-2 img {\n\t\t\t\tborder: 2px solid #cfcfcf;\n\t\t\t}\n\t\t\t#gallery-2 .gallery-caption {\n\t\t\t\tmargin-left: 0;\n\t\t\t}\n\t\t\t\/* see gallery_shortcode() in wp-includes\/media.php *\/\n\t\t<\/style>\n\t\t<div id='gallery-2' class='gallery galleryid-289 gallery-columns-5 gallery-size-full'><dl class='gallery-item'>\n\t\t\t<dt class='gallery-icon portrait'>\n\t\t\t\t<a href='https:\/\/mgamp.com\/site\/custom\/hardware-knobs\/attachment\/classic\/#main'><img loading=\"lazy\" decoding=\"async\" width=\"96\" height=\"100\" src=\"https:\/\/mgamp.com\/site\/wp-content\/uploads\/2015\/08\/classic-e1456696279988.jpg\" class=\"attachment-full size-full\" alt=\"\" aria-describedby=\"gallery-2-426\" \/><\/a>\n\t\t\t<\/dt>\n\t\t\t\t<dd class='wp-caption-text gallery-caption' id='gallery-2-426'>\n\t\t\t\tclassic\n\t\t\t\t<\/dd><\/dl><dl class='gallery-item'>\n\t\t\t<dt class='gallery-icon portrait'>\n\t\t\t\t<a href='https:\/\/mgamp.com\/site\/custom\/hardware-knobs\/attachment\/2300mini-cream\/#main'><img loading=\"lazy\" decoding=\"async\" width=\"79\" height=\"100\" src=\"https:\/\/mgamp.com\/site\/wp-content\/uploads\/2015\/08\/2300mini-cream-e1456695595909.jpg\" class=\"attachment-full size-full\" alt=\"\" aria-describedby=\"gallery-2-406\" \/><\/a>\n\t\t\t<\/dt>\n\t\t\t\t<dd class='wp-caption-text gallery-caption' id='gallery-2-406'>\n\t\t\t\tChickenhead 2300 mini kremowa\n\t\t\t\t<\/dd><\/dl><dl class='gallery-item'>\n\t\t\t<dt class='gallery-icon portrait'>\n\t\t\t\t<a href='https:\/\/mgamp.com\/site\/custom\/hardware-knobs\/attachment\/2300mini\/#main'><img loading=\"lazy\" decoding=\"async\" width=\"76\" height=\"100\" src=\"https:\/\/mgamp.com\/site\/wp-content\/uploads\/2015\/08\/2300mini-e1456695574605.jpg\" class=\"attachment-full size-full\" alt=\"\" aria-describedby=\"gallery-2-407\" \/><\/a>\n\t\t\t<\/dt>\n\t\t\t\t<dd class='wp-caption-text gallery-caption' id='gallery-2-407'>\n\t\t\t\tchickenhead 2300 mini czarna\n\t\t\t\t<\/dd><\/dl><dl class='gallery-item'>\n\t\t\t<dt class='gallery-icon landscape'>\n\t\t\t\t<a href='https:\/\/mgamp.com\/site\/custom\/hardware-knobs\/attachment\/eagle-knob-black\/#main'><img loading=\"lazy\" decoding=\"async\" width=\"100\" height=\"100\" src=\"https:\/\/mgamp.com\/site\/wp-content\/uploads\/2015\/08\/eagle-knob-black-e1456695558808.gif\" class=\"attachment-full size-full\" alt=\"\" aria-describedby=\"gallery-2-410\" \/><\/a>\n\t\t\t<\/dt>\n\t\t\t\t<dd class='wp-caption-text gallery-caption' id='gallery-2-410'>\n\t\t\t\teagle czarna\n\t\t\t\t<\/dd><\/dl><dl class='gallery-item'>\n\t\t\t<dt class='gallery-icon landscape'>\n\t\t\t\t<a href='https:\/\/mgamp.com\/site\/custom\/hardware-knobs\/attachment\/eagle-knob-cream\/#main'><img loading=\"lazy\" decoding=\"async\" width=\"100\" height=\"100\" src=\"https:\/\/mgamp.com\/site\/wp-content\/uploads\/2015\/08\/eagle-knob-cream-e1456695529491.gif\" class=\"attachment-full size-full\" alt=\"\" aria-describedby=\"gallery-2-411\" \/><\/a>\n\t\t\t<\/dt>\n\t\t\t\t<dd class='wp-caption-text gallery-caption' id='gallery-2-411'>\n\t\t\t\teagle kremowa\n\t\t\t\t<\/dd><\/dl><br style=\"clear: both\" \/><dl class='gallery-item'>\n\t\t\t<dt class='gallery-icon landscape'>\n\t\t\t\t<a href='https:\/\/mgamp.com\/site\/custom\/hardware-knobs\/attachment\/eagle-knob-red\/#main'><img loading=\"lazy\" decoding=\"async\" width=\"100\" height=\"100\" src=\"https:\/\/mgamp.com\/site\/wp-content\/uploads\/2015\/08\/eagle-knob-red-e1456695514923.gif\" class=\"attachment-full size-full\" alt=\"\" aria-describedby=\"gallery-2-412\" \/><\/a>\n\t\t\t<\/dt>\n\t\t\t\t<dd class='wp-caption-text gallery-caption' id='gallery-2-412'>\n\t\t\t\teagle czerwona\n\t\t\t\t<\/dd><\/dl><dl class='gallery-item'>\n\t\t\t<dt class='gallery-icon landscape'>\n\t\t\t\t<a href='https:\/\/mgamp.com\/site\/custom\/hardware-knobs\/attachment\/pointer-black\/#main'><img loading=\"lazy\" decoding=\"async\" width=\"100\" height=\"100\" src=\"https:\/\/mgamp.com\/site\/wp-content\/uploads\/2015\/08\/pointer-black.gif\" class=\"attachment-full size-full\" alt=\"\" aria-describedby=\"gallery-2-414\" \/><\/a>\n\t\t\t<\/dt>\n\t\t\t\t<dd class='wp-caption-text gallery-caption' id='gallery-2-414'>\n\t\t\t\tpointer czarna\n\t\t\t\t<\/dd><\/dl><dl class='gallery-item'>\n\t\t\t<dt class='gallery-icon landscape'>\n\t\t\t\t<a href='https:\/\/mgamp.com\/site\/custom\/hardware-knobs\/attachment\/pointer-blue\/#main'><img loading=\"lazy\" decoding=\"async\" width=\"100\" height=\"100\" src=\"https:\/\/mgamp.com\/site\/wp-content\/uploads\/2015\/08\/pointer-blue.gif\" class=\"attachment-full size-full\" alt=\"\" aria-describedby=\"gallery-2-415\" \/><\/a>\n\t\t\t<\/dt>\n\t\t\t\t<dd class='wp-caption-text gallery-caption' id='gallery-2-415'>\n\t\t\t\tpointer niebieska\n\t\t\t\t<\/dd><\/dl><dl class='gallery-item'>\n\t\t\t<dt class='gallery-icon landscape'>\n\t\t\t\t<a href='https:\/\/mgamp.com\/site\/custom\/hardware-knobs\/attachment\/pointer-brown\/#main'><img loading=\"lazy\" decoding=\"async\" width=\"100\" height=\"100\" src=\"https:\/\/mgamp.com\/site\/wp-content\/uploads\/2015\/08\/pointer-brown.gif\" class=\"attachment-full size-full\" alt=\"\" aria-describedby=\"gallery-2-416\" \/><\/a>\n\t\t\t<\/dt>\n\t\t\t\t<dd class='wp-caption-text gallery-caption' id='gallery-2-416'>\n\t\t\t\tpointer br\u0105zowa\n\t\t\t\t<\/dd><\/dl><dl class='gallery-item'>\n\t\t\t<dt class='gallery-icon landscape'>\n\t\t\t\t<a href='https:\/\/mgamp.com\/site\/custom\/hardware-knobs\/attachment\/pointer-cream\/#main'><img loading=\"lazy\" decoding=\"async\" width=\"100\" height=\"100\" src=\"https:\/\/mgamp.com\/site\/wp-content\/uploads\/2015\/08\/pointer-cream.gif\" class=\"attachment-full size-full\" alt=\"\" aria-describedby=\"gallery-2-417\" \/><\/a>\n\t\t\t<\/dt>\n\t\t\t\t<dd class='wp-caption-text gallery-caption' id='gallery-2-417'>\n\t\t\t\tpointer kremowa\n\t\t\t\t<\/dd><\/dl><br style=\"clear: both\" \/><dl class='gallery-item'>\n\t\t\t<dt class='gallery-icon landscape'>\n\t\t\t\t<a href='https:\/\/mgamp.com\/site\/custom\/hardware-knobs\/attachment\/pointer-orange\/#main'><img loading=\"lazy\" decoding=\"async\" width=\"100\" height=\"100\" src=\"https:\/\/mgamp.com\/site\/wp-content\/uploads\/2015\/08\/pointer-orange.gif\" class=\"attachment-full size-full\" alt=\"\" aria-describedby=\"gallery-2-418\" \/><\/a>\n\t\t\t<\/dt>\n\t\t\t\t<dd class='wp-caption-text gallery-caption' id='gallery-2-418'>\n\t\t\t\tpointer pomara\u0144czowa\n\t\t\t\t<\/dd><\/dl><dl class='gallery-item'>\n\t\t\t<dt class='gallery-icon landscape'>\n\t\t\t\t<a href='https:\/\/mgamp.com\/site\/custom\/hardware-knobs\/attachment\/pointer-red\/#main'><img loading=\"lazy\" decoding=\"async\" width=\"100\" height=\"100\" src=\"https:\/\/mgamp.com\/site\/wp-content\/uploads\/2015\/08\/pointer-red.gif\" class=\"attachment-full size-full\" alt=\"\" aria-describedby=\"gallery-2-419\" \/><\/a>\n\t\t\t<\/dt>\n\t\t\t\t<dd class='wp-caption-text gallery-caption' id='gallery-2-419'>\n\t\t\t\tpointer czerwona\n\t\t\t\t<\/dd><\/dl><dl class='gallery-item'>\n\t\t\t<dt class='gallery-icon landscape'>\n\t\t\t\t<a href='https:\/\/mgamp.com\/site\/custom\/hardware-knobs\/attachment\/sony-dsc-11\/#main'><img loading=\"lazy\" decoding=\"async\" width=\"100\" height=\"94\" src=\"https:\/\/mgamp.com\/site\/wp-content\/uploads\/2015\/08\/chick_blk-e1456695669107.jpg\" class=\"attachment-full size-full\" alt=\"\" aria-describedby=\"gallery-2-408\" \/><\/a>\n\t\t\t<\/dt>\n\t\t\t\t<dd class='wp-caption-text gallery-caption' id='gallery-2-408'>\n\t\t\t\tChickenhead standard \n\t\t\t\t<\/dd><\/dl>\n\t\t\t<br style='clear: both' \/>\n\t\t<\/div>\n\n<div class=\"thumbscontainer\">\n<hr \/>\n<h2>Naro\u017cniki<\/h2>\n<div id=\"attachment_403\" style=\"width: 250px\" class=\"wp-caption alignleft\"><a href=\"https:\/\/mgamp.com\/site\/wp-content\/uploads\/2015\/08\/narozniki-WinCE.jpg\" rel=\"attachment wp-att-403\"><img loading=\"lazy\" decoding=\"async\" aria-describedby=\"caption-attachment-403\" class=\"size-full wp-image-403\" src=\"https:\/\/mgamp.com\/site\/wp-content\/uploads\/2015\/08\/narozniki-WinCE.jpg\" alt=\"Narozniki niklowane i czarne\" width=\"240\" height=\"169\" \/><\/a><p id=\"caption-attachment-403\" class=\"wp-caption-text\">Naro\u017cniki niklowane i czarne<\/p><\/div>\n<\/div>\n","protected":false},"excerpt":{"rendered":"<p>Okucia, r\u0105czki, ga\u0142ki&#8230; &nbsp; R\u0105czki Ga\u0142ki Naro\u017cniki<\/p>\n","protected":false},"author":1,"featured_media":0,"parent":49,"menu_order":2,"comment_status":"closed","ping_status":"closed","template":"","meta":{"footnotes":""},"class_list":["post-289","page","type-page","status-publish","hentry"],"yoast_head":"<!-- This site is optimized with the Yoast SEO plugin v27.5 - https:\/\/yoast.com\/product\/yoast-seo-wordpress\/ -->\n<title>Hardware, knobs - MG AMPLIFICATION<\/title>\n<meta name=\"robots\" content=\"index, follow, max-snippet:-1, max-image-preview:large, max-video-preview:-1\" \/>\n<link rel=\"canonical\" href=\"https:\/\/mgamp.com\/site\/custom\/hardware-knobs\/\" \/>\n<meta property=\"og:locale\" content=\"pl_PL\" \/>\n<meta property=\"og:type\" content=\"article\" \/>\n<meta property=\"og:title\" content=\"Hardware, knobs - MG AMPLIFICATION\" \/>\n<meta property=\"og:description\" content=\"Okucia, r\u0105czki, ga\u0142ki&#8230; &nbsp; R\u0105czki Ga\u0142ki Naro\u017cniki\" \/>\n<meta property=\"og:url\" content=\"https:\/\/mgamp.com\/site\/custom\/hardware-knobs\/\" \/>\n<meta property=\"og:site_name\" content=\"MG AMPLIFICATION\" \/>\n<meta property=\"article:modified_time\" content=\"2016-02-28T21:51:40+00:00\" \/>\n<meta property=\"og:image\" content=\"https:\/\/mgamp.com\/site\/wp-content\/uploads\/2015\/08\/strap_nickel-WinCE.jpg\" \/>\n<meta name=\"twitter:card\" content=\"summary_large_image\" \/>\n<script type=\"application\/ld+json\" class=\"yoast-schema-graph\">{\"@context\":\"https:\\\/\\\/schema.org\",\"@graph\":[{\"@type\":\"WebPage\",\"@id\":\"https:\\\/\\\/mgamp.com\\\/site\\\/custom\\\/hardware-knobs\\\/\",\"url\":\"https:\\\/\\\/mgamp.com\\\/site\\\/custom\\\/hardware-knobs\\\/\",\"name\":\"Hardware, knobs - MG AMPLIFICATION\",\"isPartOf\":{\"@id\":\"https:\\\/\\\/mgamp.com\\\/site\\\/#website\"},\"primaryImageOfPage\":{\"@id\":\"https:\\\/\\\/mgamp.com\\\/site\\\/custom\\\/hardware-knobs\\\/#primaryimage\"},\"image\":{\"@id\":\"https:\\\/\\\/mgamp.com\\\/site\\\/custom\\\/hardware-knobs\\\/#primaryimage\"},\"thumbnailUrl\":\"https:\\\/\\\/mgamp.com\\\/site\\\/wp-content\\\/uploads\\\/2015\\\/08\\\/narozniki-WinCE.jpg\",\"datePublished\":\"2015-08-28T11:33:56+00:00\",\"dateModified\":\"2016-02-28T21:51:40+00:00\",\"breadcrumb\":{\"@id\":\"https:\\\/\\\/mgamp.com\\\/site\\\/custom\\\/hardware-knobs\\\/#breadcrumb\"},\"inLanguage\":\"pl-PL\",\"potentialAction\":[{\"@type\":\"ReadAction\",\"target\":[\"https:\\\/\\\/mgamp.com\\\/site\\\/custom\\\/hardware-knobs\\\/\"]}]},{\"@type\":\"ImageObject\",\"inLanguage\":\"pl-PL\",\"@id\":\"https:\\\/\\\/mgamp.com\\\/site\\\/custom\\\/hardware-knobs\\\/#primaryimage\",\"url\":\"https:\\\/\\\/mgamp.com\\\/site\\\/wp-content\\\/uploads\\\/2015\\\/08\\\/narozniki-WinCE.jpg\",\"contentUrl\":\"https:\\\/\\\/mgamp.com\\\/site\\\/wp-content\\\/uploads\\\/2015\\\/08\\\/narozniki-WinCE.jpg\",\"width\":240,\"height\":169,\"caption\":\"Narozniki niklowane i czarne\"},{\"@type\":\"BreadcrumbList\",\"@id\":\"https:\\\/\\\/mgamp.com\\\/site\\\/custom\\\/hardware-knobs\\\/#breadcrumb\",\"itemListElement\":[{\"@type\":\"ListItem\",\"position\":1,\"name\":\"Strona g\u0142\u00f3wna\",\"item\":\"https:\\\/\\\/mgamp.com\\\/site\\\/\"},{\"@type\":\"ListItem\",\"position\":2,\"name\":\"Custom\",\"item\":\"https:\\\/\\\/mgamp.com\\\/site\\\/custom\\\/\"},{\"@type\":\"ListItem\",\"position\":3,\"name\":\"Hardware, knobs\"}]},{\"@type\":\"WebSite\",\"@id\":\"https:\\\/\\\/mgamp.com\\\/site\\\/#website\",\"url\":\"https:\\\/\\\/mgamp.com\\\/site\\\/\",\"name\":\"MG AMPLIFICATION\",\"description\":\"Gitarowe wzmacniacze lampowe\",\"potentialAction\":[{\"@type\":\"SearchAction\",\"target\":{\"@type\":\"EntryPoint\",\"urlTemplate\":\"https:\\\/\\\/mgamp.com\\\/site\\\/?s={search_term_string}\"},\"query-input\":{\"@type\":\"PropertyValueSpecification\",\"valueRequired\":true,\"valueName\":\"search_term_string\"}}],\"inLanguage\":\"pl-PL\"}]}<\/script>\n<!-- \/ Yoast SEO plugin. -->","yoast_head_json":{"title":"Hardware, knobs - MG AMPLIFICATION","robots":{"index":"index","follow":"follow","max-snippet":"max-snippet:-1","max-image-preview":"max-image-preview:large","max-video-preview":"max-video-preview:-1"},"canonical":"https:\/\/mgamp.com\/site\/custom\/hardware-knobs\/","og_locale":"pl_PL","og_type":"article","og_title":"Hardware, knobs - MG AMPLIFICATION","og_description":"Okucia, r\u0105czki, ga\u0142ki&#8230; &nbsp; R\u0105czki Ga\u0142ki Naro\u017cniki","og_url":"https:\/\/mgamp.com\/site\/custom\/hardware-knobs\/","og_site_name":"MG AMPLIFICATION","article_modified_time":"2016-02-28T21:51:40+00:00","og_image":[{"url":"https:\/\/mgamp.com\/site\/wp-content\/uploads\/2015\/08\/strap_nickel-WinCE.jpg","type":"","width":"","height":""}],"twitter_card":"summary_large_image","schema":{"@context":"https:\/\/schema.org","@graph":[{"@type":"WebPage","@id":"https:\/\/mgamp.com\/site\/custom\/hardware-knobs\/","url":"https:\/\/mgamp.com\/site\/custom\/hardware-knobs\/","name":"Hardware, knobs - MG AMPLIFICATION","isPartOf":{"@id":"https:\/\/mgamp.com\/site\/#website"},"primaryImageOfPage":{"@id":"https:\/\/mgamp.com\/site\/custom\/hardware-knobs\/#primaryimage"},"image":{"@id":"https:\/\/mgamp.com\/site\/custom\/hardware-knobs\/#primaryimage"},"thumbnailUrl":"https:\/\/mgamp.com\/site\/wp-content\/uploads\/2015\/08\/narozniki-WinCE.jpg","datePublished":"2015-08-28T11:33:56+00:00","dateModified":"2016-02-28T21:51:40+00:00","breadcrumb":{"@id":"https:\/\/mgamp.com\/site\/custom\/hardware-knobs\/#breadcrumb"},"inLanguage":"pl-PL","potentialAction":[{"@type":"ReadAction","target":["https:\/\/mgamp.com\/site\/custom\/hardware-knobs\/"]}]},{"@type":"ImageObject","inLanguage":"pl-PL","@id":"https:\/\/mgamp.com\/site\/custom\/hardware-knobs\/#primaryimage","url":"https:\/\/mgamp.com\/site\/wp-content\/uploads\/2015\/08\/narozniki-WinCE.jpg","contentUrl":"https:\/\/mgamp.com\/site\/wp-content\/uploads\/2015\/08\/narozniki-WinCE.jpg","width":240,"height":169,"caption":"Narozniki niklowane i czarne"},{"@type":"BreadcrumbList","@id":"https:\/\/mgamp.com\/site\/custom\/hardware-knobs\/#breadcrumb","itemListElement":[{"@type":"ListItem","position":1,"name":"Strona g\u0142\u00f3wna","item":"https:\/\/mgamp.com\/site\/"},{"@type":"ListItem","position":2,"name":"Custom","item":"https:\/\/mgamp.com\/site\/custom\/"},{"@type":"ListItem","position":3,"name":"Hardware, knobs"}]},{"@type":"WebSite","@id":"https:\/\/mgamp.com\/site\/#website","url":"https:\/\/mgamp.com\/site\/","name":"MG AMPLIFICATION","description":"Gitarowe wzmacniacze lampowe","potentialAction":[{"@type":"SearchAction","target":{"@type":"EntryPoint","urlTemplate":"https:\/\/mgamp.com\/site\/?s={search_term_string}"},"query-input":{"@type":"PropertyValueSpecification","valueRequired":true,"valueName":"search_term_string"}}],"inLanguage":"pl-PL"}]}},"_links":{"self":[{"href":"https:\/\/mgamp.com\/site\/wp-json\/wp\/v2\/pages\/289","targetHints":{"allow":["GET"]}}],"collection":[{"href":"https:\/\/mgamp.com\/site\/wp-json\/wp\/v2\/pages"}],"about":[{"href":"https:\/\/mgamp.com\/site\/wp-json\/wp\/v2\/types\/page"}],"author":[{"embeddable":true,"href":"https:\/\/mgamp.com\/site\/wp-json\/wp\/v2\/users\/1"}],"replies":[{"embeddable":true,"href":"https:\/\/mgamp.com\/site\/wp-json\/wp\/v2\/comments?post=289"}],"version-history":[{"count":18,"href":"https:\/\/mgamp.com\/site\/wp-json\/wp\/v2\/pages\/289\/revisions"}],"predecessor-version":[{"id":427,"href":"https:\/\/mgamp.com\/site\/wp-json\/wp\/v2\/pages\/289\/revisions\/427"}],"up":[{"embeddable":true,"href":"https:\/\/mgamp.com\/site\/wp-json\/wp\/v2\/pages\/49"}],"wp:attachment":[{"href":"https:\/\/mgamp.com\/site\/wp-json\/wp\/v2\/media?parent=289"}],"curies":[{"name":"wp","href":"https:\/\/api.w.org\/{rel}","templated":true}]}}