{"id":285,"date":"2015-08-28T11:27:12","date_gmt":"2015-08-28T11:27:12","guid":{"rendered":"https:\/\/mgamp.com\/site\/?page_id=285"},"modified":"2018-07-17T09:39:48","modified_gmt":"2018-07-17T09:39:48","slug":"blues-1530","status":"publish","type":"page","link":"https:\/\/mgamp.com\/site\/produkty\/blues-1530\/","title":{"rendered":"Blues 15\/ Blues30"},"content":{"rendered":"<div class=\"post\">\n<h2>Blues 15 Watt amplifier\/ 30 watt amplifier<\/h2>\n<h1><img loading=\"lazy\" decoding=\"async\" class=\"alignright\" src=\"http:\/\/www.mgamp.com\/strona\/assets\/images\/wzmacniacze\/blues_combo%20%28Small%29.jpg\" alt=\"\" width=\"515\" height=\"480\" \/><\/h1>\n<p>Bardzo prosty 1 kana\u0142owy wzmacniacz o konstrukcji typu mastervolume. Jak sugeruje sama nazwa to oferta dla gitarzyst\u00f3w szukaj\u0105cych klasycznego bluesowego drive&#8217;u. Dzieki niewielkiej mocy (15watt-PENTODE ,7watt-TRIODE) wzmacniacz ten umo\u017cliwia pe\u0142ne wysterowanie ko\u0144c\u00f3wki ,a co za tym idzie prawdziwie bluesowy drive!!! 2 Lampy EL84 pracuj\u0105ce w ko\u0144c\u00f3wce daj\u0105 bardzo plastyczne okr\u0105g\u0142e brzmienie o doskona\u0142ej dynamice i przejrzysto\u015bci. Ca\u0142o\u015b\u0107 zamkni\u0119ta w niewielkiej ,kompaktowej obudowie typu combo wraz z g\u0142osnikiem 12&#8243; , doskonale nadaje sie do grania w niewielkich klubach.<br \/>\nDriver (inverter) ko\u0144c\u00f3wki mocy wykorzystuje 1 lamp\u0119 12AX7,a ko\u0144c\u00f3wka o mocy 15wat\u00f3w oparta o 2 lampy EL84.<br \/>\nDzieki zastosowaniu lamp EL84 w ko\u0144c\u00f3wce wzmacniacz posiada dokona\u0142a kompresj\u0119 przy du\u017cych wysterowaniach.<br \/>\nPomimo wbudowanego g\u0142osnika nic nie stoi na przeszkodzie aby zast\u0105pi\u0107 go np. 4-ro g\u0142osnikow\u0105 kolumn\u0105 poniewa\u017c posiada 2 gniazda g\u0142osnikowe oraz prze\u0142acznik impedancji 4,8,16 ohm co pozwala na zastosowanie praktycznie ka\u017cdej kolumny lub g\u0142osnika.<\/p>\n<h1><em>Specyfikacja:<\/em><\/h1>\n<ul>\n<li>Dost\u0119pne warianty: Head ,Combo 1&#215;12&#8243;<\/li>\n<li>Lampy:3x 12AX7WA (Sovtek) &amp; 2xEL84<\/li>\n<li>Ceramiczne podstawki lamp<\/li>\n<li>Moc: 15 Watt -klasa A \/ 30 watt klasa A w modelu Blues 30<\/li>\n<li>Ko\u0144c\u00f3wka mocy:push-pull ,klasa A<\/li>\n<li>prze\u0142\u0105cznik PENTODA\/TRIODA<\/li>\n<li>Wej\u015bcie gitarowe JACK(6,3mm)<\/li>\n<li>P\u0119tla efekt\u00f3w:szeregowa<\/li>\n<li>Wyj\u015bcia g\u0142o\u015bnikowe:2xJack( 6,3mm); Prze\u0142acznik 4,8,16 OHM<\/li>\n<li>Przedwzmacniacz: 1 kana\u0142<\/li>\n<li>3 punktowe EQ,GAIN,VOLUME<\/li>\n<li>Regulacja PRESENCE<\/li>\n<li>Opcje dodatkowe:REVERB:Accutronnics (8EB2C1B),prostownik lampowy EZ81<\/li>\n<li>Wymiary:d\u0142ugo\u015b\u0107-500mm ,g\u0142\u0119boko\u015b\u0107-232mm,wysoko\u015b\u0107-500mm<\/li>\n<li>Waga: 17,5kg.<\/li>\n<li>Standardowo g\u0142o\u015bnik Celestion Seventy80 istnieje mo\u017cliwo\u015b\u0107 monta\u017cu innego g\u0142osnika na zam\u00f3wienie.<\/li>\n<\/ul>\n<p><a href=\"http:\/\/mgamp.com\/sklep\/category.php?id_category=2\" target=\"_blank\" rel=\"noopener\">Zam\u00f3w w sklepie<\/a><\/p>\n<!--[if lt IE 9]><script>document.createElement('audio');<\/script><![endif]-->\n\t<div class=\"wp-playlist wp-audio-playlist wp-playlist-light\">\n\t\t\t<div class=\"wp-playlist-current-item\"><\/div>\n\t\t<audio controls=\"controls\" preload=\"none\" width=\"1148\"\n\t\t\t><\/audio>\n\t<div class=\"wp-playlist-next\"><\/div>\n\t<div class=\"wp-playlist-prev\"><\/div>\n\t<noscript>\n\t<ol>\n\t\t<li><a href='https:\/\/mgamp.com\/site\/wp-content\/uploads\/2018\/07\/blues-15-strat.mp3'>blues 15 strat<\/a><\/li><li><a href='https:\/\/mgamp.com\/site\/wp-content\/uploads\/2018\/07\/blues-15-P90.mp3'>blues 15 P90<\/a><\/li><li><a href='https:\/\/mgamp.com\/site\/wp-content\/uploads\/2018\/07\/blues-15-Gibson-V-gain5.mp3'>blues 15 Gibson V gain5<\/a><\/li>\t<\/ol>\n\t<\/noscript>\n\t<script type=\"application\/json\" class=\"wp-playlist-script\">{\"type\":\"audio\",\"tracklist\":true,\"tracknumbers\":true,\"images\":true,\"artists\":true,\"tracks\":[{\"src\":\"https:\\\/\\\/mgamp.com\\\/site\\\/wp-content\\\/uploads\\\/2018\\\/07\\\/blues-15-strat.mp3\",\"type\":\"audio\\\/mpeg\",\"title\":\"blues 15 strat\",\"caption\":\"\",\"description\":\"\\\"blues 15 strat\\\".\",\"meta\":{\"length_formatted\":\"0:20\"},\"image\":{\"src\":\"https:\\\/\\\/mgamp.com\\\/site\\\/wp-includes\\\/images\\\/media\\\/audio.svg\",\"width\":48,\"height\":64},\"thumb\":{\"src\":\"https:\\\/\\\/mgamp.com\\\/site\\\/wp-includes\\\/images\\\/media\\\/audio.svg\",\"width\":48,\"height\":64}},{\"src\":\"https:\\\/\\\/mgamp.com\\\/site\\\/wp-content\\\/uploads\\\/2018\\\/07\\\/blues-15-P90.mp3\",\"type\":\"audio\\\/mpeg\",\"title\":\"blues 15 P90\",\"caption\":\"\",\"description\":\"\\\"blues 15 P90\\\".\",\"meta\":{\"length_formatted\":\"0:30\"},\"image\":{\"src\":\"https:\\\/\\\/mgamp.com\\\/site\\\/wp-includes\\\/images\\\/media\\\/audio.svg\",\"width\":48,\"height\":64},\"thumb\":{\"src\":\"https:\\\/\\\/mgamp.com\\\/site\\\/wp-includes\\\/images\\\/media\\\/audio.svg\",\"width\":48,\"height\":64}},{\"src\":\"https:\\\/\\\/mgamp.com\\\/site\\\/wp-content\\\/uploads\\\/2018\\\/07\\\/blues-15-Gibson-V-gain5.mp3\",\"type\":\"audio\\\/mpeg\",\"title\":\"blues 15 Gibson V gain5\",\"caption\":\"\",\"description\":\"\\\"blues 15 Gibson V gain5\\\".\",\"meta\":{\"length_formatted\":\"0:24\"},\"image\":{\"src\":\"https:\\\/\\\/mgamp.com\\\/site\\\/wp-includes\\\/images\\\/media\\\/audio.svg\",\"width\":48,\"height\":64},\"thumb\":{\"src\":\"https:\\\/\\\/mgamp.com\\\/site\\\/wp-includes\\\/images\\\/media\\\/audio.svg\",\"width\":48,\"height\":64}}]}<\/script>\n<\/div>\n\t\n<\/div>\n","protected":false},"excerpt":{"rendered":"<p>Blues 15 Watt amplifier\/ 30 watt amplifier Bardzo prosty 1 kana\u0142owy wzmacniacz o konstrukcji typu mastervolume. Jak sugeruje sama nazwa to oferta dla gitarzyst\u00f3w szukaj\u0105cych klasycznego bluesowego drive&#8217;u. Dzieki niewielkiej mocy (15watt-PENTODE ,7watt-TRIODE) wzmacniacz ten umo\u017cliwia pe\u0142ne wysterowanie ko\u0144c\u00f3wki ,a co za tym idzie prawdziwie bluesowy drive!!! 2 Lampy EL84 pracuj\u0105ce w ko\u0144c\u00f3wce daj\u0105 bardzo<\/p>\n<p><a href=\"https:\/\/mgamp.com\/site\/produkty\/blues-1530\/\" class=\"more-link themebutton\">Read More<\/a><\/p>\n","protected":false},"author":1,"featured_media":0,"parent":17,"menu_order":10,"comment_status":"closed","ping_status":"closed","template":"","meta":{"footnotes":""},"class_list":["post-285","page","type-page","status-publish","hentry"],"yoast_head":"<!-- This site is optimized with the Yoast SEO plugin v27.5 - https:\/\/yoast.com\/product\/yoast-seo-wordpress\/ -->\n<title>Blues 15\/ Blues30 - MG AMPLIFICATION<\/title>\n<meta name=\"robots\" content=\"index, follow, max-snippet:-1, max-image-preview:large, max-video-preview:-1\" \/>\n<link rel=\"canonical\" href=\"https:\/\/mgamp.com\/site\/produkty\/blues-1530\/\" \/>\n<meta property=\"og:locale\" content=\"pl_PL\" \/>\n<meta property=\"og:type\" content=\"article\" \/>\n<meta property=\"og:title\" content=\"Blues 15\/ Blues30 - MG AMPLIFICATION\" \/>\n<meta property=\"og:description\" content=\"Blues 15 Watt amplifier\/ 30 watt amplifier Bardzo prosty 1 kana\u0142owy wzmacniacz o konstrukcji typu mastervolume. Jak sugeruje sama nazwa to oferta dla gitarzyst\u00f3w szukaj\u0105cych klasycznego bluesowego drive&#8217;u. Dzieki niewielkiej mocy (15watt-PENTODE ,7watt-TRIODE) wzmacniacz ten umo\u017cliwia pe\u0142ne wysterowanie ko\u0144c\u00f3wki ,a co za tym idzie prawdziwie bluesowy drive!!! 2 Lampy EL84 pracuj\u0105ce w ko\u0144c\u00f3wce daj\u0105 bardzoRead More\" \/>\n<meta property=\"og:url\" content=\"https:\/\/mgamp.com\/site\/produkty\/blues-1530\/\" \/>\n<meta property=\"og:site_name\" content=\"MG AMPLIFICATION\" \/>\n<meta property=\"article:modified_time\" content=\"2018-07-17T09:39:48+00:00\" \/>\n<meta property=\"og:image\" content=\"http:\/\/www.mgamp.com\/strona\/assets\/images\/wzmacniacze\/blues_combo%20%28Small%29.jpg\" \/>\n<meta name=\"twitter:card\" content=\"summary_large_image\" \/>\n<meta name=\"twitter:label1\" content=\"Szacowany czas czytania\" \/>\n\t<meta name=\"twitter:data1\" content=\"1 minuta\" \/>\n<script type=\"application\/ld+json\" class=\"yoast-schema-graph\">{\"@context\":\"https:\\\/\\\/schema.org\",\"@graph\":[{\"@type\":\"WebPage\",\"@id\":\"https:\\\/\\\/mgamp.com\\\/site\\\/produkty\\\/blues-1530\\\/\",\"url\":\"https:\\\/\\\/mgamp.com\\\/site\\\/produkty\\\/blues-1530\\\/\",\"name\":\"Blues 15\\\/ Blues30 - MG AMPLIFICATION\",\"isPartOf\":{\"@id\":\"https:\\\/\\\/mgamp.com\\\/site\\\/#website\"},\"primaryImageOfPage\":{\"@id\":\"https:\\\/\\\/mgamp.com\\\/site\\\/produkty\\\/blues-1530\\\/#primaryimage\"},\"image\":{\"@id\":\"https:\\\/\\\/mgamp.com\\\/site\\\/produkty\\\/blues-1530\\\/#primaryimage\"},\"thumbnailUrl\":\"http:\\\/\\\/www.mgamp.com\\\/strona\\\/assets\\\/images\\\/wzmacniacze\\\/blues_combo%20%28Small%29.jpg\",\"datePublished\":\"2015-08-28T11:27:12+00:00\",\"dateModified\":\"2018-07-17T09:39:48+00:00\",\"breadcrumb\":{\"@id\":\"https:\\\/\\\/mgamp.com\\\/site\\\/produkty\\\/blues-1530\\\/#breadcrumb\"},\"inLanguage\":\"pl-PL\",\"potentialAction\":[{\"@type\":\"ReadAction\",\"target\":[\"https:\\\/\\\/mgamp.com\\\/site\\\/produkty\\\/blues-1530\\\/\"]}]},{\"@type\":\"ImageObject\",\"inLanguage\":\"pl-PL\",\"@id\":\"https:\\\/\\\/mgamp.com\\\/site\\\/produkty\\\/blues-1530\\\/#primaryimage\",\"url\":\"http:\\\/\\\/www.mgamp.com\\\/strona\\\/assets\\\/images\\\/wzmacniacze\\\/blues_combo%20%28Small%29.jpg\",\"contentUrl\":\"http:\\\/\\\/www.mgamp.com\\\/strona\\\/assets\\\/images\\\/wzmacniacze\\\/blues_combo%20%28Small%29.jpg\"},{\"@type\":\"BreadcrumbList\",\"@id\":\"https:\\\/\\\/mgamp.com\\\/site\\\/produkty\\\/blues-1530\\\/#breadcrumb\",\"itemListElement\":[{\"@type\":\"ListItem\",\"position\":1,\"name\":\"Strona g\u0142\u00f3wna\",\"item\":\"https:\\\/\\\/mgamp.com\\\/site\\\/\"},{\"@type\":\"ListItem\",\"position\":2,\"name\":\"Wzmacniacze\",\"item\":\"https:\\\/\\\/mgamp.com\\\/site\\\/produkty\\\/\"},{\"@type\":\"ListItem\",\"position\":3,\"name\":\"Blues 15\\\/ Blues30\"}]},{\"@type\":\"WebSite\",\"@id\":\"https:\\\/\\\/mgamp.com\\\/site\\\/#website\",\"url\":\"https:\\\/\\\/mgamp.com\\\/site\\\/\",\"name\":\"MG AMPLIFICATION\",\"description\":\"Gitarowe wzmacniacze lampowe\",\"potentialAction\":[{\"@type\":\"SearchAction\",\"target\":{\"@type\":\"EntryPoint\",\"urlTemplate\":\"https:\\\/\\\/mgamp.com\\\/site\\\/?s={search_term_string}\"},\"query-input\":{\"@type\":\"PropertyValueSpecification\",\"valueRequired\":true,\"valueName\":\"search_term_string\"}}],\"inLanguage\":\"pl-PL\"}]}<\/script>\n<!-- \/ Yoast SEO plugin. -->","yoast_head_json":{"title":"Blues 15\/ Blues30 - MG AMPLIFICATION","robots":{"index":"index","follow":"follow","max-snippet":"max-snippet:-1","max-image-preview":"max-image-preview:large","max-video-preview":"max-video-preview:-1"},"canonical":"https:\/\/mgamp.com\/site\/produkty\/blues-1530\/","og_locale":"pl_PL","og_type":"article","og_title":"Blues 15\/ Blues30 - MG AMPLIFICATION","og_description":"Blues 15 Watt amplifier\/ 30 watt amplifier Bardzo prosty 1 kana\u0142owy wzmacniacz o konstrukcji typu mastervolume. Jak sugeruje sama nazwa to oferta dla gitarzyst\u00f3w szukaj\u0105cych klasycznego bluesowego drive&#8217;u. Dzieki niewielkiej mocy (15watt-PENTODE ,7watt-TRIODE) wzmacniacz ten umo\u017cliwia pe\u0142ne wysterowanie ko\u0144c\u00f3wki ,a co za tym idzie prawdziwie bluesowy drive!!! 2 Lampy EL84 pracuj\u0105ce w ko\u0144c\u00f3wce daj\u0105 bardzoRead More","og_url":"https:\/\/mgamp.com\/site\/produkty\/blues-1530\/","og_site_name":"MG AMPLIFICATION","article_modified_time":"2018-07-17T09:39:48+00:00","og_image":[{"url":"http:\/\/www.mgamp.com\/strona\/assets\/images\/wzmacniacze\/blues_combo%20%28Small%29.jpg","type":"","width":"","height":""}],"twitter_card":"summary_large_image","twitter_misc":{"Szacowany czas czytania":"1 minuta"},"schema":{"@context":"https:\/\/schema.org","@graph":[{"@type":"WebPage","@id":"https:\/\/mgamp.com\/site\/produkty\/blues-1530\/","url":"https:\/\/mgamp.com\/site\/produkty\/blues-1530\/","name":"Blues 15\/ Blues30 - MG AMPLIFICATION","isPartOf":{"@id":"https:\/\/mgamp.com\/site\/#website"},"primaryImageOfPage":{"@id":"https:\/\/mgamp.com\/site\/produkty\/blues-1530\/#primaryimage"},"image":{"@id":"https:\/\/mgamp.com\/site\/produkty\/blues-1530\/#primaryimage"},"thumbnailUrl":"http:\/\/www.mgamp.com\/strona\/assets\/images\/wzmacniacze\/blues_combo%20%28Small%29.jpg","datePublished":"2015-08-28T11:27:12+00:00","dateModified":"2018-07-17T09:39:48+00:00","breadcrumb":{"@id":"https:\/\/mgamp.com\/site\/produkty\/blues-1530\/#breadcrumb"},"inLanguage":"pl-PL","potentialAction":[{"@type":"ReadAction","target":["https:\/\/mgamp.com\/site\/produkty\/blues-1530\/"]}]},{"@type":"ImageObject","inLanguage":"pl-PL","@id":"https:\/\/mgamp.com\/site\/produkty\/blues-1530\/#primaryimage","url":"http:\/\/www.mgamp.com\/strona\/assets\/images\/wzmacniacze\/blues_combo%20%28Small%29.jpg","contentUrl":"http:\/\/www.mgamp.com\/strona\/assets\/images\/wzmacniacze\/blues_combo%20%28Small%29.jpg"},{"@type":"BreadcrumbList","@id":"https:\/\/mgamp.com\/site\/produkty\/blues-1530\/#breadcrumb","itemListElement":[{"@type":"ListItem","position":1,"name":"Strona g\u0142\u00f3wna","item":"https:\/\/mgamp.com\/site\/"},{"@type":"ListItem","position":2,"name":"Wzmacniacze","item":"https:\/\/mgamp.com\/site\/produkty\/"},{"@type":"ListItem","position":3,"name":"Blues 15\/ Blues30"}]},{"@type":"WebSite","@id":"https:\/\/mgamp.com\/site\/#website","url":"https:\/\/mgamp.com\/site\/","name":"MG AMPLIFICATION","description":"Gitarowe wzmacniacze lampowe","potentialAction":[{"@type":"SearchAction","target":{"@type":"EntryPoint","urlTemplate":"https:\/\/mgamp.com\/site\/?s={search_term_string}"},"query-input":{"@type":"PropertyValueSpecification","valueRequired":true,"valueName":"search_term_string"}}],"inLanguage":"pl-PL"}]}},"_links":{"self":[{"href":"https:\/\/mgamp.com\/site\/wp-json\/wp\/v2\/pages\/285","targetHints":{"allow":["GET"]}}],"collection":[{"href":"https:\/\/mgamp.com\/site\/wp-json\/wp\/v2\/pages"}],"about":[{"href":"https:\/\/mgamp.com\/site\/wp-json\/wp\/v2\/types\/page"}],"author":[{"embeddable":true,"href":"https:\/\/mgamp.com\/site\/wp-json\/wp\/v2\/users\/1"}],"replies":[{"embeddable":true,"href":"https:\/\/mgamp.com\/site\/wp-json\/wp\/v2\/comments?post=285"}],"version-history":[{"count":5,"href":"https:\/\/mgamp.com\/site\/wp-json\/wp\/v2\/pages\/285\/revisions"}],"predecessor-version":[{"id":537,"href":"https:\/\/mgamp.com\/site\/wp-json\/wp\/v2\/pages\/285\/revisions\/537"}],"up":[{"embeddable":true,"href":"https:\/\/mgamp.com\/site\/wp-json\/wp\/v2\/pages\/17"}],"wp:attachment":[{"href":"https:\/\/mgamp.com\/site\/wp-json\/wp\/v2\/media?parent=285"}],"curies":[{"name":"wp","href":"https:\/\/api.w.org\/{rel}","templated":true}]}}