{"id":19,"date":"2015-05-14T13:15:02","date_gmt":"2015-05-14T13:15:02","guid":{"rendered":"https:\/\/mgamp.com\/site\/?page_id=19"},"modified":"2019-05-29T23:06:28","modified_gmt":"2019-05-29T23:06:28","slug":"vulture-compact","status":"publish","type":"page","link":"https:\/\/mgamp.com\/site\/produkty\/vulture-compact\/","title":{"rendered":"Vulture Compact"},"content":{"rendered":"<h2>Vulture Compact Amplifier<\/h2>\n<p><a href=\"https:\/\/mgamp.com\/site\/wp-content\/uploads\/2018\/06\/mini_vulture1-Small.jpg\"><img loading=\"lazy\" decoding=\"async\" class=\"wp-image-523 size-full alignright\" title=\"Vulture head\" src=\"https:\/\/mgamp.com\/site\/wp-content\/uploads\/2018\/06\/mini_vulture1-Small.jpg\" alt=\"\" width=\"640\" height=\"402\" srcset=\"https:\/\/mgamp.com\/site\/wp-content\/uploads\/2018\/06\/mini_vulture1-Small.jpg 640w, https:\/\/mgamp.com\/site\/wp-content\/uploads\/2018\/06\/mini_vulture1-Small-600x377.jpg 600w, https:\/\/mgamp.com\/site\/wp-content\/uploads\/2018\/06\/mini_vulture1-Small-300x188.jpg 300w\" sizes=\"auto, (max-width: 640px) 100vw, 640px\" \/><\/a><\/p>\n<p>Vulture Compact zmniejszona wersja heada Vulture. HEAD o konstrukcji przedwzmacniacza 4-ro kana\u0142owej, z pe\u0142na regulacja oraz\u00a0 korekcj\u0105 dla ka\u017cdego<\/p>\n<p>kana\u0142u.<br \/>\nWzmacniacz posiada wej\u015bcie MIDI \u2013 MIDI IN oraz wyj\u015bcie MIDI THRU. Poprzez midi mo\u017cemy sterowa\u0107 zmiana kana\u0142\u00f3w , p\u0119tla efekt\u00f3w oraz podbiciem SOLO z dowolnego sterownika MIDI.<br \/>\nPrzedwzmacniacz , posiadaj\u0105cy a\u017c 4 niezale\u017cne kana\u0142y pozwalaj\u0105ce na uzyskanie pot\u0119\u017cnej ilo\u015bci najwy\u017cszej jako\u015bci barw. Ka\u017cdy kana\u0142 zbudowany jest bez kompromis\u00f3w na osobnych torach sygna\u0142owych.<br \/>\nPierwszy kana\u0142 CH1 to typowy CLEAN znany z modelu \u00a0RAVEN II bazuj\u0105cy na uk\u0142adach typu fenderowskiego, z mo\u017cliwo\u015bci\u0105 prze\u0142\u0105czenia go do trybu CRUNCH .<br \/>\nCH2 posiada charakterystyczne brytyjskie przesterowanie i pozwala uzyskiwa\u0107 zar\u00f3wno barwy typu crunch jak r\u00f3wnie\u017c mocniej przesterowane nasycone harmonicznymi brzmienie.<br \/>\nCH3 i 4 s\u0105 kana\u0142ami typowo high gainowymi . CH3 jest przeznaczony do gry rytmicznej zw\u0142aszcza w niskim stroju, jak r\u00f3wnie\u017c mo\u017ce<\/p>\n<p>by\u0107 kana\u0142em solowym.<br \/>\nKana\u0142 CH4 posiada szersze pasmo od CH3 doskonale sprawdzi si\u0119 w brzmieniach rockowych ,w grze solowej , jak r\u00f3wnie\u017c poprzez bardzo du\u017cy zakres GAIN mo\u017ce pracowa\u0107 od crunchu do high gainowych przesterowa\u0144.<\/p>\n<h1><em>Specyfikacja:<\/em><\/h1>\n<ul>\n<li>Dost\u0119pne warianty: Head<\/li>\n<li>Lampy:6x ECC83 S-JJ &amp; 2x6L6 -50W lub 4x6L6 -100W(w opcji EL34)<\/li>\n<li>Ceramiczne podstawki lamp<\/li>\n<li>Moc: 50W, 100W<\/li>\n<li>Ko\u0144c\u00f3wka mocy:push-pull, klasa AB,sta\u0142a polaryzacja siatek<\/li>\n<li>prze\u0142\u0105cznik PENTODA\/TRIODA<\/li>\n<li>Wej\u015bcie gitarowe JACK(6,3mm)<\/li>\n<li>P\u0119tla efekt\u00f3w:szeregowa z regulacj\u0105 send i return A, return B, wy\u0142aczana footswitchem<\/li>\n<li>2x Wyj\u015bcia g\u0142o\u015bnikowe:2xJack( 6,3mm); Prze\u0142acznik 4,8,16 OHM<\/li>\n<li>Wyj\u015bcie liniowe (0dB)<\/li>\n<li>Wyj\u015bcie FOOSWITCH DB-9<\/li>\n<li>Przedwzmacniacz: 4 kana\u0142y<\/li>\n<li>CH1: 3 punktowe EQ,GAIN,VOLUME,prze\u0142\u0105cznik CRUNCH<\/li>\n<li>CH2: 3 punktowe EQ,GAIN,VOLUME,prze\u0142\u0105cznik VINT\/MOD<\/li>\n<li>CH3: 3 punktowe EQ,GAIN,VOLUME,prze\u0142\u0105cznik VINT\/MOD<\/li>\n<li>CH4: 3 punktowe EQ,GAIN,VOLUME,prze\u0142\u0105cznik VINT\/MOD<\/li>\n<li>Regulacja MASTER (dla wszystkich kana\u0142\u00f3w)<\/li>\n<li>regulacja SOLO (dla wszystkich kana\u0142\u00f3w) za\u0142\u0105czana footswitchem<\/li>\n<li>Regulacja PRESENCE<\/li>\n<li>Prze\u0142\u0105cznik no\u017cny 6 przycisk\u00f3w CHANNEL 1,2,3,4 ; SOLO; FX BYPAS<\/li>\n<li>Terminale BIAS TEST do regulacji biasu lamp ko\u0144c\u00f3wki mocy<\/li>\n<li>INTERFACE MIDI (MIDI IN , MIDI THRU) sterowanie zmiana kana\u0142\u00f3w, solo,fx loop<\/li>\n<li>Wymiary:d\u0142ugo\u015b\u0107-560mm, g\u0142\u0119boko\u015b\u0107-232mm, wysoko\u015b\u0107-230mm<\/li>\n<li>Okleina &#8211; tolex &#8222;black levant&#8221; w opcji inne typy tolexu.<\/li>\n<li>Waga:17kg<iframe class=\"wpview-sandbox\" style=\"width: 100%; display: block; height: 0px;\" height=\"259\" frameborder=\"0\" scrolling=\"no\"><\/iframe><\/li>\n<\/ul>\n<!--[if lt IE 9]><script>document.createElement('audio');<\/script><![endif]-->\n\t<div class=\"wp-playlist wp-audio-playlist wp-playlist-light\">\n\t\t\t<div class=\"wp-playlist-current-item\"><\/div>\n\t\t<audio controls=\"controls\" preload=\"none\" width=\"1148\"\n\t\t\t><\/audio>\n\t<div class=\"wp-playlist-next\"><\/div>\n\t<div class=\"wp-playlist-prev\"><\/div>\n\t<noscript>\n\t<ol>\n\t\t<li><a href='https:\/\/mgamp.com\/site\/wp-content\/uploads\/2018\/08\/vult_ch3_ch4_sm57.mp3'>vult_ch3_ch4- Vicol<\/a><\/li><li><a href='https:\/\/mgamp.com\/site\/wp-content\/uploads\/2018\/06\/VUL_ch1_strat_2.mp3'>Vulture  ch1 Strat<\/a><\/li><li><a href='https:\/\/mgamp.com\/site\/wp-content\/uploads\/2018\/06\/VUL_ch2_gib_V_neck_2.mp3'>VULTURE ch2 Gibson Flying V_neck<\/a><\/li><li><a href='https:\/\/mgamp.com\/site\/wp-content\/uploads\/2018\/06\/VUL_ch2_gib_p90_2.mp3'>VULTURE ch2  Gibson_P90<\/a><\/li><li><a href='https:\/\/mgamp.com\/site\/wp-content\/uploads\/2019\/05\/Vulture-Marcin-Polczyk-1.mp3'>Vulture 1- Marcin Polczyk<\/a><\/li><li><a href='https:\/\/mgamp.com\/site\/wp-content\/uploads\/2019\/05\/Vulture-Marcin-Polczyk-2.mp3'>Vulture 2 - Marcin Polczyk<\/a><\/li><li><a href='https:\/\/mgamp.com\/site\/wp-content\/uploads\/2019\/05\/Vulture-Marcin-Polczyk-3.mp3'>Vulture 3 - Marcin Polczyk<\/a><\/li>\t<\/ol>\n\t<\/noscript>\n\t<script type=\"application\/json\" class=\"wp-playlist-script\">{\"type\":\"audio\",\"tracklist\":true,\"tracknumbers\":true,\"images\":true,\"artists\":true,\"tracks\":[{\"src\":\"https:\\\/\\\/mgamp.com\\\/site\\\/wp-content\\\/uploads\\\/2018\\\/08\\\/vult_ch3_ch4_sm57.mp3\",\"type\":\"audio\\\/mpeg\",\"title\":\"vult_ch3_ch4- Vicol\",\"caption\":\"\",\"description\":\"\\\"vult_ch3_ch4_sm57\\\".\",\"meta\":{\"artist\":\"Vicol\",\"length_formatted\":\"0:49\"},\"image\":{\"src\":\"https:\\\/\\\/mgamp.com\\\/site\\\/wp-includes\\\/images\\\/media\\\/audio.svg\",\"width\":48,\"height\":64},\"thumb\":{\"src\":\"https:\\\/\\\/mgamp.com\\\/site\\\/wp-includes\\\/images\\\/media\\\/audio.svg\",\"width\":48,\"height\":64}},{\"src\":\"https:\\\/\\\/mgamp.com\\\/site\\\/wp-content\\\/uploads\\\/2018\\\/06\\\/VUL_ch1_strat_2.mp3\",\"type\":\"audio\\\/mpeg\",\"title\":\"Vulture  ch1 Strat\",\"caption\":\"\",\"description\":\"\\\"VUL_ch1_strat_2\\\" autor: Krzysztof Paul.\",\"meta\":{\"artist\":\"Krzysztof Paul\",\"length_formatted\":\"0:18\"},\"image\":{\"src\":\"https:\\\/\\\/mgamp.com\\\/site\\\/wp-includes\\\/images\\\/media\\\/audio.svg\",\"width\":48,\"height\":64},\"thumb\":{\"src\":\"https:\\\/\\\/mgamp.com\\\/site\\\/wp-includes\\\/images\\\/media\\\/audio.svg\",\"width\":48,\"height\":64}},{\"src\":\"https:\\\/\\\/mgamp.com\\\/site\\\/wp-content\\\/uploads\\\/2018\\\/06\\\/VUL_ch2_gib_V_neck_2.mp3\",\"type\":\"audio\\\/mpeg\",\"title\":\"VULTURE ch2 Gibson Flying V_neck\",\"caption\":\"\",\"description\":\"\\\"VUL_ch2_gib_V_neck_2\\\" autor: Krzysztof Paul\",\"meta\":{\"artist\":\"Krzysztof Paul\",\"length_formatted\":\"0:24\"},\"image\":{\"src\":\"https:\\\/\\\/mgamp.com\\\/site\\\/wp-includes\\\/images\\\/media\\\/audio.svg\",\"width\":48,\"height\":64},\"thumb\":{\"src\":\"https:\\\/\\\/mgamp.com\\\/site\\\/wp-includes\\\/images\\\/media\\\/audio.svg\",\"width\":48,\"height\":64}},{\"src\":\"https:\\\/\\\/mgamp.com\\\/site\\\/wp-content\\\/uploads\\\/2018\\\/06\\\/VUL_ch2_gib_p90_2.mp3\",\"type\":\"audio\\\/mpeg\",\"title\":\"VULTURE ch2  Gibson_P90\",\"caption\":\"\",\"description\":\"\\\"VUL_ch2_gib_p90_2\\\" autor: Krzysztof Paul\",\"meta\":{\"artist\":\"Krzysztof Paul\",\"length_formatted\":\"0:30\"},\"image\":{\"src\":\"https:\\\/\\\/mgamp.com\\\/site\\\/wp-includes\\\/images\\\/media\\\/audio.svg\",\"width\":48,\"height\":64},\"thumb\":{\"src\":\"https:\\\/\\\/mgamp.com\\\/site\\\/wp-includes\\\/images\\\/media\\\/audio.svg\",\"width\":48,\"height\":64}},{\"src\":\"https:\\\/\\\/mgamp.com\\\/site\\\/wp-content\\\/uploads\\\/2019\\\/05\\\/Vulture-Marcin-Polczyk-1.mp3\",\"type\":\"audio\\\/mpeg\",\"title\":\"Vulture 1- Marcin Polczyk\",\"caption\":\"\",\"description\":\"\\\"Vulture 1\\\" autor: Marcin Polczyk.\",\"meta\":{\"artist\":\"Marcin Polczyk\",\"length_formatted\":\"0:34\"},\"image\":{\"src\":\"https:\\\/\\\/mgamp.com\\\/site\\\/wp-includes\\\/images\\\/media\\\/audio.svg\",\"width\":48,\"height\":64},\"thumb\":{\"src\":\"https:\\\/\\\/mgamp.com\\\/site\\\/wp-includes\\\/images\\\/media\\\/audio.svg\",\"width\":48,\"height\":64}},{\"src\":\"https:\\\/\\\/mgamp.com\\\/site\\\/wp-content\\\/uploads\\\/2019\\\/05\\\/Vulture-Marcin-Polczyk-2.mp3\",\"type\":\"audio\\\/mpeg\",\"title\":\"Vulture 2 - Marcin Polczyk\",\"caption\":\"\",\"description\":\"\\\"Vulture 2\\\" autor: Marcin Polczyk.\",\"meta\":{\"artist\":\"Marcin Polczyk\",\"length_formatted\":\"0:44\"},\"image\":{\"src\":\"https:\\\/\\\/mgamp.com\\\/site\\\/wp-includes\\\/images\\\/media\\\/audio.svg\",\"width\":48,\"height\":64},\"thumb\":{\"src\":\"https:\\\/\\\/mgamp.com\\\/site\\\/wp-includes\\\/images\\\/media\\\/audio.svg\",\"width\":48,\"height\":64}},{\"src\":\"https:\\\/\\\/mgamp.com\\\/site\\\/wp-content\\\/uploads\\\/2019\\\/05\\\/Vulture-Marcin-Polczyk-3.mp3\",\"type\":\"audio\\\/mpeg\",\"title\":\"Vulture 3 - Marcin Polczyk\",\"caption\":\"\",\"description\":\"\\\"Vulture 3\\\" autor: Marcin Polczyk.\",\"meta\":{\"artist\":\"Marcin Polczyk\",\"length_formatted\":\"0:38\"},\"image\":{\"src\":\"https:\\\/\\\/mgamp.com\\\/site\\\/wp-includes\\\/images\\\/media\\\/audio.svg\",\"width\":48,\"height\":64},\"thumb\":{\"src\":\"https:\\\/\\\/mgamp.com\\\/site\\\/wp-includes\\\/images\\\/media\\\/audio.svg\",\"width\":48,\"height\":64}}]}<\/script>\n<\/div>\n\t\n","protected":false},"excerpt":{"rendered":"<p>Vulture Compact Amplifier Vulture Compact zmniejszona wersja heada Vulture. HEAD o konstrukcji przedwzmacniacza 4-ro kana\u0142owej, z pe\u0142na regulacja oraz\u00a0 korekcj\u0105 dla ka\u017cdego kana\u0142u. Wzmacniacz posiada wej\u015bcie MIDI \u2013 MIDI IN oraz wyj\u015bcie MIDI THRU. Poprzez midi mo\u017cemy sterowa\u0107 zmiana kana\u0142\u00f3w , p\u0119tla efekt\u00f3w oraz podbiciem SOLO z dowolnego sterownika MIDI. Przedwzmacniacz , posiadaj\u0105cy a\u017c 4<\/p>\n<p><a href=\"https:\/\/mgamp.com\/site\/produkty\/vulture-compact\/\" class=\"more-link themebutton\">Read More<\/a><\/p>\n","protected":false},"author":1,"featured_media":0,"parent":17,"menu_order":0,"comment_status":"closed","ping_status":"closed","template":"","meta":{"footnotes":""},"class_list":["post-19","page","type-page","status-publish","hentry"],"yoast_head":"<!-- This site is optimized with the Yoast SEO plugin v27.5 - https:\/\/yoast.com\/product\/yoast-seo-wordpress\/ -->\n<title>Vulture Compact - MG AMPLIFICATION<\/title>\n<meta name=\"robots\" content=\"index, follow, max-snippet:-1, max-image-preview:large, max-video-preview:-1\" \/>\n<link rel=\"canonical\" href=\"https:\/\/mgamp.com\/site\/produkty\/vulture-compact\/\" \/>\n<meta property=\"og:locale\" content=\"pl_PL\" \/>\n<meta property=\"og:type\" content=\"article\" \/>\n<meta property=\"og:title\" content=\"Vulture Compact - MG AMPLIFICATION\" \/>\n<meta property=\"og:description\" content=\"Vulture Compact Amplifier Vulture Compact zmniejszona wersja heada Vulture. HEAD o konstrukcji przedwzmacniacza 4-ro kana\u0142owej, z pe\u0142na regulacja oraz\u00a0 korekcj\u0105 dla ka\u017cdego kana\u0142u. Wzmacniacz posiada wej\u015bcie MIDI \u2013 MIDI IN oraz wyj\u015bcie MIDI THRU. Poprzez midi mo\u017cemy sterowa\u0107 zmiana kana\u0142\u00f3w , p\u0119tla efekt\u00f3w oraz podbiciem SOLO z dowolnego sterownika MIDI. Przedwzmacniacz , posiadaj\u0105cy a\u017c 4Read More\" \/>\n<meta property=\"og:url\" content=\"https:\/\/mgamp.com\/site\/produkty\/vulture-compact\/\" \/>\n<meta property=\"og:site_name\" content=\"MG AMPLIFICATION\" \/>\n<meta property=\"article:modified_time\" content=\"2019-05-29T23:06:28+00:00\" \/>\n<meta property=\"og:image\" content=\"https:\/\/mgamp.com\/site\/wp-content\/uploads\/2018\/06\/mini_vulture1-Small.jpg\" \/>\n\t<meta property=\"og:image:width\" content=\"640\" \/>\n\t<meta property=\"og:image:height\" content=\"402\" \/>\n\t<meta property=\"og:image:type\" content=\"image\/jpeg\" \/>\n<meta name=\"twitter:card\" content=\"summary_large_image\" \/>\n<meta name=\"twitter:label1\" content=\"Szacowany czas czytania\" \/>\n\t<meta name=\"twitter:data1\" content=\"2 minuty\" \/>\n<script type=\"application\/ld+json\" class=\"yoast-schema-graph\">{\"@context\":\"https:\\\/\\\/schema.org\",\"@graph\":[{\"@type\":\"WebPage\",\"@id\":\"https:\\\/\\\/mgamp.com\\\/site\\\/produkty\\\/vulture-compact\\\/\",\"url\":\"https:\\\/\\\/mgamp.com\\\/site\\\/produkty\\\/vulture-compact\\\/\",\"name\":\"Vulture Compact - MG AMPLIFICATION\",\"isPartOf\":{\"@id\":\"https:\\\/\\\/mgamp.com\\\/site\\\/#website\"},\"primaryImageOfPage\":{\"@id\":\"https:\\\/\\\/mgamp.com\\\/site\\\/produkty\\\/vulture-compact\\\/#primaryimage\"},\"image\":{\"@id\":\"https:\\\/\\\/mgamp.com\\\/site\\\/produkty\\\/vulture-compact\\\/#primaryimage\"},\"thumbnailUrl\":\"https:\\\/\\\/mgamp.com\\\/site\\\/wp-content\\\/uploads\\\/2018\\\/06\\\/mini_vulture1-Small.jpg\",\"datePublished\":\"2015-05-14T13:15:02+00:00\",\"dateModified\":\"2019-05-29T23:06:28+00:00\",\"breadcrumb\":{\"@id\":\"https:\\\/\\\/mgamp.com\\\/site\\\/produkty\\\/vulture-compact\\\/#breadcrumb\"},\"inLanguage\":\"pl-PL\",\"potentialAction\":[{\"@type\":\"ReadAction\",\"target\":[\"https:\\\/\\\/mgamp.com\\\/site\\\/produkty\\\/vulture-compact\\\/\"]}]},{\"@type\":\"ImageObject\",\"inLanguage\":\"pl-PL\",\"@id\":\"https:\\\/\\\/mgamp.com\\\/site\\\/produkty\\\/vulture-compact\\\/#primaryimage\",\"url\":\"https:\\\/\\\/mgamp.com\\\/site\\\/wp-content\\\/uploads\\\/2018\\\/06\\\/mini_vulture1-Small.jpg\",\"contentUrl\":\"https:\\\/\\\/mgamp.com\\\/site\\\/wp-content\\\/uploads\\\/2018\\\/06\\\/mini_vulture1-Small.jpg\",\"width\":640,\"height\":402},{\"@type\":\"BreadcrumbList\",\"@id\":\"https:\\\/\\\/mgamp.com\\\/site\\\/produkty\\\/vulture-compact\\\/#breadcrumb\",\"itemListElement\":[{\"@type\":\"ListItem\",\"position\":1,\"name\":\"Strona g\u0142\u00f3wna\",\"item\":\"https:\\\/\\\/mgamp.com\\\/site\\\/\"},{\"@type\":\"ListItem\",\"position\":2,\"name\":\"Wzmacniacze\",\"item\":\"https:\\\/\\\/mgamp.com\\\/site\\\/produkty\\\/\"},{\"@type\":\"ListItem\",\"position\":3,\"name\":\"Vulture Compact\"}]},{\"@type\":\"WebSite\",\"@id\":\"https:\\\/\\\/mgamp.com\\\/site\\\/#website\",\"url\":\"https:\\\/\\\/mgamp.com\\\/site\\\/\",\"name\":\"MG AMPLIFICATION\",\"description\":\"Gitarowe wzmacniacze lampowe\",\"potentialAction\":[{\"@type\":\"SearchAction\",\"target\":{\"@type\":\"EntryPoint\",\"urlTemplate\":\"https:\\\/\\\/mgamp.com\\\/site\\\/?s={search_term_string}\"},\"query-input\":{\"@type\":\"PropertyValueSpecification\",\"valueRequired\":true,\"valueName\":\"search_term_string\"}}],\"inLanguage\":\"pl-PL\"}]}<\/script>\n<!-- \/ Yoast SEO plugin. -->","yoast_head_json":{"title":"Vulture Compact - MG AMPLIFICATION","robots":{"index":"index","follow":"follow","max-snippet":"max-snippet:-1","max-image-preview":"max-image-preview:large","max-video-preview":"max-video-preview:-1"},"canonical":"https:\/\/mgamp.com\/site\/produkty\/vulture-compact\/","og_locale":"pl_PL","og_type":"article","og_title":"Vulture Compact - MG AMPLIFICATION","og_description":"Vulture Compact Amplifier Vulture Compact zmniejszona wersja heada Vulture. HEAD o konstrukcji przedwzmacniacza 4-ro kana\u0142owej, z pe\u0142na regulacja oraz\u00a0 korekcj\u0105 dla ka\u017cdego kana\u0142u. Wzmacniacz posiada wej\u015bcie MIDI \u2013 MIDI IN oraz wyj\u015bcie MIDI THRU. Poprzez midi mo\u017cemy sterowa\u0107 zmiana kana\u0142\u00f3w , p\u0119tla efekt\u00f3w oraz podbiciem SOLO z dowolnego sterownika MIDI. Przedwzmacniacz , posiadaj\u0105cy a\u017c 4Read More","og_url":"https:\/\/mgamp.com\/site\/produkty\/vulture-compact\/","og_site_name":"MG AMPLIFICATION","article_modified_time":"2019-05-29T23:06:28+00:00","og_image":[{"width":640,"height":402,"url":"https:\/\/mgamp.com\/site\/wp-content\/uploads\/2018\/06\/mini_vulture1-Small.jpg","type":"image\/jpeg"}],"twitter_card":"summary_large_image","twitter_misc":{"Szacowany czas czytania":"2 minuty"},"schema":{"@context":"https:\/\/schema.org","@graph":[{"@type":"WebPage","@id":"https:\/\/mgamp.com\/site\/produkty\/vulture-compact\/","url":"https:\/\/mgamp.com\/site\/produkty\/vulture-compact\/","name":"Vulture Compact - MG AMPLIFICATION","isPartOf":{"@id":"https:\/\/mgamp.com\/site\/#website"},"primaryImageOfPage":{"@id":"https:\/\/mgamp.com\/site\/produkty\/vulture-compact\/#primaryimage"},"image":{"@id":"https:\/\/mgamp.com\/site\/produkty\/vulture-compact\/#primaryimage"},"thumbnailUrl":"https:\/\/mgamp.com\/site\/wp-content\/uploads\/2018\/06\/mini_vulture1-Small.jpg","datePublished":"2015-05-14T13:15:02+00:00","dateModified":"2019-05-29T23:06:28+00:00","breadcrumb":{"@id":"https:\/\/mgamp.com\/site\/produkty\/vulture-compact\/#breadcrumb"},"inLanguage":"pl-PL","potentialAction":[{"@type":"ReadAction","target":["https:\/\/mgamp.com\/site\/produkty\/vulture-compact\/"]}]},{"@type":"ImageObject","inLanguage":"pl-PL","@id":"https:\/\/mgamp.com\/site\/produkty\/vulture-compact\/#primaryimage","url":"https:\/\/mgamp.com\/site\/wp-content\/uploads\/2018\/06\/mini_vulture1-Small.jpg","contentUrl":"https:\/\/mgamp.com\/site\/wp-content\/uploads\/2018\/06\/mini_vulture1-Small.jpg","width":640,"height":402},{"@type":"BreadcrumbList","@id":"https:\/\/mgamp.com\/site\/produkty\/vulture-compact\/#breadcrumb","itemListElement":[{"@type":"ListItem","position":1,"name":"Strona g\u0142\u00f3wna","item":"https:\/\/mgamp.com\/site\/"},{"@type":"ListItem","position":2,"name":"Wzmacniacze","item":"https:\/\/mgamp.com\/site\/produkty\/"},{"@type":"ListItem","position":3,"name":"Vulture Compact"}]},{"@type":"WebSite","@id":"https:\/\/mgamp.com\/site\/#website","url":"https:\/\/mgamp.com\/site\/","name":"MG AMPLIFICATION","description":"Gitarowe wzmacniacze lampowe","potentialAction":[{"@type":"SearchAction","target":{"@type":"EntryPoint","urlTemplate":"https:\/\/mgamp.com\/site\/?s={search_term_string}"},"query-input":{"@type":"PropertyValueSpecification","valueRequired":true,"valueName":"search_term_string"}}],"inLanguage":"pl-PL"}]}},"_links":{"self":[{"href":"https:\/\/mgamp.com\/site\/wp-json\/wp\/v2\/pages\/19","targetHints":{"allow":["GET"]}}],"collection":[{"href":"https:\/\/mgamp.com\/site\/wp-json\/wp\/v2\/pages"}],"about":[{"href":"https:\/\/mgamp.com\/site\/wp-json\/wp\/v2\/types\/page"}],"author":[{"embeddable":true,"href":"https:\/\/mgamp.com\/site\/wp-json\/wp\/v2\/users\/1"}],"replies":[{"embeddable":true,"href":"https:\/\/mgamp.com\/site\/wp-json\/wp\/v2\/comments?post=19"}],"version-history":[{"count":9,"href":"https:\/\/mgamp.com\/site\/wp-json\/wp\/v2\/pages\/19\/revisions"}],"predecessor-version":[{"id":630,"href":"https:\/\/mgamp.com\/site\/wp-json\/wp\/v2\/pages\/19\/revisions\/630"}],"up":[{"embeddable":true,"href":"https:\/\/mgamp.com\/site\/wp-json\/wp\/v2\/pages\/17"}],"wp:attachment":[{"href":"https:\/\/mgamp.com\/site\/wp-json\/wp\/v2\/media?parent=19"}],"curies":[{"name":"wp","href":"https:\/\/api.w.org\/{rel}","templated":true}]}}