{"id":110,"date":"2015-05-15T07:49:38","date_gmt":"2015-05-15T07:49:38","guid":{"rendered":"https:\/\/mgamp.com\/site\/?page_id=110"},"modified":"2021-06-19T09:02:06","modified_gmt":"2021-06-19T09:02:06","slug":"kontakt","status":"publish","type":"page","link":"https:\/\/mgamp.com\/site\/kontakt\/","title":{"rendered":"Kontakt"},"content":{"rendered":"<div id=\"inner\">\n<div id=\"left\">\n<div id=\"left-inner\">\n<div id=\"content\">\n<div class=\"post\"><strong>Napisz do nas:<\/strong><\/div>\n<div class=\"post\">\n\n<div class=\"wpcf7 no-js\" id=\"wpcf7-f126-o1\" lang=\"pl-PL\" dir=\"ltr\" data-wpcf7-id=\"126\">\n<div class=\"screen-reader-response\"><p role=\"status\" aria-live=\"polite\" aria-atomic=\"true\"><\/p> <ul><\/ul><\/div>\n<form action=\"\/site\/wp-json\/wp\/v2\/pages\/110#wpcf7-f126-o1\" method=\"post\" class=\"wpcf7-form init\" aria-label=\"Formularz kontaktowy\" novalidate=\"novalidate\" data-status=\"init\">\n<fieldset class=\"hidden-fields-container\"><input type=\"hidden\" name=\"_wpcf7\" value=\"126\" \/><input type=\"hidden\" name=\"_wpcf7_version\" value=\"6.1.5\" \/><input type=\"hidden\" name=\"_wpcf7_locale\" value=\"pl_PL\" \/><input type=\"hidden\" name=\"_wpcf7_unit_tag\" value=\"wpcf7-f126-o1\" \/><input type=\"hidden\" name=\"_wpcf7_container_post\" value=\"0\" \/><input type=\"hidden\" name=\"_wpcf7_posted_data_hash\" value=\"\" \/>\n<\/fieldset>\n<p>Imi\u0119 i nazwisko (wymagane)\n<\/p>\n<p><span class=\"wpcf7-form-control-wrap\" data-name=\"your-name\"><input size=\"40\" maxlength=\"400\" class=\"wpcf7-form-control wpcf7-text wpcf7-validates-as-required\" aria-required=\"true\" aria-invalid=\"false\" value=\"\" type=\"text\" name=\"your-name\" \/><\/span>\n<\/p>\n<p>Adres email (wymagane)\n<\/p>\n<p><span class=\"wpcf7-form-control-wrap\" data-name=\"your-email\"><input size=\"40\" maxlength=\"400\" class=\"wpcf7-form-control wpcf7-email wpcf7-validates-as-required wpcf7-text wpcf7-validates-as-email\" aria-required=\"true\" aria-invalid=\"false\" value=\"\" type=\"email\" name=\"your-email\" \/><\/span>\n<\/p>\n<p>Temat\n<\/p>\n<p><span class=\"wpcf7-form-control-wrap\" data-name=\"your-subject\"><input size=\"40\" maxlength=\"400\" class=\"wpcf7-form-control wpcf7-text\" aria-invalid=\"false\" value=\"\" type=\"text\" name=\"your-subject\" \/><\/span>\n<\/p>\n<p>Tre\u015b\u0107 wiadomo\u015bci\n<\/p>\n<p><span class=\"wpcf7-form-control-wrap\" data-name=\"your-message\"><textarea cols=\"40\" rows=\"10\" maxlength=\"2000\" class=\"wpcf7-form-control wpcf7-textarea\" aria-invalid=\"false\" name=\"your-message\"><\/textarea><\/span>\n<\/p>\n<p><div id=\"cf7sr-69dfb3b97673e\" class=\"cf7sr-g-recaptcha\" data-theme=\"light\" data-type=\"image\" data-size=\"normal\" data-sitekey=\"6LeWr5MUAAAAAPI9hVFxGsIqcqE_GoAnXuoooRG9\"><\/div><span class=\"wpcf7-form-control-wrap cf7sr-recaptcha\" data-name=\"cf7sr-recaptcha\"><input type=\"hidden\" name=\"cf7sr-recaptcha\" value=\"\" class=\"wpcf7-form-control\"><\/span>\n<\/p>\n<p><input class=\"wpcf7-form-control wpcf7-submit has-spinner\" type=\"submit\" value=\"Wy\u015blij\" \/>\n<\/p><div class=\"wpcf7-response-output\" aria-hidden=\"true\"><\/div>\n<\/form>\n<\/div>\n\n<h2>MG AMPLIFICATION<\/h2>\n<div>\n<hr \/>\n<p><strong>Firma<\/strong><\/p>\n<\/div>\n<p><strong>\u00a0MG AMPLIFICATION, Marek Gierszewski<\/strong><\/p>\n<p>Tel. +48 509 818 215<\/p>\n<p>ul.Swarzewska 56\/A\/9, 81-059 Gdynia<br \/>\nNIP 586-107-57-23, Regon: 220119222<\/p>\n<hr \/>\n<p>Wzmacniacze wykonuj\u0119 wy\u0142\u0105cznie na indywidualne zam\u00f3wienie.<br \/>\nWykonuj\u0119 naprawy, wymian\u0119 lamp, przewijanie d\u0142awik\u00f3w i transformator\u00f3w i inne.<br \/>\nDzi\u0119kuje za zainteresowanie moj\u0105 ofert\u0105&#8230;<\/p>\n<p>Godziny pracy s\u0105 ruchome , dlatego zawsze prosz\u0119 o kontakt przed przyjazdem.<\/p>\n<p>Marek Gierszewski<br \/>\nMG AMPLIFICATION<\/p>\n<\/div>\n<\/div>\n<\/div>\n<\/div>\n<\/div>\n<div id=\"clearfooter\"><\/div>\n","protected":false},"excerpt":{"rendered":"<p>Napisz do nas: MG AMPLIFICATION Firma \u00a0MG AMPLIFICATION, Marek Gierszewski Tel. +48 509 818 215 ul.Swarzewska 56\/A\/9, 81-059 Gdynia NIP 586-107-57-23, Regon: 220119222 Wzmacniacze wykonuj\u0119 wy\u0142\u0105cznie na indywidualne zam\u00f3wienie. Wykonuj\u0119 naprawy, wymian\u0119 lamp, przewijanie d\u0142awik\u00f3w i transformator\u00f3w i inne. Dzi\u0119kuje za zainteresowanie moj\u0105 ofert\u0105&#8230; Godziny pracy s\u0105 ruchome , dlatego zawsze prosz\u0119 o kontakt przed<\/p>\n<p><a href=\"https:\/\/mgamp.com\/site\/kontakt\/\" class=\"more-link themebutton\">Read More<\/a><\/p>\n","protected":false},"author":1,"featured_media":0,"parent":0,"menu_order":6,"comment_status":"closed","ping_status":"open","template":"","meta":{"footnotes":""},"class_list":["post-110","page","type-page","status-publish","hentry"],"yoast_head":"<!-- This site is optimized with the Yoast SEO plugin v27.4 - https:\/\/yoast.com\/product\/yoast-seo-wordpress\/ -->\n<title>Kontakt - MG AMPLIFICATION<\/title>\n<meta name=\"robots\" content=\"index, follow, max-snippet:-1, max-image-preview:large, max-video-preview:-1\" \/>\n<link rel=\"canonical\" href=\"https:\/\/mgamp.com\/site\/kontakt\/\" \/>\n<meta property=\"og:locale\" content=\"pl_PL\" \/>\n<meta property=\"og:type\" content=\"article\" \/>\n<meta property=\"og:title\" content=\"Kontakt - MG AMPLIFICATION\" \/>\n<meta property=\"og:description\" content=\"Napisz do nas: MG AMPLIFICATION Firma \u00a0MG AMPLIFICATION, Marek Gierszewski Tel. +48 509 818 215 ul.Swarzewska 56\/A\/9, 81-059 Gdynia NIP 586-107-57-23, Regon: 220119222 Wzmacniacze wykonuj\u0119 wy\u0142\u0105cznie na indywidualne zam\u00f3wienie. Wykonuj\u0119 naprawy, wymian\u0119 lamp, przewijanie d\u0142awik\u00f3w i transformator\u00f3w i inne. Dzi\u0119kuje za zainteresowanie moj\u0105 ofert\u0105&#8230; Godziny pracy s\u0105 ruchome , dlatego zawsze prosz\u0119 o kontakt przedRead More\" \/>\n<meta property=\"og:url\" content=\"https:\/\/mgamp.com\/site\/kontakt\/\" \/>\n<meta property=\"og:site_name\" content=\"MG AMPLIFICATION\" \/>\n<meta property=\"article:modified_time\" content=\"2021-06-19T09:02:06+00:00\" \/>\n<meta name=\"twitter:card\" content=\"summary_large_image\" \/>\n<script type=\"application\/ld+json\" class=\"yoast-schema-graph\">{\"@context\":\"https:\\\/\\\/schema.org\",\"@graph\":[{\"@type\":\"WebPage\",\"@id\":\"https:\\\/\\\/mgamp.com\\\/site\\\/kontakt\\\/\",\"url\":\"https:\\\/\\\/mgamp.com\\\/site\\\/kontakt\\\/\",\"name\":\"Kontakt - MG AMPLIFICATION\",\"isPartOf\":{\"@id\":\"https:\\\/\\\/mgamp.com\\\/site\\\/#website\"},\"datePublished\":\"2015-05-15T07:49:38+00:00\",\"dateModified\":\"2021-06-19T09:02:06+00:00\",\"breadcrumb\":{\"@id\":\"https:\\\/\\\/mgamp.com\\\/site\\\/kontakt\\\/#breadcrumb\"},\"inLanguage\":\"pl-PL\",\"potentialAction\":[{\"@type\":\"ReadAction\",\"target\":[\"https:\\\/\\\/mgamp.com\\\/site\\\/kontakt\\\/\"]}]},{\"@type\":\"BreadcrumbList\",\"@id\":\"https:\\\/\\\/mgamp.com\\\/site\\\/kontakt\\\/#breadcrumb\",\"itemListElement\":[{\"@type\":\"ListItem\",\"position\":1,\"name\":\"Strona g\u0142\u00f3wna\",\"item\":\"https:\\\/\\\/mgamp.com\\\/site\\\/\"},{\"@type\":\"ListItem\",\"position\":2,\"name\":\"Kontakt\"}]},{\"@type\":\"WebSite\",\"@id\":\"https:\\\/\\\/mgamp.com\\\/site\\\/#website\",\"url\":\"https:\\\/\\\/mgamp.com\\\/site\\\/\",\"name\":\"MG AMPLIFICATION\",\"description\":\"Gitarowe wzmacniacze lampowe\",\"potentialAction\":[{\"@type\":\"SearchAction\",\"target\":{\"@type\":\"EntryPoint\",\"urlTemplate\":\"https:\\\/\\\/mgamp.com\\\/site\\\/?s={search_term_string}\"},\"query-input\":{\"@type\":\"PropertyValueSpecification\",\"valueRequired\":true,\"valueName\":\"search_term_string\"}}],\"inLanguage\":\"pl-PL\"}]}<\/script>\n<!-- \/ Yoast SEO plugin. -->","yoast_head_json":{"title":"Kontakt - MG AMPLIFICATION","robots":{"index":"index","follow":"follow","max-snippet":"max-snippet:-1","max-image-preview":"max-image-preview:large","max-video-preview":"max-video-preview:-1"},"canonical":"https:\/\/mgamp.com\/site\/kontakt\/","og_locale":"pl_PL","og_type":"article","og_title":"Kontakt - MG AMPLIFICATION","og_description":"Napisz do nas: MG AMPLIFICATION Firma \u00a0MG AMPLIFICATION, Marek Gierszewski Tel. +48 509 818 215 ul.Swarzewska 56\/A\/9, 81-059 Gdynia NIP 586-107-57-23, Regon: 220119222 Wzmacniacze wykonuj\u0119 wy\u0142\u0105cznie na indywidualne zam\u00f3wienie. Wykonuj\u0119 naprawy, wymian\u0119 lamp, przewijanie d\u0142awik\u00f3w i transformator\u00f3w i inne. Dzi\u0119kuje za zainteresowanie moj\u0105 ofert\u0105&#8230; Godziny pracy s\u0105 ruchome , dlatego zawsze prosz\u0119 o kontakt przedRead More","og_url":"https:\/\/mgamp.com\/site\/kontakt\/","og_site_name":"MG AMPLIFICATION","article_modified_time":"2021-06-19T09:02:06+00:00","twitter_card":"summary_large_image","schema":{"@context":"https:\/\/schema.org","@graph":[{"@type":"WebPage","@id":"https:\/\/mgamp.com\/site\/kontakt\/","url":"https:\/\/mgamp.com\/site\/kontakt\/","name":"Kontakt - MG AMPLIFICATION","isPartOf":{"@id":"https:\/\/mgamp.com\/site\/#website"},"datePublished":"2015-05-15T07:49:38+00:00","dateModified":"2021-06-19T09:02:06+00:00","breadcrumb":{"@id":"https:\/\/mgamp.com\/site\/kontakt\/#breadcrumb"},"inLanguage":"pl-PL","potentialAction":[{"@type":"ReadAction","target":["https:\/\/mgamp.com\/site\/kontakt\/"]}]},{"@type":"BreadcrumbList","@id":"https:\/\/mgamp.com\/site\/kontakt\/#breadcrumb","itemListElement":[{"@type":"ListItem","position":1,"name":"Strona g\u0142\u00f3wna","item":"https:\/\/mgamp.com\/site\/"},{"@type":"ListItem","position":2,"name":"Kontakt"}]},{"@type":"WebSite","@id":"https:\/\/mgamp.com\/site\/#website","url":"https:\/\/mgamp.com\/site\/","name":"MG AMPLIFICATION","description":"Gitarowe wzmacniacze lampowe","potentialAction":[{"@type":"SearchAction","target":{"@type":"EntryPoint","urlTemplate":"https:\/\/mgamp.com\/site\/?s={search_term_string}"},"query-input":{"@type":"PropertyValueSpecification","valueRequired":true,"valueName":"search_term_string"}}],"inLanguage":"pl-PL"}]}},"_links":{"self":[{"href":"https:\/\/mgamp.com\/site\/wp-json\/wp\/v2\/pages\/110","targetHints":{"allow":["GET"]}}],"collection":[{"href":"https:\/\/mgamp.com\/site\/wp-json\/wp\/v2\/pages"}],"about":[{"href":"https:\/\/mgamp.com\/site\/wp-json\/wp\/v2\/types\/page"}],"author":[{"embeddable":true,"href":"https:\/\/mgamp.com\/site\/wp-json\/wp\/v2\/users\/1"}],"replies":[{"embeddable":true,"href":"https:\/\/mgamp.com\/site\/wp-json\/wp\/v2\/comments?post=110"}],"version-history":[{"count":7,"href":"https:\/\/mgamp.com\/site\/wp-json\/wp\/v2\/pages\/110\/revisions"}],"predecessor-version":[{"id":22400,"href":"https:\/\/mgamp.com\/site\/wp-json\/wp\/v2\/pages\/110\/revisions\/22400"}],"wp:attachment":[{"href":"https:\/\/mgamp.com\/site\/wp-json\/wp\/v2\/media?parent=110"}],"curies":[{"name":"wp","href":"https:\/\/api.w.org\/{rel}","templated":true}]}}