{"id":107,"date":"2015-05-15T07:47:46","date_gmt":"2015-05-15T07:47:46","guid":{"rendered":"https:\/\/mgamp.com\/site\/?page_id=107"},"modified":"2016-03-01T23:35:21","modified_gmt":"2016-03-01T23:35:21","slug":"cso-50","status":"publish","type":"page","link":"https:\/\/mgamp.com\/site\/produkty\/cso-50\/","title":{"rendered":"CSO 50"},"content":{"rendered":"<h2>Custom Special Overdrive 50 watt head<\/h2>\n<h1><a href=\"https:\/\/mgamp.com\/site\/wp-content\/uploads\/2015\/05\/CSO_1-Small.jpg\"><img loading=\"lazy\" decoding=\"async\" class=\"alignright wp-image-206 size-full\" title=\"CSO 50\" src=\"https:\/\/mgamp.com\/site\/wp-content\/uploads\/2015\/05\/CSO_1-Small.jpg\" alt=\"CSO_1 (Small)\" width=\"612\" height=\"480\" srcset=\"https:\/\/mgamp.com\/site\/wp-content\/uploads\/2015\/05\/CSO_1-Small.jpg 612w, https:\/\/mgamp.com\/site\/wp-content\/uploads\/2015\/05\/CSO_1-Small-600x471.jpg 600w, https:\/\/mgamp.com\/site\/wp-content\/uploads\/2015\/05\/CSO_1-Small-300x235.jpg 300w\" sizes=\"auto, (max-width: 612px) 100vw, 612px\" \/><\/a><\/h1>\n<p>Custom Special Overdrive ( CSO 50) to konstrukcja nawi\u0105zuj\u0105ca do wzmacniaczy Dumble &#8222;Overdrive Special&#8221; z lat 70tych. Wzmacniacz ten jest ca\u0142kowicie r\u0119cznie zbudowany na bazie doskona\u0142ych komponenet\u00f3w. Jest zbudowany z u\u017cyciem tzw. &#8222;eyelette board&#8221; zamiast pcb i wszystkie po\u0142aczenia wykonywane sa metoda point to point. Monta\u017c taki cechuje du\u017ca niezawodno\u015b\u0107 oraz \u0142atwo\u015b\u0107 wprowadzania modyfikacji do uk\u0142adu wzmacniacza oraz nawi\u0105zuje bezpo\u015brednio do pierwowzoru.<\/p>\n<p>Brzmienie jakie oferuje ten wzmacniacz to doskona\u0142y dynamiczny czysty kana\u0142 z ogromnymi mozliwo\u015bciami korekcji. Dzieki zastosowaniu dodatkowych prze\u0142\u0105cznik\u00f3w zmieniaj\u0105cych charakter korekcji takich jak jazz\/ rock powoduj\u0105cy bardziej agresywny i jasny d\u017awi\u0119k w pozycji rock oraz \u0142agodny i g\u0142adki w pozycji &#8222;jazz&#8221;. Posiada tak\u017ce prze\u0142\u0105cznik &#8222;bright&#8221; zwi\u0119kszaj\u0105cy ilo\u015b\u0107 wysokich ton\u00f3w , prze\u0142acznik &#8222;deep&#8221; podbijaj\u0105cy niskie cz\u0119stotliwo\u015bci oraz prze\u0142\u0105cznik &#8222;mid&#8221; podbijaj\u0105cy \u015brodkowe pasmo. Kana\u0142 przesterowany natomiast oferuje doskona\u0142y bogaty w harmoniczne overdrive z niesamowit\u0105 podatno\u015bci\u0105 na artykulacj\u0119 z osobn\u0105 regulacj\u0105 poziomu nasycenia oraz g\u0142o\u015bno\u015bci.<\/p>\n<p>Wzmacniacz zosta\u0142 wyposa\u017cony w doskona\u0142y 3 spr\u0119\u017cynowy pog\u0142os firmy Accutronnics buforowany lampowo w oparciu o lamp\u0119 12AT7. Wyposa\u017cony jest tak\u017ce w regulowan\u0105 p\u0119tl\u0119 efekt\u00f3w oraz redukcj\u0119 mocy wyj\u015bciowej na panelu tylnym. Wzmacniacz nap\u0119dzany jest 4ma lampami ECC83\/12AX7 , jedn\u0105 lampa ECC81\/12AT7 oraz 2ma lampami 6L6 (opcjonalnie mog\u0105 to byc lampy EL34).<\/p>\n<h1><em>Specyfikacja CSO 50:<\/em><\/h1>\n<ul>\n<li>Dost\u0119pne warianty: Head<\/li>\n<li>Lampy:4x 12AX7,\u00a0 1x2AT7 &amp; 2xEL34 lub 2x 6L6<\/li>\n<li>Ceramiczne podstawki lamp<\/li>\n<li>Moc: 50 Watt<\/li>\n<li>Ko\u0144c\u00f3wka mocy:push-pull ,klasa AB<\/li>\n<li>2 wej\u015bcia gitarowe JACK(6,3mm) Hi , Lo<\/li>\n<li>P\u0119tla efekt\u00f3w:szeregowa<\/li>\n<li>Wyj\u015bcia g\u0142o\u015bnikowe:2xJack( 6,3mm); Prze\u0142acznik 4,8,16 OHM<\/li>\n<li>Przedwzmacniacz: 2 kana\u0142y<\/li>\n<li>3 punktowe EQ<\/li>\n<li>Regulacja\u00a0 gain, master volume ,presence,reverb<\/li>\n<li>REVERB:Accutronnics (8AB2C1B)<\/li>\n<li>Wymiary:d\u0142ugo\u015b\u0107-500mm ,g\u0142\u0119boko\u015b\u0107-232mm,wysoko\u015b\u0107-250mm<\/li>\n<li>Waga: 17,5kg.<\/li>\n<\/ul>\n<div id=\"attachment_428\" style=\"width: 650px\" class=\"wp-caption alignleft\"><a href=\"https:\/\/mgamp.com\/site\/wp-content\/uploads\/2015\/05\/cso_inside-Small.jpg\" rel=\"attachment wp-att-428\"><img loading=\"lazy\" decoding=\"async\" aria-describedby=\"caption-attachment-428\" class=\"size-full wp-image-428\" src=\"https:\/\/mgamp.com\/site\/wp-content\/uploads\/2015\/05\/cso_inside-Small.jpg\" alt=\"CSO 50 chassis\" width=\"640\" height=\"260\" srcset=\"https:\/\/mgamp.com\/site\/wp-content\/uploads\/2015\/05\/cso_inside-Small.jpg 640w, https:\/\/mgamp.com\/site\/wp-content\/uploads\/2015\/05\/cso_inside-Small-600x244.jpg 600w, https:\/\/mgamp.com\/site\/wp-content\/uploads\/2015\/05\/cso_inside-Small-300x122.jpg 300w\" sizes=\"auto, (max-width: 640px) 100vw, 640px\" \/><\/a><p id=\"caption-attachment-428\" class=\"wp-caption-text\">CSO 50 chassis<\/p><\/div>\n<h2>Pr\u00f3bki mp3<\/h2>\n<!--[if lt IE 9]><script>document.createElement('audio');<\/script><![endif]-->\n\t<div class=\"wp-playlist wp-audio-playlist wp-playlist-light\">\n\t\t\t<div class=\"wp-playlist-current-item\"><\/div>\n\t\t<audio controls=\"controls\" preload=\"none\" width=\"1148\"\n\t\t\t><\/audio>\n\t<div class=\"wp-playlist-next\"><\/div>\n\t<div class=\"wp-playlist-prev\"><\/div>\n\t<noscript>\n\t<ol>\n\t\t<li><a href='https:\/\/mgamp.com\/site\/wp-content\/uploads\/2015\/05\/cso_overdrive-2.mp3'>cso_overdrive 2<\/a><\/li><li><a href='https:\/\/mgamp.com\/site\/wp-content\/uploads\/2015\/05\/cso_overdrive-1.mp3'>cso_overdrive 1<\/a><\/li><li><a href='https:\/\/mgamp.com\/site\/wp-content\/uploads\/2015\/05\/cso_clean.mp3'>cso_clean<\/a><\/li>\t<\/ol>\n\t<\/noscript>\n\t<script type=\"application\/json\" class=\"wp-playlist-script\">{\"type\":\"audio\",\"tracklist\":true,\"tracknumbers\":true,\"images\":true,\"artists\":true,\"tracks\":[{\"src\":\"https:\\\/\\\/mgamp.com\\\/site\\\/wp-content\\\/uploads\\\/2015\\\/05\\\/cso_overdrive-2.mp3\",\"type\":\"audio\\\/mpeg\",\"title\":\"cso_overdrive 2\",\"caption\":\"\",\"description\":\"\\\"cso_overdrive 2\\\".\",\"meta\":{\"length_formatted\":\"0:53\"},\"image\":{\"src\":\"https:\\\/\\\/mgamp.com\\\/site\\\/wp-includes\\\/images\\\/media\\\/audio.svg\",\"width\":48,\"height\":64},\"thumb\":{\"src\":\"https:\\\/\\\/mgamp.com\\\/site\\\/wp-includes\\\/images\\\/media\\\/audio.svg\",\"width\":48,\"height\":64}},{\"src\":\"https:\\\/\\\/mgamp.com\\\/site\\\/wp-content\\\/uploads\\\/2015\\\/05\\\/cso_overdrive-1.mp3\",\"type\":\"audio\\\/mpeg\",\"title\":\"cso_overdrive 1\",\"caption\":\"\",\"description\":\"\\\"cso_overdrive 1\\\".\",\"meta\":{\"length_formatted\":\"0:32\"},\"image\":{\"src\":\"https:\\\/\\\/mgamp.com\\\/site\\\/wp-includes\\\/images\\\/media\\\/audio.svg\",\"width\":48,\"height\":64},\"thumb\":{\"src\":\"https:\\\/\\\/mgamp.com\\\/site\\\/wp-includes\\\/images\\\/media\\\/audio.svg\",\"width\":48,\"height\":64}},{\"src\":\"https:\\\/\\\/mgamp.com\\\/site\\\/wp-content\\\/uploads\\\/2015\\\/05\\\/cso_clean.mp3\",\"type\":\"audio\\\/mpeg\",\"title\":\"cso_clean\",\"caption\":\"\",\"description\":\"\\\"cso_clean\\\".\",\"meta\":{\"length_formatted\":\"0:30\"},\"image\":{\"src\":\"https:\\\/\\\/mgamp.com\\\/site\\\/wp-includes\\\/images\\\/media\\\/audio.svg\",\"width\":48,\"height\":64},\"thumb\":{\"src\":\"https:\\\/\\\/mgamp.com\\\/site\\\/wp-includes\\\/images\\\/media\\\/audio.svg\",\"width\":48,\"height\":64}}]}<\/script>\n<\/div>\n\t\n<p>&nbsp;<\/p>\n<p>&nbsp;<\/p>\n<p>&nbsp;<\/p>\n<p>&nbsp;<\/p>\n","protected":false},"excerpt":{"rendered":"<p>Custom Special Overdrive 50 watt head Custom Special Overdrive ( CSO 50) to konstrukcja nawi\u0105zuj\u0105ca do wzmacniaczy Dumble &#8222;Overdrive Special&#8221; z lat 70tych. Wzmacniacz ten jest ca\u0142kowicie r\u0119cznie zbudowany na bazie doskona\u0142ych komponenet\u00f3w. Jest zbudowany z u\u017cyciem tzw. &#8222;eyelette board&#8221; zamiast pcb i wszystkie po\u0142aczenia wykonywane sa metoda point to point. Monta\u017c taki cechuje du\u017ca<\/p>\n<p><a href=\"https:\/\/mgamp.com\/site\/produkty\/cso-50\/\" class=\"more-link themebutton\">Read More<\/a><\/p>\n","protected":false},"author":1,"featured_media":0,"parent":17,"menu_order":0,"comment_status":"closed","ping_status":"open","template":"","meta":{"footnotes":""},"class_list":["post-107","page","type-page","status-publish","hentry"],"yoast_head":"<!-- This site is optimized with the Yoast SEO plugin v27.4 - https:\/\/yoast.com\/product\/yoast-seo-wordpress\/ -->\n<title>CSO 50 - MG AMPLIFICATION<\/title>\n<meta name=\"robots\" content=\"index, follow, max-snippet:-1, max-image-preview:large, max-video-preview:-1\" \/>\n<link rel=\"canonical\" href=\"https:\/\/mgamp.com\/site\/produkty\/cso-50\/\" \/>\n<meta property=\"og:locale\" content=\"pl_PL\" \/>\n<meta property=\"og:type\" content=\"article\" \/>\n<meta property=\"og:title\" content=\"CSO 50 - MG AMPLIFICATION\" \/>\n<meta property=\"og:description\" content=\"Custom Special Overdrive 50 watt head Custom Special Overdrive ( CSO 50) to konstrukcja nawi\u0105zuj\u0105ca do wzmacniaczy Dumble &#8222;Overdrive Special&#8221; z lat 70tych. Wzmacniacz ten jest ca\u0142kowicie r\u0119cznie zbudowany na bazie doskona\u0142ych komponenet\u00f3w. Jest zbudowany z u\u017cyciem tzw. &#8222;eyelette board&#8221; zamiast pcb i wszystkie po\u0142aczenia wykonywane sa metoda point to point. Monta\u017c taki cechuje du\u017caRead More\" \/>\n<meta property=\"og:url\" content=\"https:\/\/mgamp.com\/site\/produkty\/cso-50\/\" \/>\n<meta property=\"og:site_name\" content=\"MG AMPLIFICATION\" \/>\n<meta property=\"article:modified_time\" content=\"2016-03-01T23:35:21+00:00\" \/>\n<meta property=\"og:image\" content=\"https:\/\/mgamp.com\/site\/wp-content\/uploads\/2015\/05\/CSO_1-Small.jpg\" \/>\n\t<meta property=\"og:image:width\" content=\"612\" \/>\n\t<meta property=\"og:image:height\" content=\"480\" \/>\n\t<meta property=\"og:image:type\" content=\"image\/jpeg\" \/>\n<meta name=\"twitter:card\" content=\"summary_large_image\" \/>\n<meta name=\"twitter:label1\" content=\"Szacowany czas czytania\" \/>\n\t<meta name=\"twitter:data1\" content=\"2 minuty\" \/>\n<script type=\"application\/ld+json\" class=\"yoast-schema-graph\">{\"@context\":\"https:\\\/\\\/schema.org\",\"@graph\":[{\"@type\":\"WebPage\",\"@id\":\"https:\\\/\\\/mgamp.com\\\/site\\\/produkty\\\/cso-50\\\/\",\"url\":\"https:\\\/\\\/mgamp.com\\\/site\\\/produkty\\\/cso-50\\\/\",\"name\":\"CSO 50 - MG AMPLIFICATION\",\"isPartOf\":{\"@id\":\"https:\\\/\\\/mgamp.com\\\/site\\\/#website\"},\"primaryImageOfPage\":{\"@id\":\"https:\\\/\\\/mgamp.com\\\/site\\\/produkty\\\/cso-50\\\/#primaryimage\"},\"image\":{\"@id\":\"https:\\\/\\\/mgamp.com\\\/site\\\/produkty\\\/cso-50\\\/#primaryimage\"},\"thumbnailUrl\":\"https:\\\/\\\/mgamp.com\\\/site\\\/wp-content\\\/uploads\\\/2015\\\/05\\\/CSO_1-Small.jpg\",\"datePublished\":\"2015-05-15T07:47:46+00:00\",\"dateModified\":\"2016-03-01T23:35:21+00:00\",\"breadcrumb\":{\"@id\":\"https:\\\/\\\/mgamp.com\\\/site\\\/produkty\\\/cso-50\\\/#breadcrumb\"},\"inLanguage\":\"pl-PL\",\"potentialAction\":[{\"@type\":\"ReadAction\",\"target\":[\"https:\\\/\\\/mgamp.com\\\/site\\\/produkty\\\/cso-50\\\/\"]}]},{\"@type\":\"ImageObject\",\"inLanguage\":\"pl-PL\",\"@id\":\"https:\\\/\\\/mgamp.com\\\/site\\\/produkty\\\/cso-50\\\/#primaryimage\",\"url\":\"https:\\\/\\\/mgamp.com\\\/site\\\/wp-content\\\/uploads\\\/2015\\\/05\\\/CSO_1-Small.jpg\",\"contentUrl\":\"https:\\\/\\\/mgamp.com\\\/site\\\/wp-content\\\/uploads\\\/2015\\\/05\\\/CSO_1-Small.jpg\",\"width\":612,\"height\":480},{\"@type\":\"BreadcrumbList\",\"@id\":\"https:\\\/\\\/mgamp.com\\\/site\\\/produkty\\\/cso-50\\\/#breadcrumb\",\"itemListElement\":[{\"@type\":\"ListItem\",\"position\":1,\"name\":\"Strona g\u0142\u00f3wna\",\"item\":\"https:\\\/\\\/mgamp.com\\\/site\\\/\"},{\"@type\":\"ListItem\",\"position\":2,\"name\":\"Wzmacniacze\",\"item\":\"https:\\\/\\\/mgamp.com\\\/site\\\/produkty\\\/\"},{\"@type\":\"ListItem\",\"position\":3,\"name\":\"CSO 50\"}]},{\"@type\":\"WebSite\",\"@id\":\"https:\\\/\\\/mgamp.com\\\/site\\\/#website\",\"url\":\"https:\\\/\\\/mgamp.com\\\/site\\\/\",\"name\":\"MG AMPLIFICATION\",\"description\":\"Gitarowe wzmacniacze lampowe\",\"potentialAction\":[{\"@type\":\"SearchAction\",\"target\":{\"@type\":\"EntryPoint\",\"urlTemplate\":\"https:\\\/\\\/mgamp.com\\\/site\\\/?s={search_term_string}\"},\"query-input\":{\"@type\":\"PropertyValueSpecification\",\"valueRequired\":true,\"valueName\":\"search_term_string\"}}],\"inLanguage\":\"pl-PL\"}]}<\/script>\n<!-- \/ Yoast SEO plugin. -->","yoast_head_json":{"title":"CSO 50 - MG AMPLIFICATION","robots":{"index":"index","follow":"follow","max-snippet":"max-snippet:-1","max-image-preview":"max-image-preview:large","max-video-preview":"max-video-preview:-1"},"canonical":"https:\/\/mgamp.com\/site\/produkty\/cso-50\/","og_locale":"pl_PL","og_type":"article","og_title":"CSO 50 - MG AMPLIFICATION","og_description":"Custom Special Overdrive 50 watt head Custom Special Overdrive ( CSO 50) to konstrukcja nawi\u0105zuj\u0105ca do wzmacniaczy Dumble &#8222;Overdrive Special&#8221; z lat 70tych. Wzmacniacz ten jest ca\u0142kowicie r\u0119cznie zbudowany na bazie doskona\u0142ych komponenet\u00f3w. Jest zbudowany z u\u017cyciem tzw. &#8222;eyelette board&#8221; zamiast pcb i wszystkie po\u0142aczenia wykonywane sa metoda point to point. Monta\u017c taki cechuje du\u017caRead More","og_url":"https:\/\/mgamp.com\/site\/produkty\/cso-50\/","og_site_name":"MG AMPLIFICATION","article_modified_time":"2016-03-01T23:35:21+00:00","og_image":[{"width":612,"height":480,"url":"https:\/\/mgamp.com\/site\/wp-content\/uploads\/2015\/05\/CSO_1-Small.jpg","type":"image\/jpeg"}],"twitter_card":"summary_large_image","twitter_misc":{"Szacowany czas czytania":"2 minuty"},"schema":{"@context":"https:\/\/schema.org","@graph":[{"@type":"WebPage","@id":"https:\/\/mgamp.com\/site\/produkty\/cso-50\/","url":"https:\/\/mgamp.com\/site\/produkty\/cso-50\/","name":"CSO 50 - MG AMPLIFICATION","isPartOf":{"@id":"https:\/\/mgamp.com\/site\/#website"},"primaryImageOfPage":{"@id":"https:\/\/mgamp.com\/site\/produkty\/cso-50\/#primaryimage"},"image":{"@id":"https:\/\/mgamp.com\/site\/produkty\/cso-50\/#primaryimage"},"thumbnailUrl":"https:\/\/mgamp.com\/site\/wp-content\/uploads\/2015\/05\/CSO_1-Small.jpg","datePublished":"2015-05-15T07:47:46+00:00","dateModified":"2016-03-01T23:35:21+00:00","breadcrumb":{"@id":"https:\/\/mgamp.com\/site\/produkty\/cso-50\/#breadcrumb"},"inLanguage":"pl-PL","potentialAction":[{"@type":"ReadAction","target":["https:\/\/mgamp.com\/site\/produkty\/cso-50\/"]}]},{"@type":"ImageObject","inLanguage":"pl-PL","@id":"https:\/\/mgamp.com\/site\/produkty\/cso-50\/#primaryimage","url":"https:\/\/mgamp.com\/site\/wp-content\/uploads\/2015\/05\/CSO_1-Small.jpg","contentUrl":"https:\/\/mgamp.com\/site\/wp-content\/uploads\/2015\/05\/CSO_1-Small.jpg","width":612,"height":480},{"@type":"BreadcrumbList","@id":"https:\/\/mgamp.com\/site\/produkty\/cso-50\/#breadcrumb","itemListElement":[{"@type":"ListItem","position":1,"name":"Strona g\u0142\u00f3wna","item":"https:\/\/mgamp.com\/site\/"},{"@type":"ListItem","position":2,"name":"Wzmacniacze","item":"https:\/\/mgamp.com\/site\/produkty\/"},{"@type":"ListItem","position":3,"name":"CSO 50"}]},{"@type":"WebSite","@id":"https:\/\/mgamp.com\/site\/#website","url":"https:\/\/mgamp.com\/site\/","name":"MG AMPLIFICATION","description":"Gitarowe wzmacniacze lampowe","potentialAction":[{"@type":"SearchAction","target":{"@type":"EntryPoint","urlTemplate":"https:\/\/mgamp.com\/site\/?s={search_term_string}"},"query-input":{"@type":"PropertyValueSpecification","valueRequired":true,"valueName":"search_term_string"}}],"inLanguage":"pl-PL"}]}},"_links":{"self":[{"href":"https:\/\/mgamp.com\/site\/wp-json\/wp\/v2\/pages\/107","targetHints":{"allow":["GET"]}}],"collection":[{"href":"https:\/\/mgamp.com\/site\/wp-json\/wp\/v2\/pages"}],"about":[{"href":"https:\/\/mgamp.com\/site\/wp-json\/wp\/v2\/types\/page"}],"author":[{"embeddable":true,"href":"https:\/\/mgamp.com\/site\/wp-json\/wp\/v2\/users\/1"}],"replies":[{"embeddable":true,"href":"https:\/\/mgamp.com\/site\/wp-json\/wp\/v2\/comments?post=107"}],"version-history":[{"count":21,"href":"https:\/\/mgamp.com\/site\/wp-json\/wp\/v2\/pages\/107\/revisions"}],"predecessor-version":[{"id":614,"href":"https:\/\/mgamp.com\/site\/wp-json\/wp\/v2\/pages\/107\/revisions\/614"}],"up":[{"embeddable":true,"href":"https:\/\/mgamp.com\/site\/wp-json\/wp\/v2\/pages\/17"}],"wp:attachment":[{"href":"https:\/\/mgamp.com\/site\/wp-json\/wp\/v2\/media?parent=107"}],"curies":[{"name":"wp","href":"https:\/\/api.w.org\/{rel}","templated":true}]}}