{"id":101,"date":"2015-05-15T07:44:26","date_gmt":"2015-05-15T07:44:26","guid":{"rendered":"https:\/\/mgamp.com\/site\/?page_id=101"},"modified":"2018-03-25T15:55:30","modified_gmt":"2018-03-25T15:55:30","slug":"vintage","status":"publish","type":"page","link":"https:\/\/mgamp.com\/site\/produkty\/vintage\/","title":{"rendered":"Vintage"},"content":{"rendered":"<h2>Vintage amplifier<\/h2>\n<p><a href=\"https:\/\/mgamp.com\/site\/wp-content\/uploads\/2015\/05\/vintage_head-Small.jpg\"><img loading=\"lazy\" decoding=\"async\" class=\"alignright wp-image-222 size-full\" src=\"https:\/\/mgamp.com\/site\/wp-content\/uploads\/2015\/05\/vintage_head-Small.jpg\" alt=\"Vintage\" width=\"640\" height=\"349\" srcset=\"https:\/\/mgamp.com\/site\/wp-content\/uploads\/2015\/05\/vintage_head-Small.jpg 640w, https:\/\/mgamp.com\/site\/wp-content\/uploads\/2015\/05\/vintage_head-Small-600x327.jpg 600w, https:\/\/mgamp.com\/site\/wp-content\/uploads\/2015\/05\/vintage_head-Small-300x164.jpg 300w\" sizes=\"auto, (max-width: 640px) 100vw, 640px\" \/><\/a>Vintage to wzmacniacz zbudowany z mysl\u0105 o gitarzystach preferuj\u0105cych fenderowski czysty kana\u0142 w po\u0142\u0105czeniu z brytyjsko brzmi\u0105cym kana\u0142em przesterowanym. Daje to du\u017ce mo\u017cliwo\u015bci brzmieniowe<br \/>\ni pozwala na uzyskanie zadowalaj\u0105cych efekt\u00f3w bez konieczno\u015bci posiadania 2 \u00a0klasycznych wzmacniaczy. Konstrukcja pozwala na uzyskanie brzmie\u0144 tradycyjnych ( prze\u0142.- VINTAGE) ale nie zapomnieli\u015bmy tez o dodaniu do niego nowocze\u015bniejszych brzmie\u0144 ( prze\u0142.-MODERN), a dodatkowy prze\u0142acznik BOOST w kanale przesterowanym podwaja czu\u0142o\u015b\u0107 tego kana\u0142u daj\u0105c pot\u0119\u017cne high-gainowe brzmienie z ogromnym nasyceniem parzystymi harmonicznymi i selektywnym dobrze kontrolowanym niskim pasmem.<br \/>\nNa tym wzmacniaczu zagrasz jazz, blues ,rock ,metal bez \u017cadnych dopalaczy czy kompresor\u00f3w, po prostu:&#8221; gitara, przew\u00f3d ,kolumna&#8221;!!!<br \/>\nWzmacniacz o konstrukcji 2 kana\u0142owej z zastosowaniem osobnej korekcji dla ka\u017cdego z kana\u0142\u00f3w. Przedwzmacniacz zbudowany jest w oparciu o 4 lampy 12AX7(ECC83).<br \/>\nDriver (inverter) ko\u0144c\u00f3wki mocy wykorzystuje 1 lamp\u0119 12AX7,a ko\u0144c\u00f3wka moze pracowa\u0107 zar\u00f3wno na lampach 6L6(5881) jak r\u00f3wnie\u017c z powodzeniem mo\u017cna zastosowa\u0107 EL34.W zale\u017cno\u015bci od mocy wzmacniacza w ko\u0144c\u00f3wce pracuj\u0105 2 lampy mocy (50WATT) lub 4 lampy(100Watt).<br \/>\nWzmacniacz mo\u017ce by\u0107 r\u00f3wnie\u017c wykonany w wersji stereo oznaczonej jako 2X50 co oznacza dwie osobne ko\u0144c\u00f3wki mocy po 50wat\u00f3w ka\u017cda.Praca w trybie stereo pozwala na zastosowanie efekt\u00f3w przestrzennych w stereo co umo\u017cliwia p\u0119tla efekt\u00f3w posiadaj\u0105ca 2 wej\u015bcia return.<br \/>\nWzmacniacz mo\u017cna r\u00f3wnie\u017c wyposa\u017cy\u0107 w interface MIDI co pozwala na zmian\u0119 kana\u0142\u00f3w ,wy\u0142aczanie p\u0119tli efekt\u00f3w, podbicia SOLO ,w\u0142aczania pog\u0142osu za pomoc\u0105 dowolnego sterownika MIDI.<\/p>\n<p>&nbsp;<\/p>\n<h1><em>Specyfikacja:<\/em><\/h1>\n<ul>\n<li>Dost\u0119pne warianty: Head ,Combo 1&#215;12&#8243;,Combo 2&#215;12&#8243;<\/li>\n<li>Lampy:5x ECC83JJ &amp; 2x 6L6GC JJ-50W lub 4x 6L6GC JJ-100W(w opcji EL34)<\/li>\n<li>Ceramiczne podstawki lamp<\/li>\n<li>Moc: 50Watt lub 100Watt R.M.S. .Moc w wersji STEREO 2&#215;50: 2x 50WATT R.M.S.<\/li>\n<li>Ko\u0144c\u00f3wka mocy:push-pull ,klasa AB,sta\u0142a polaryzacja siatek<\/li>\n<li>prze\u0142\u0105cznik PENTODA\/TRIODA<\/li>\n<li>prze\u0142acznik MODERN\/VINTAGE<\/li>\n<li>Wej\u015bcie gitarowe JACK(6,3mm)<\/li>\n<li>P\u0119tla efekt\u00f3w:szeregowa z regulacj\u0105 send i return<\/li>\n<li>Wyj\u015bcia g\u0142o\u015bnikowe:2xJack( 6,3mm); Prze\u0142acznik 4,8,16 OHM<\/li>\n<li>Wyj\u015bcie liniowe (0dB)<\/li>\n<li>Wyj\u015bcie FOOSWITCH<\/li>\n<li>Przedwzmacniacz: 2 kana\u0142y(LEAD,CLEAN)<\/li>\n<li>LEAD: 3 punktowe EQ,GAIN,VOLUME , prze\u0142acznik BOOST<\/li>\n<li>CLEAN: 3 punktowe EQ,GAIN,VOLUME ,prze\u0142acznik CRUNCH<\/li>\n<li>Regulacja MASTER (dla wszystkich kana\u0142\u00f3w)<\/li>\n<li>Regulacja PRESENCE<\/li>\n<li>Opcje dodatkowe:\u00a0regulacja SOLO (dla wszystkich kana\u0142\u00f3w) za\u0142\u0105czana footswitchem ,REVERB:Accutronnics (8EB2C1B),prostownik lampowy 5U4G lub GZ 34<\/li>\n<li>Prze\u0142\u0105cznik no\u017cny CHANNEL,BOOST (opcjonalnie :Channel,FX bypas,Reverb,Solo)<\/li>\n<li>Terminale BIAS TEST do regulacji biasu lamp ko\u0144c\u00f3wki mocy<\/li>\n<li>Wymiary:d\u0142ugo\u015b\u0107-666mm ,g\u0142\u0119boko\u015b\u0107-232mm,wysoko\u015b\u0107-250mm<\/li>\n<li>Waga: head- 17,5kg -50Watt , 20kg -100Watt, combo zale\u017cnie od g\u0142osnik\u00f3w.<\/li>\n<li>dost\u0119pne kolory obicia: czarny, czerwony ,bordo ,niebieski ,kremowy ,br\u0105zowy<\/li>\n<\/ul>\n<p><strong>\u00a0Sample MP3:<\/strong><\/p>\n<!--[if lt IE 9]><script>document.createElement('audio');<\/script><![endif]-->\n\t<div class=\"wp-playlist wp-audio-playlist wp-playlist-light\">\n\t\t\t<div class=\"wp-playlist-current-item\"><\/div>\n\t\t<audio controls=\"controls\" preload=\"none\" width=\"1148\"\n\t\t\t><\/audio>\n\t<div class=\"wp-playlist-next\"><\/div>\n\t<div class=\"wp-playlist-prev\"><\/div>\n\t<noscript>\n\t<ol>\n\t\t<li><a href='https:\/\/mgamp.com\/site\/wp-content\/uploads\/2015\/05\/vintage_clean-funk-tele.mp3'>vintage_clean funk tele<\/a><\/li><li><a href='https:\/\/mgamp.com\/site\/wp-content\/uploads\/2015\/05\/vintage_drive-boost-na-gibsonie.mp3'>vintage_drive boost na gibsonie<\/a><\/li><li><a href='https:\/\/mgamp.com\/site\/wp-content\/uploads\/2015\/05\/vintage_clean-piezzo.mp3'>vintage_clean piezzo<\/a><\/li><li><a href='https:\/\/mgamp.com\/site\/wp-content\/uploads\/2015\/05\/vintage_clean-gibson-jazz.mp3'>vintage_clean gibson jazz<\/a><\/li><li><a href='https:\/\/mgamp.com\/site\/wp-content\/uploads\/2015\/05\/vintage_drive-i-boost-gibson.mp3'>vintage_drive i boost gibson<\/a><\/li><li><a href='https:\/\/mgamp.com\/site\/wp-content\/uploads\/2015\/05\/vintage_lead-drive-and-tele.mp3'>vintage_lead drive  and tele<\/a><\/li><li><a href='https:\/\/mgamp.com\/site\/wp-content\/uploads\/2015\/05\/vintage_Lead-Boost5_tele.mp3'>Lead + Boost5<\/a><\/li><li><a href='https:\/\/mgamp.com\/site\/wp-content\/uploads\/2015\/05\/vintage_Clean_mm.mp3'>Clean<\/a><\/li><li><a href='https:\/\/mgamp.com\/site\/wp-content\/uploads\/2015\/05\/vintage_Lead-Boost-MusicMan-D-Sonic-1.mp3'>Lead + Boost MusicMan (D-Sonic)<\/a><\/li><li><a href='https:\/\/mgamp.com\/site\/wp-content\/uploads\/2015\/05\/vintage_rock1_tele.mp3'>rock<\/a><\/li>\t<\/ol>\n\t<\/noscript>\n\t<script type=\"application\/json\" class=\"wp-playlist-script\">{\"type\":\"audio\",\"tracklist\":true,\"tracknumbers\":true,\"images\":true,\"artists\":true,\"tracks\":[{\"src\":\"https:\\\/\\\/mgamp.com\\\/site\\\/wp-content\\\/uploads\\\/2015\\\/05\\\/vintage_clean-funk-tele.mp3\",\"type\":\"audio\\\/mpeg\",\"title\":\"vintage_clean funk tele\",\"caption\":\"\",\"description\":\"\\\"vintage_clean funk tele\\\". Gatunek: Blues.\",\"meta\":{\"genre\":\"Blues\",\"length_formatted\":\"0:25\"},\"image\":{\"src\":\"https:\\\/\\\/mgamp.com\\\/site\\\/wp-includes\\\/images\\\/media\\\/audio.svg\",\"width\":48,\"height\":64},\"thumb\":{\"src\":\"https:\\\/\\\/mgamp.com\\\/site\\\/wp-includes\\\/images\\\/media\\\/audio.svg\",\"width\":48,\"height\":64}},{\"src\":\"https:\\\/\\\/mgamp.com\\\/site\\\/wp-content\\\/uploads\\\/2015\\\/05\\\/vintage_drive-boost-na-gibsonie.mp3\",\"type\":\"audio\\\/mpeg\",\"title\":\"vintage_drive boost na gibsonie\",\"caption\":\"\",\"description\":\"\\\"vintage_drive boost na gibsonie\\\". Gatunek: Blues.\",\"meta\":{\"genre\":\"Blues\",\"length_formatted\":\"0:28\"},\"image\":{\"src\":\"https:\\\/\\\/mgamp.com\\\/site\\\/wp-includes\\\/images\\\/media\\\/audio.svg\",\"width\":48,\"height\":64},\"thumb\":{\"src\":\"https:\\\/\\\/mgamp.com\\\/site\\\/wp-includes\\\/images\\\/media\\\/audio.svg\",\"width\":48,\"height\":64}},{\"src\":\"https:\\\/\\\/mgamp.com\\\/site\\\/wp-content\\\/uploads\\\/2015\\\/05\\\/vintage_clean-piezzo.mp3\",\"type\":\"audio\\\/mpeg\",\"title\":\"vintage_clean piezzo\",\"caption\":\"\",\"description\":\"\\\"vintage_clean piezzo\\\". Gatunek: Blues.\",\"meta\":{\"genre\":\"Blues\",\"length_formatted\":\"0:25\"},\"image\":{\"src\":\"https:\\\/\\\/mgamp.com\\\/site\\\/wp-includes\\\/images\\\/media\\\/audio.svg\",\"width\":48,\"height\":64},\"thumb\":{\"src\":\"https:\\\/\\\/mgamp.com\\\/site\\\/wp-includes\\\/images\\\/media\\\/audio.svg\",\"width\":48,\"height\":64}},{\"src\":\"https:\\\/\\\/mgamp.com\\\/site\\\/wp-content\\\/uploads\\\/2015\\\/05\\\/vintage_clean-gibson-jazz.mp3\",\"type\":\"audio\\\/mpeg\",\"title\":\"vintage_clean gibson jazz\",\"caption\":\"\",\"description\":\"\\\"vintage_clean gibson jazz\\\". Gatunek: Blues.\",\"meta\":{\"genre\":\"Blues\",\"length_formatted\":\"0:22\"},\"image\":{\"src\":\"https:\\\/\\\/mgamp.com\\\/site\\\/wp-includes\\\/images\\\/media\\\/audio.svg\",\"width\":48,\"height\":64},\"thumb\":{\"src\":\"https:\\\/\\\/mgamp.com\\\/site\\\/wp-includes\\\/images\\\/media\\\/audio.svg\",\"width\":48,\"height\":64}},{\"src\":\"https:\\\/\\\/mgamp.com\\\/site\\\/wp-content\\\/uploads\\\/2015\\\/05\\\/vintage_drive-i-boost-gibson.mp3\",\"type\":\"audio\\\/mpeg\",\"title\":\"vintage_drive i boost gibson\",\"caption\":\"\",\"description\":\"\\\"vintage_drive i boost gibson\\\". Gatunek: Blues.\",\"meta\":{\"genre\":\"Blues\",\"length_formatted\":\"0:28\"},\"image\":{\"src\":\"https:\\\/\\\/mgamp.com\\\/site\\\/wp-includes\\\/images\\\/media\\\/audio.svg\",\"width\":48,\"height\":64},\"thumb\":{\"src\":\"https:\\\/\\\/mgamp.com\\\/site\\\/wp-includes\\\/images\\\/media\\\/audio.svg\",\"width\":48,\"height\":64}},{\"src\":\"https:\\\/\\\/mgamp.com\\\/site\\\/wp-content\\\/uploads\\\/2015\\\/05\\\/vintage_lead-drive-and-tele.mp3\",\"type\":\"audio\\\/mpeg\",\"title\":\"vintage_lead drive  and tele\",\"caption\":\"\",\"description\":\"\\\"vintage_lead drive  and tele\\\". Gatunek: Blues.\",\"meta\":{\"genre\":\"Blues\",\"length_formatted\":\"0:23\"},\"image\":{\"src\":\"https:\\\/\\\/mgamp.com\\\/site\\\/wp-includes\\\/images\\\/media\\\/audio.svg\",\"width\":48,\"height\":64},\"thumb\":{\"src\":\"https:\\\/\\\/mgamp.com\\\/site\\\/wp-includes\\\/images\\\/media\\\/audio.svg\",\"width\":48,\"height\":64}},{\"src\":\"https:\\\/\\\/mgamp.com\\\/site\\\/wp-content\\\/uploads\\\/2015\\\/05\\\/vintage_Lead-Boost5_tele.mp3\",\"type\":\"audio\\\/mpeg\",\"title\":\"Lead + Boost5\",\"caption\":\"\",\"description\":\"\\\"Lead + Boost5\\\" autor: Micha\\u00b3 Wala. Rok wydania: 2010. Utw\\u00f3r 0 z 1. Gatunek: Rock.\",\"meta\":{\"artist\":\"Micha\\u00b3 Wala\",\"genre\":\"Rock\",\"year\":\"2010\",\"length_formatted\":\"0:07\"},\"image\":{\"src\":\"https:\\\/\\\/mgamp.com\\\/site\\\/wp-includes\\\/images\\\/media\\\/audio.svg\",\"width\":48,\"height\":64},\"thumb\":{\"src\":\"https:\\\/\\\/mgamp.com\\\/site\\\/wp-includes\\\/images\\\/media\\\/audio.svg\",\"width\":48,\"height\":64}},{\"src\":\"https:\\\/\\\/mgamp.com\\\/site\\\/wp-content\\\/uploads\\\/2015\\\/05\\\/vintage_Clean_mm.mp3\",\"type\":\"audio\\\/mpeg\",\"title\":\"Clean\",\"caption\":\"\",\"description\":\"\\\"Clean\\\" autor: Micha\\u00b3 Wala. Rok wydania: 2010. Utw\\u00f3r 0 z 1. Gatunek: Rock.\",\"meta\":{\"artist\":\"Micha\\u00b3 Wala\",\"genre\":\"Rock\",\"year\":\"2010\",\"length_formatted\":\"0:32\"},\"image\":{\"src\":\"https:\\\/\\\/mgamp.com\\\/site\\\/wp-includes\\\/images\\\/media\\\/audio.svg\",\"width\":48,\"height\":64},\"thumb\":{\"src\":\"https:\\\/\\\/mgamp.com\\\/site\\\/wp-includes\\\/images\\\/media\\\/audio.svg\",\"width\":48,\"height\":64}},{\"src\":\"https:\\\/\\\/mgamp.com\\\/site\\\/wp-content\\\/uploads\\\/2015\\\/05\\\/vintage_Lead-Boost-MusicMan-D-Sonic-1.mp3\",\"type\":\"audio\\\/mpeg\",\"title\":\"Lead + Boost MusicMan (D-Sonic)\",\"caption\":\"\",\"description\":\"\\\"Lead + Boost MusicMan (D-Sonic)\\\" autor: Micha\\u00b3 Wala. Rok wydania: 2010. Utw\\u00f3r 0 z 1. Gatunek: Rock.\",\"meta\":{\"artist\":\"Micha\\u00b3 Wala\",\"genre\":\"Rock\",\"year\":\"2010\",\"length_formatted\":\"0:22\"},\"image\":{\"src\":\"https:\\\/\\\/mgamp.com\\\/site\\\/wp-includes\\\/images\\\/media\\\/audio.svg\",\"width\":48,\"height\":64},\"thumb\":{\"src\":\"https:\\\/\\\/mgamp.com\\\/site\\\/wp-includes\\\/images\\\/media\\\/audio.svg\",\"width\":48,\"height\":64}},{\"src\":\"https:\\\/\\\/mgamp.com\\\/site\\\/wp-content\\\/uploads\\\/2015\\\/05\\\/vintage_rock1_tele.mp3\",\"type\":\"audio\\\/mpeg\",\"title\":\"rock\",\"caption\":\"\",\"description\":\"\\\"rock\\\" autor: Micha\\u00b3 Wala. Rok wydania: 2010. Utw\\u00f3r 0 z 1. Gatunek: Rock.\",\"meta\":{\"artist\":\"Micha\\u00b3 Wala\",\"genre\":\"Rock\",\"year\":\"2010\",\"length_formatted\":\"0:40\"},\"image\":{\"src\":\"https:\\\/\\\/mgamp.com\\\/site\\\/wp-includes\\\/images\\\/media\\\/audio.svg\",\"width\":48,\"height\":64},\"thumb\":{\"src\":\"https:\\\/\\\/mgamp.com\\\/site\\\/wp-includes\\\/images\\\/media\\\/audio.svg\",\"width\":48,\"height\":64}}]}<\/script>\n<\/div>\n\t\n","protected":false},"excerpt":{"rendered":"<p>Vintage amplifier Vintage to wzmacniacz zbudowany z mysl\u0105 o gitarzystach preferuj\u0105cych fenderowski czysty kana\u0142 w po\u0142\u0105czeniu z brytyjsko brzmi\u0105cym kana\u0142em przesterowanym. Daje to du\u017ce mo\u017cliwo\u015bci brzmieniowe i pozwala na uzyskanie zadowalaj\u0105cych efekt\u00f3w bez konieczno\u015bci posiadania 2 \u00a0klasycznych wzmacniaczy. Konstrukcja pozwala na uzyskanie brzmie\u0144 tradycyjnych ( prze\u0142.- VINTAGE) ale nie zapomnieli\u015bmy tez o dodaniu do niego<\/p>\n<p><a href=\"https:\/\/mgamp.com\/site\/produkty\/vintage\/\" class=\"more-link themebutton\">Read More<\/a><\/p>\n","protected":false},"author":1,"featured_media":0,"parent":17,"menu_order":0,"comment_status":"closed","ping_status":"open","template":"","meta":{"footnotes":""},"class_list":["post-101","page","type-page","status-publish","hentry"],"yoast_head":"<!-- This site is optimized with the Yoast SEO plugin v27.4 - https:\/\/yoast.com\/product\/yoast-seo-wordpress\/ -->\n<title>Vintage - MG AMPLIFICATION<\/title>\n<meta name=\"robots\" content=\"index, follow, max-snippet:-1, max-image-preview:large, max-video-preview:-1\" \/>\n<link rel=\"canonical\" href=\"https:\/\/mgamp.com\/site\/produkty\/vintage\/\" \/>\n<meta property=\"og:locale\" content=\"pl_PL\" \/>\n<meta property=\"og:type\" content=\"article\" \/>\n<meta property=\"og:title\" content=\"Vintage - MG AMPLIFICATION\" \/>\n<meta property=\"og:description\" content=\"Vintage amplifier Vintage to wzmacniacz zbudowany z mysl\u0105 o gitarzystach preferuj\u0105cych fenderowski czysty kana\u0142 w po\u0142\u0105czeniu z brytyjsko brzmi\u0105cym kana\u0142em przesterowanym. Daje to du\u017ce mo\u017cliwo\u015bci brzmieniowe i pozwala na uzyskanie zadowalaj\u0105cych efekt\u00f3w bez konieczno\u015bci posiadania 2 \u00a0klasycznych wzmacniaczy. Konstrukcja pozwala na uzyskanie brzmie\u0144 tradycyjnych ( prze\u0142.- VINTAGE) ale nie zapomnieli\u015bmy tez o dodaniu do niegoRead More\" \/>\n<meta property=\"og:url\" content=\"https:\/\/mgamp.com\/site\/produkty\/vintage\/\" \/>\n<meta property=\"og:site_name\" content=\"MG AMPLIFICATION\" \/>\n<meta property=\"article:modified_time\" content=\"2018-03-25T15:55:30+00:00\" \/>\n<meta property=\"og:image\" content=\"https:\/\/mgamp.com\/site\/wp-content\/uploads\/2015\/05\/vintage_head-Small.jpg\" \/>\n\t<meta property=\"og:image:width\" content=\"640\" \/>\n\t<meta property=\"og:image:height\" content=\"349\" \/>\n\t<meta property=\"og:image:type\" content=\"image\/jpeg\" \/>\n<meta name=\"twitter:card\" content=\"summary_large_image\" \/>\n<meta name=\"twitter:label1\" content=\"Szacowany czas czytania\" \/>\n\t<meta name=\"twitter:data1\" content=\"2 minuty\" \/>\n<script type=\"application\/ld+json\" class=\"yoast-schema-graph\">{\"@context\":\"https:\\\/\\\/schema.org\",\"@graph\":[{\"@type\":\"WebPage\",\"@id\":\"https:\\\/\\\/mgamp.com\\\/site\\\/produkty\\\/vintage\\\/\",\"url\":\"https:\\\/\\\/mgamp.com\\\/site\\\/produkty\\\/vintage\\\/\",\"name\":\"Vintage - MG AMPLIFICATION\",\"isPartOf\":{\"@id\":\"https:\\\/\\\/mgamp.com\\\/site\\\/#website\"},\"primaryImageOfPage\":{\"@id\":\"https:\\\/\\\/mgamp.com\\\/site\\\/produkty\\\/vintage\\\/#primaryimage\"},\"image\":{\"@id\":\"https:\\\/\\\/mgamp.com\\\/site\\\/produkty\\\/vintage\\\/#primaryimage\"},\"thumbnailUrl\":\"https:\\\/\\\/mgamp.com\\\/site\\\/wp-content\\\/uploads\\\/2015\\\/05\\\/vintage_head-Small.jpg\",\"datePublished\":\"2015-05-15T07:44:26+00:00\",\"dateModified\":\"2018-03-25T15:55:30+00:00\",\"breadcrumb\":{\"@id\":\"https:\\\/\\\/mgamp.com\\\/site\\\/produkty\\\/vintage\\\/#breadcrumb\"},\"inLanguage\":\"pl-PL\",\"potentialAction\":[{\"@type\":\"ReadAction\",\"target\":[\"https:\\\/\\\/mgamp.com\\\/site\\\/produkty\\\/vintage\\\/\"]}]},{\"@type\":\"ImageObject\",\"inLanguage\":\"pl-PL\",\"@id\":\"https:\\\/\\\/mgamp.com\\\/site\\\/produkty\\\/vintage\\\/#primaryimage\",\"url\":\"https:\\\/\\\/mgamp.com\\\/site\\\/wp-content\\\/uploads\\\/2015\\\/05\\\/vintage_head-Small.jpg\",\"contentUrl\":\"https:\\\/\\\/mgamp.com\\\/site\\\/wp-content\\\/uploads\\\/2015\\\/05\\\/vintage_head-Small.jpg\",\"width\":640,\"height\":349},{\"@type\":\"BreadcrumbList\",\"@id\":\"https:\\\/\\\/mgamp.com\\\/site\\\/produkty\\\/vintage\\\/#breadcrumb\",\"itemListElement\":[{\"@type\":\"ListItem\",\"position\":1,\"name\":\"Strona g\u0142\u00f3wna\",\"item\":\"https:\\\/\\\/mgamp.com\\\/site\\\/\"},{\"@type\":\"ListItem\",\"position\":2,\"name\":\"Wzmacniacze\",\"item\":\"https:\\\/\\\/mgamp.com\\\/site\\\/produkty\\\/\"},{\"@type\":\"ListItem\",\"position\":3,\"name\":\"Vintage\"}]},{\"@type\":\"WebSite\",\"@id\":\"https:\\\/\\\/mgamp.com\\\/site\\\/#website\",\"url\":\"https:\\\/\\\/mgamp.com\\\/site\\\/\",\"name\":\"MG AMPLIFICATION\",\"description\":\"Gitarowe wzmacniacze lampowe\",\"potentialAction\":[{\"@type\":\"SearchAction\",\"target\":{\"@type\":\"EntryPoint\",\"urlTemplate\":\"https:\\\/\\\/mgamp.com\\\/site\\\/?s={search_term_string}\"},\"query-input\":{\"@type\":\"PropertyValueSpecification\",\"valueRequired\":true,\"valueName\":\"search_term_string\"}}],\"inLanguage\":\"pl-PL\"}]}<\/script>\n<!-- \/ Yoast SEO plugin. -->","yoast_head_json":{"title":"Vintage - MG AMPLIFICATION","robots":{"index":"index","follow":"follow","max-snippet":"max-snippet:-1","max-image-preview":"max-image-preview:large","max-video-preview":"max-video-preview:-1"},"canonical":"https:\/\/mgamp.com\/site\/produkty\/vintage\/","og_locale":"pl_PL","og_type":"article","og_title":"Vintage - MG AMPLIFICATION","og_description":"Vintage amplifier Vintage to wzmacniacz zbudowany z mysl\u0105 o gitarzystach preferuj\u0105cych fenderowski czysty kana\u0142 w po\u0142\u0105czeniu z brytyjsko brzmi\u0105cym kana\u0142em przesterowanym. Daje to du\u017ce mo\u017cliwo\u015bci brzmieniowe i pozwala na uzyskanie zadowalaj\u0105cych efekt\u00f3w bez konieczno\u015bci posiadania 2 \u00a0klasycznych wzmacniaczy. Konstrukcja pozwala na uzyskanie brzmie\u0144 tradycyjnych ( prze\u0142.- VINTAGE) ale nie zapomnieli\u015bmy tez o dodaniu do niegoRead More","og_url":"https:\/\/mgamp.com\/site\/produkty\/vintage\/","og_site_name":"MG AMPLIFICATION","article_modified_time":"2018-03-25T15:55:30+00:00","og_image":[{"width":640,"height":349,"url":"https:\/\/mgamp.com\/site\/wp-content\/uploads\/2015\/05\/vintage_head-Small.jpg","type":"image\/jpeg"}],"twitter_card":"summary_large_image","twitter_misc":{"Szacowany czas czytania":"2 minuty"},"schema":{"@context":"https:\/\/schema.org","@graph":[{"@type":"WebPage","@id":"https:\/\/mgamp.com\/site\/produkty\/vintage\/","url":"https:\/\/mgamp.com\/site\/produkty\/vintage\/","name":"Vintage - MG AMPLIFICATION","isPartOf":{"@id":"https:\/\/mgamp.com\/site\/#website"},"primaryImageOfPage":{"@id":"https:\/\/mgamp.com\/site\/produkty\/vintage\/#primaryimage"},"image":{"@id":"https:\/\/mgamp.com\/site\/produkty\/vintage\/#primaryimage"},"thumbnailUrl":"https:\/\/mgamp.com\/site\/wp-content\/uploads\/2015\/05\/vintage_head-Small.jpg","datePublished":"2015-05-15T07:44:26+00:00","dateModified":"2018-03-25T15:55:30+00:00","breadcrumb":{"@id":"https:\/\/mgamp.com\/site\/produkty\/vintage\/#breadcrumb"},"inLanguage":"pl-PL","potentialAction":[{"@type":"ReadAction","target":["https:\/\/mgamp.com\/site\/produkty\/vintage\/"]}]},{"@type":"ImageObject","inLanguage":"pl-PL","@id":"https:\/\/mgamp.com\/site\/produkty\/vintage\/#primaryimage","url":"https:\/\/mgamp.com\/site\/wp-content\/uploads\/2015\/05\/vintage_head-Small.jpg","contentUrl":"https:\/\/mgamp.com\/site\/wp-content\/uploads\/2015\/05\/vintage_head-Small.jpg","width":640,"height":349},{"@type":"BreadcrumbList","@id":"https:\/\/mgamp.com\/site\/produkty\/vintage\/#breadcrumb","itemListElement":[{"@type":"ListItem","position":1,"name":"Strona g\u0142\u00f3wna","item":"https:\/\/mgamp.com\/site\/"},{"@type":"ListItem","position":2,"name":"Wzmacniacze","item":"https:\/\/mgamp.com\/site\/produkty\/"},{"@type":"ListItem","position":3,"name":"Vintage"}]},{"@type":"WebSite","@id":"https:\/\/mgamp.com\/site\/#website","url":"https:\/\/mgamp.com\/site\/","name":"MG AMPLIFICATION","description":"Gitarowe wzmacniacze lampowe","potentialAction":[{"@type":"SearchAction","target":{"@type":"EntryPoint","urlTemplate":"https:\/\/mgamp.com\/site\/?s={search_term_string}"},"query-input":{"@type":"PropertyValueSpecification","valueRequired":true,"valueName":"search_term_string"}}],"inLanguage":"pl-PL"}]}},"_links":{"self":[{"href":"https:\/\/mgamp.com\/site\/wp-json\/wp\/v2\/pages\/101","targetHints":{"allow":["GET"]}}],"collection":[{"href":"https:\/\/mgamp.com\/site\/wp-json\/wp\/v2\/pages"}],"about":[{"href":"https:\/\/mgamp.com\/site\/wp-json\/wp\/v2\/types\/page"}],"author":[{"embeddable":true,"href":"https:\/\/mgamp.com\/site\/wp-json\/wp\/v2\/users\/1"}],"replies":[{"embeddable":true,"href":"https:\/\/mgamp.com\/site\/wp-json\/wp\/v2\/comments?post=101"}],"version-history":[{"count":5,"href":"https:\/\/mgamp.com\/site\/wp-json\/wp\/v2\/pages\/101\/revisions"}],"predecessor-version":[{"id":510,"href":"https:\/\/mgamp.com\/site\/wp-json\/wp\/v2\/pages\/101\/revisions\/510"}],"up":[{"embeddable":true,"href":"https:\/\/mgamp.com\/site\/wp-json\/wp\/v2\/pages\/17"}],"wp:attachment":[{"href":"https:\/\/mgamp.com\/site\/wp-json\/wp\/v2\/media?parent=101"}],"curies":[{"name":"wp","href":"https:\/\/api.w.org\/{rel}","templated":true}]}}